{"id":543,"date":"2017-01-20T19:55:50","date_gmt":"2017-01-20T17:55:50","guid":{"rendered":"https:\/\/www.footclubs.be\/scchelsea\/?page_id=543"},"modified":"2020-07-03T09:23:48","modified_gmt":"2020-07-03T07:23:48","slug":"store","status":"publish","type":"page","link":"https:\/\/www.footclubs.be\/scchelsea\/store\/","title":{"rendered":"Boutique"},"content":{"rendered":"<p>Bienvenue dans notre boutique du club ! (*)<\/p>\n<p>Pour vous \u00e9quiper avec le mat\u00e9riel que nous vous proposons, il suffit de s\u00e9lectionner les articles en cliquant sur le symbole \u00ab\u00a0+\u00a0\u00bb. Ceux-ci s&rsquo;ajouteront au panier en bas de page. Compl\u00e9tez ensuite le formulaire d&rsquo;envoi de la commande. Nous prendrons contact avec vous d\u00e8s r\u00e9ception de celle-ci.<\/p>\n<p><em>(*) Cette boutique est factice et n&rsquo;a qu&rsquo;un objectif de d\u00e9monstration.<\/em><\/p>\n","protected":false},"excerpt":{"rendered":"<p>Bienvenue dans notre boutique du club ! (*) Pour vous \u00e9quiper avec le mat\u00e9riel que nous vous proposons, il suffit de s\u00e9lectionner les articles en cliquant sur le symbole \u00ab\u00a0+\u00a0\u00bb. Ceux-ci s&rsquo;ajouteront au panier en bas de page. Compl\u00e9tez ensuite le formulaire d&rsquo;envoi de la commande. Nous prendrons contact avec vous d\u00e8s r\u00e9ception de celle-ci. [&hellip;]<\/p>\n","protected":false},"author":49,"featured_media":0,"parent":0,"menu_order":0,"comment_status":"closed","ping_status":"closed","template":"","meta":{"footnotes":""},"class_list":["post-543","page","type-page","status-publish","hentry"],"_links":{"self":[{"href":"https:\/\/www.footclubs.be\/scchelsea\/wp-json\/wp\/v2\/pages\/543","targetHints":{"allow":["GET"]}}],"collection":[{"href":"https:\/\/www.footclubs.be\/scchelsea\/wp-json\/wp\/v2\/pages"}],"about":[{"href":"https:\/\/www.footclubs.be\/scchelsea\/wp-json\/wp\/v2\/types\/page"}],"author":[{"embeddable":true,"href":"https:\/\/www.footclubs.be\/scchelsea\/wp-json\/wp\/v2\/users\/49"}],"replies":[{"embeddable":true,"href":"https:\/\/www.footclubs.be\/scchelsea\/wp-json\/wp\/v2\/comments?post=543"}],"version-history":[{"count":6,"href":"https:\/\/www.footclubs.be\/scchelsea\/wp-json\/wp\/v2\/pages\/543\/revisions"}],"predecessor-version":[{"id":711,"href":"https:\/\/www.footclubs.be\/scchelsea\/wp-json\/wp\/v2\/pages\/543\/revisions\/711"}],"wp:attachment":[{"href":"https:\/\/www.footclubs.be\/scchelsea\/wp-json\/wp\/v2\/media?parent=543"}],"curies":[{"name":"wp","href":"https:\/\/api.w.org\/{rel}","templated":true}]}}