{"id":42,"date":"2018-03-19T13:12:54","date_gmt":"2018-03-19T12:12:54","guid":{"rendered":"https:\/\/www.footclubs.be\/rsrs\/?page_id=42"},"modified":"2018-05-04T16:07:02","modified_gmt":"2018-05-04T14:07:02","slug":"contact","status":"publish","type":"page","link":"https:\/\/www.footclubs.be\/rsrs\/contact\/","title":{"rendered":"Contact"},"content":{"rendered":"<p>Vous souhaitez prendre contact avec notre club ?<\/p>\n<p><span style=\"text-decoration: underline\"><em>2 solutions s&rsquo;offrent \u00e0 vous :<\/em><\/span><\/p>\n<ol>\n<li>remplir le formulaire ci-dessous<\/li>\n<li>envoy\u00e9 un email \u00e0 rsrs1690@gmail.com<\/li>\n<\/ol>\n<p>Nous r\u00e9pondrons \u00e0 toutes vos questions le plus rapidement possible.<\/p>\n<p><span style=\"color: #ff00ff\"><em>@\u00a0le comit\u00e9 du R.S.R.S<\/em><\/span><\/p>\n","protected":false},"excerpt":{"rendered":"<p>Vous souhaitez prendre contact avec notre club ? 2 solutions s&rsquo;offrent \u00e0 vous : remplir le formulaire ci-dessous envoy\u00e9 un email \u00e0 rsrs1690@gmail.com Nous r\u00e9pondrons \u00e0 toutes vos questions le plus rapidement possible. @\u00a0le comit\u00e9 du R.S.R.S<\/p>\n","protected":false},"author":93,"featured_media":0,"parent":0,"menu_order":0,"comment_status":"closed","ping_status":"closed","template":"page-templates\/page-contact.php","meta":{"footnotes":""},"class_list":["post-42","page","type-page","status-publish","hentry"],"_links":{"self":[{"href":"https:\/\/www.footclubs.be\/rsrs\/wp-json\/wp\/v2\/pages\/42","targetHints":{"allow":["GET"]}}],"collection":[{"href":"https:\/\/www.footclubs.be\/rsrs\/wp-json\/wp\/v2\/pages"}],"about":[{"href":"https:\/\/www.footclubs.be\/rsrs\/wp-json\/wp\/v2\/types\/page"}],"author":[{"embeddable":true,"href":"https:\/\/www.footclubs.be\/rsrs\/wp-json\/wp\/v2\/users\/93"}],"replies":[{"embeddable":true,"href":"https:\/\/www.footclubs.be\/rsrs\/wp-json\/wp\/v2\/comments?post=42"}],"version-history":[{"count":4,"href":"https:\/\/www.footclubs.be\/rsrs\/wp-json\/wp\/v2\/pages\/42\/revisions"}],"predecessor-version":[{"id":337,"href":"https:\/\/www.footclubs.be\/rsrs\/wp-json\/wp\/v2\/pages\/42\/revisions\/337"}],"wp:attachment":[{"href":"https:\/\/www.footclubs.be\/rsrs\/wp-json\/wp\/v2\/media?parent=42"}],"curies":[{"name":"wp","href":"https:\/\/api.w.org\/{rel}","templated":true}]}}