{"id":37,"date":"2018-03-19T13:10:58","date_gmt":"2018-03-19T12:10:58","guid":{"rendered":"https:\/\/www.footclubs.be\/rsrs\/?page_id=37"},"modified":"2022-09-16T17:25:40","modified_gmt":"2022-09-16T15:25:40","slug":"infos-2","status":"publish","type":"page","link":"https:\/\/www.footclubs.be\/rsrs\/infos-2\/","title":{"rendered":"Devenir Arbitre"},"content":{"rendered":"<p><strong>Tu aimes le football ? Prendre des d\u00e9cisions ?<\/strong><br \/>\n<strong> Tu poss\u00e8des de nombreuses qualit\u00e9s de meneur ?<\/strong><br \/>\n<strong> Et tu souhaites t&rsquo;engager dans une fonction \u00e0 responsabilit\u00e9s ?<\/strong><\/p>\n<p><strong>Alors n&rsquo;h\u00e9site pas plus longtemps !<\/strong><br \/>\n<strong> Deviens arbitre, parce qu&rsquo;il n&rsquo;y a pas de football sans arbitres !<\/strong><\/p>\n<div class=\"router-container\">\n<div id=\"container\" class=\"ng-star-inserted\">\n<div class=\"contentpage-detail ng-star-inserted\">\n<div class=\"contentpage-body\">\n<div class=\"grid-container\">\n<div class=\"grid-x\">\n<div class=\"cell large-auto large-offset-1\">\n<div class=\"cell small-12\">\n<div class=\"grid-x\">\n<div class=\"cell small-12 medium-11 large-11 paragraph-text-content\">\n<h2><span style=\"color: #ff0000\">L&rsquo;ARBITRAGE&#8230; UNE FORMIDABLE \u00c9COLE DE VIE<\/span><\/h2>\n<p>Le football est le reflet de notre soci\u00e9t\u00e9. Le sport forge le caract\u00e8re. Les arbitres sont l\u00e0 pour prendre v\u00e9ritablement leurs responsabilit\u00e9s ! Prendre des d\u00e9cisions tout en faisant du sport. Celles-ci ne plairont pas toujours aux joueurs. Elles peuvent alors susciter une pol\u00e9mique, qui est propre au sport et \u00e0 la vie en soci\u00e9t\u00e9.<\/p>\n<p>Les divergences d&rsquo;opinion et la discussion sont presque indissociablement li\u00e9es au football. Elles peuvent porter tant sur le moment o\u00f9 la d\u00e9cision a \u00e9t\u00e9 prise que sur la d\u00e9cision proprement dite. L&rsquo;arbitre doit souvent prendre des d\u00e9cisions qui ne plaisent pas aux spectateurs ou aux joueurs, mais son r\u00f4le est de faire respecter les r\u00e8gles du jeu.<\/p>\n<p>Il ne faut pas oublier que c&rsquo;est le joueur qui est en infraction et que l&rsquo;arbitre prend ses d\u00e9cisions conform\u00e9ment aux lois du jeu. Ce faisant, il prot\u00e8ge non seulement le football mais \u00e9galement les joueurs contre lesquels une faute a \u00e9t\u00e9 commise, et ce, sans se soucier de la p\u00e9riode du match ou des noms des joueurs. Tout comme dans la vie, l&rsquo;arbitre dispose d&rsquo;un pouvoir de d\u00e9cision et doit prendre ses responsabilit\u00e9s<\/p>\n<h2><span style=\"color: #ff0000\">QUI PEUT DEVENIR ARBITRE ?<\/span><\/h2>\n<p>Il te suffit de r\u00e9unir les conditions suivantes :<\/p>\n<ul>\n<li>tu as au moins 15 ans ;<\/li>\n<li>tu es affili\u00e9(e) ou tu vas t&rsquo;affilier \u00e0 un club de l&rsquo;ACFF ;<\/li>\n<li>tu es disponible le samedi et\/ou le dimanche matin;<\/li>\n<li>tu es physiquement apte.<\/li>\n<li>tu as moins de 15 ans? Alors visite la possibilit\u00e9 offerte par la<a href=\"https:\/\/www.acff.be\/referee-academy\" target=\"_blank\" rel=\"noopener\">\u00a0\u00ab\u00a0Referee Academy\u00a0\u00bb<\/a><\/li>\n<\/ul>\n<\/div>\n<\/div>\n<div class=\"grid-x\">\n<div class=\"cell small-12 medium-11 large-11 paragraph-text-content\">\n<p>Toi aussi, rejoins nos arbitres hommes ou femmes officiant en Pro League<\/p>\n<p><img decoding=\"async\" src=\"https:\/\/belgianfootball.s3.eu-central-1.amazonaws.com\/s3fs-public\/acff\/img\/News\/5e36e8c7-443f-4db0-b634-6561e8044e43.JPG\" alt=\"\" \/><\/p>\n<\/div>\n<\/div>\n<div class=\"grid-x\">\n<div class=\"cell small-12 medium-11 large-11 paragraph-text-content\">\n<p>Tu joues d\u00e9j\u00e0 au football ? Tu entra\u00eenes une \u00e9quipe ? Cela ne pose pas de probl\u00e8me. Tu peux parfaitement combiner les deux.<\/p>\n<h2><span style=\"color: #ff0000\">COMMENT DEVENIR ARBITRE ?<\/span><\/h2>\n<p>La formation d&rsquo;arbitre est dispens\u00e9e dans toutes les provinces. Le cours comporte un volet th\u00e9orique et un volet pratique, au cours duquel tu seras accompagn\u00e9 d&rsquo;un formateur. Des cours de perfectionnement te permettront de rester au courant des derni\u00e8res modifications des lois du jeu.<\/p>\n<\/div>\n<\/div>\n<div class=\"grid-x\">\n<div class=\"cell small-12 medium-11 large-11 paragraph-text-content\">\n<h2><span style=\"color: #ff0000\">AVANTAGES<\/span><\/h2>\n<ul>\n<li>Un d\u00e9fraiement en fonction de la cat\u00e9gorie dans laquelle tu arbitres<\/li>\n<li>Le paiement de tes frais de d\u00e9placement<\/li>\n<li>Une carte d&rsquo;arbitre officielle et personnalis\u00e9e qui te donne le droit d&rsquo;assister gratuitement \u00e0 tous les matches organis\u00e9s par la F\u00e9d\u00e9ration sur tous les terrains de Belgique<\/li>\n<li>Un acc\u00e8s gratuit au syst\u00e8me informatique \u00ab\u00a0E-kickoff\u00a0\u00bb de la F\u00e9d\u00e9ration qui te permettra de communiquer et de t&rsquo;informer rapidement<\/li>\n<li>Deux brochures : \u00ab\u00a0Les lois du jeu de football\u00a0\u00bb et \u00ab\u00a0Les instructions concernant les lois du jeu\u00a0\u00bb<\/li>\n<li>L&rsquo;\u00e9cusson officiel des arbitres de l&rsquo;ACFF.<\/li>\n<\/ul>\n<h2><span style=\"color: #ff0000\">INSCRIPTIONS<\/span><\/h2>\n<p>Pour s&rsquo;inscrire, rien de plus simple : il suffit de cliquer sur le bouton ci-dessous<img loading=\"lazy\" decoding=\"async\" src=\"https:\/\/belgianfootball.s3.eu-central-1.amazonaws.com\/s3fs-public\/acff\/img\/News\/belgianreferees_training_2020_boucaut-lardot.jpg\" alt=\"\" width=\"539\" height=\"301\" \/><\/p>\n<\/div>\n<\/div>\n<div class=\"grid-x ng-star-inserted\">\n<div class=\"cell small-12 medium-11 large-11\"><a class=\"link-container full-width-small ng-star-inserted\" href=\"https:\/\/acff.odoo.com\/\" target=\"_blank\" rel=\"noopener\"><span class=\"inner\">Je souhaite devenir arbitre et je m&rsquo;inscris<\/span><\/a><\/div>\n<\/div>\n<\/div>\n<\/div>\n<\/div>\n<\/div>\n<\/div>\n<\/div>\n<div class=\"landingpage-container ng-star-inserted\">\n<div class=\"grid-container\">\n<div class=\"grid-x\">\n<div class=\"cell large-auto\"><\/div>\n<\/div>\n<\/div>\n<\/div>\n<\/div>\n<\/div>\n<p>Tu peux \u00e9galement prendre contact avec un des membres du comit\u00e9 du club qui te guidera dans ta d\u00e9marche.<\/p>\n","protected":false},"excerpt":{"rendered":"<p>Tu aimes le football ? Prendre des d\u00e9cisions ? Tu poss\u00e8des de nombreuses qualit\u00e9s de meneur ? Et tu souhaites t&rsquo;engager dans une fonction \u00e0 responsabilit\u00e9s ? Alors n&rsquo;h\u00e9site pas plus longtemps ! Deviens arbitre, parce qu&rsquo;il n&rsquo;y a pas de football sans arbitres ! L&rsquo;ARBITRAGE&#8230; UNE FORMIDABLE \u00c9COLE DE VIE Le football est le [&hellip;]<\/p>\n","protected":false},"author":93,"featured_media":0,"parent":0,"menu_order":0,"comment_status":"closed","ping_status":"closed","template":"page-templates\/page-free.php","meta":{"footnotes":""},"class_list":["post-37","page","type-page","status-publish","hentry"],"_links":{"self":[{"href":"https:\/\/www.footclubs.be\/rsrs\/wp-json\/wp\/v2\/pages\/37","targetHints":{"allow":["GET"]}}],"collection":[{"href":"https:\/\/www.footclubs.be\/rsrs\/wp-json\/wp\/v2\/pages"}],"about":[{"href":"https:\/\/www.footclubs.be\/rsrs\/wp-json\/wp\/v2\/types\/page"}],"author":[{"embeddable":true,"href":"https:\/\/www.footclubs.be\/rsrs\/wp-json\/wp\/v2\/users\/93"}],"replies":[{"embeddable":true,"href":"https:\/\/www.footclubs.be\/rsrs\/wp-json\/wp\/v2\/comments?post=37"}],"version-history":[{"count":9,"href":"https:\/\/www.footclubs.be\/rsrs\/wp-json\/wp\/v2\/pages\/37\/revisions"}],"predecessor-version":[{"id":252,"href":"https:\/\/www.footclubs.be\/rsrs\/wp-json\/wp\/v2\/pages\/37\/revisions\/252"}],"wp:attachment":[{"href":"https:\/\/www.footclubs.be\/rsrs\/wp-json\/wp\/v2\/media?parent=37"}],"curies":[{"name":"wp","href":"https:\/\/api.w.org\/{rel}","templated":true}]}}