{"id":35,"date":"2022-07-22T10:30:06","date_gmt":"2022-07-22T08:30:06","guid":{"rendered":"https:\/\/www.footclubs.be\/rsrs\/?page_id=35"},"modified":"2022-09-30T23:08:18","modified_gmt":"2022-09-30T21:08:18","slug":"documents","status":"publish","type":"page","link":"https:\/\/www.footclubs.be\/rsrs\/documents\/","title":{"rendered":"Documents"},"content":{"rendered":"<p>&nbsp;<\/p>\n<h4>\u00a0Cotisation<\/h4>\n<ul>\n<li>Information Cotisation 2022-2023.<\/li>\n<\/ul>\n<h4><strong>ACFF<\/strong><\/h4>\n<ul>\n<li>D\u00e9claration d&rsquo;accident<\/li>\n<\/ul>\n<p style=\"padding-left: 30px\"><i>Le formulaire sera automatiquement cr\u00e9er une fois les informations de votre accident transmise au correspond qualifier du club. Celui-ci vous le transmettra directement afin d&rsquo;\u00eatre rempli.<\/i><\/p>\n<p style=\"padding-left: 30px\">\n<h4><strong>Fairplay<\/strong><\/h4>\n<p>Notre club&#8230;<\/p>\n<ul>\n<li>Charte des joueurs Fairplay.<\/li>\n<li>Charte des entraineurs Fairplay.<\/li>\n<li>Charte des parents Fairplay.<\/li>\n<li>Parents Fairplay.<\/li>\n<li>D\u00e9claration Panathlon.<\/li>\n<li>Charte Vivons Sports.<\/li>\n<\/ul>\n<h4><strong>R\u00e8gles de jeu pour les jeunes<\/strong><\/h4>\n<p>Tous les documents n\u00e9cessaire et a conna\u00eetre.<\/p>\n<ul>\n<li>Guide du Festifoot.<\/li>\n<li>Festifoot &#8211; Cahier des d\u00e9fis.<\/li>\n<li>R\u00e8gles du jeu 2c2.<\/li>\n<li>R\u00e8gles du jeu 3c3.<\/li>\n<li>R\u00e8gles du jeu 5c5.<\/li>\n<li>R\u00e8gles du jeu 8c8.<\/li>\n<li>R\u00e8gles du jeu 11c11.<\/li>\n<li>Vision de la formation URBSFA.<\/li>\n<\/ul>\n<h4><strong>Mutuelles<\/strong><\/h4>\n<p>La plupart des mutuelles octroient \u00e0 leur affili\u00e9s une intervention dans les frais d&rsquo;affiliation \u00e0 un club sportif. En g\u00e9n\u00e9ral il faut faire compl\u00e9ter et signer un document au secr\u00e9taire du club (Vincent PIROTTON) et le transmettre \u00e0 votre mutuelle. Vous trouverez\u00a0 ci-dessus les documents \u00e0 t\u00e9l\u00e9charger pour les principales soci\u00e9t\u00e9s de mutuelle.<\/p>\n<ul>\n<li>Mutualit\u00e9 Solidaris<\/li>\n<\/ul>\n<p style=\"padding-left: 30px\"><em>Formulaire.<\/em><\/p>\n<ul>\n<li>Mutualit\u00e9 Chr\u00e9tienne<\/li>\n<\/ul>\n<p style=\"padding-left: 30px\"><em>Formulaire.<\/em><\/p>\n<ul>\n<li>Mutualit\u00e9 Lib\u00e9rale<\/li>\n<\/ul>\n<p style=\"padding-left: 30px\"><em>Formulaire.<\/em><\/p>\n<ul>\n<li>Part\u00e9namut<\/li>\n<\/ul>\n<p style=\"padding-left: 30px\"><em>Formulaire.<\/em><\/p>\n<ul>\n<li>Mutualit\u00e9 Neutre<\/li>\n<\/ul>\n<p><em>\u00a0 \u00a0 \u00a0 \u00a0 \u00a0 Formulaire.<\/em><\/p>\n<ul>\n<li>Mutualia<\/li>\n<\/ul>\n<p style=\"padding-left: 30px\"><em>Formulaire.<\/em><\/p>\n<h4><strong>R\u00e8glement d&rsquo;ordre int\u00e9rieur du R.S.R.S<\/strong><\/h4>\n<ul>\n<li>R\u00e8glement d&rsquo;ordre int\u00e9rieur saison 2022-2023.<\/li>\n<\/ul>\n","protected":false},"excerpt":{"rendered":"<p>&nbsp; \u00a0Cotisation Information Cotisation 2022-2023. ACFF D\u00e9claration d&rsquo;accident Le formulaire sera automatiquement cr\u00e9er une fois les informations de votre accident transmise au correspond qualifier du club. Celui-ci vous le transmettra directement afin d&rsquo;\u00eatre rempli. Fairplay Notre club&#8230; Charte des joueurs Fairplay. Charte des entraineurs Fairplay. Charte des parents Fairplay. Parents Fairplay. D\u00e9claration Panathlon. Charte Vivons [&hellip;]<\/p>\n","protected":false},"author":93,"featured_media":0,"parent":0,"menu_order":0,"comment_status":"closed","ping_status":"closed","template":"page-templates\/page-documents.php","meta":{"footnotes":""},"class_list":["post-35","page","type-page","status-publish","hentry"],"_links":{"self":[{"href":"https:\/\/www.footclubs.be\/rsrs\/wp-json\/wp\/v2\/pages\/35","targetHints":{"allow":["GET"]}}],"collection":[{"href":"https:\/\/www.footclubs.be\/rsrs\/wp-json\/wp\/v2\/pages"}],"about":[{"href":"https:\/\/www.footclubs.be\/rsrs\/wp-json\/wp\/v2\/types\/page"}],"author":[{"embeddable":true,"href":"https:\/\/www.footclubs.be\/rsrs\/wp-json\/wp\/v2\/users\/93"}],"replies":[{"embeddable":true,"href":"https:\/\/www.footclubs.be\/rsrs\/wp-json\/wp\/v2\/comments?post=35"}],"version-history":[{"count":13,"href":"https:\/\/www.footclubs.be\/rsrs\/wp-json\/wp\/v2\/pages\/35\/revisions"}],"predecessor-version":[{"id":768,"href":"https:\/\/www.footclubs.be\/rsrs\/wp-json\/wp\/v2\/pages\/35\/revisions\/768"}],"wp:attachment":[{"href":"https:\/\/www.footclubs.be\/rsrs\/wp-json\/wp\/v2\/media?parent=35"}],"curies":[{"name":"wp","href":"https:\/\/api.w.org\/{rel}","templated":true}]}}