{"id":32,"date":"2018-03-19T13:08:36","date_gmt":"2018-03-19T12:08:36","guid":{"rendered":"https:\/\/www.footclubs.be\/rsrs\/?page_id=32"},"modified":"2022-09-16T19:59:01","modified_gmt":"2022-09-16T17:59:01","slug":"join","status":"publish","type":"page","link":"https:\/\/www.footclubs.be\/rsrs\/join\/","title":{"rendered":"Cotisation"},"content":{"rendered":"<div class=\"freebirdFormviewerViewItemsItemItemHeader\">\n<div>\n<p><span style=\"color: #ff0000\"><strong><u>MONTANTS DE LA COTISATION POUR LA SAISON 2022-2023<\/u><\/strong><\/span><\/p>\n<\/div>\n<\/div>\n<div class=\"freebirdFormviewerViewItemsItemItemHeader\">\n<ul>\n<li class=\"freebirdFormviewerViewItemsItemItemTitleContainer\"><b>Equipe premi\u00e8re -&gt; 125\u20ac<\/b><\/li>\n<li class=\"freebirdFormviewerViewItemsItemItemTitleContainer\"><b>Equipe r\u00e9serve\u00a0 \u00a0 -&gt; 125\u20ac<\/b><\/li>\n<li class=\"freebirdFormviewerViewItemsItemItemTitleContainer\"><b>Equipe v\u00e9t\u00e9ran\u00a0 \u00a0 -&gt; 125\u20ac<\/b><\/li>\n<\/ul>\n<p><em>Nous vous rappelons que montant de la cotisation ne repr\u00e9sente qu\u2019une petite partie du budget annuel \u00e0 couvrir par notre club (formation des formateurs, assurances et frais f\u00e9d\u00e9raux, achat d\u2019\u00e9quipements sportifs\u2026.).<\/em><\/p>\n<p><strong><u><span style=\"color: #ff0000\">MODALITES DE PAIEMENT<\/span><br \/>\n<\/u><\/strong>Afin de prendre en compte votre inscription, nous vous demandons de bien vouloir effectuer au plus tard pour le 01\/09\/2022, le paiement de la cotisation. Merci de privil\u00e9gier le virement, pour des raisons \u00e9videntes de s\u00e9curit\u00e9 et de tra\u00e7abilit\u00e9 de l\u2019inscription:<\/p>\n<p><strong>Compte : BE81 0000 3704 6724<\/strong><\/p>\n<p><strong>Au nom de : Royal Sougn\u00e9 Remouchamps Sport<\/strong><\/p>\n<\/div>\n<div class=\"freebirdFormviewerViewItemsItemItemHeader\"><strong>Communication : Nom et Pr\u00e9nom du joueur + cat\u00e9gorie<\/strong><\/div>\n<div class=\"freebirdFormviewerViewItemsItemItemHeader\">\n<p>&nbsp;<\/p>\n<p><u><\/u>Sur demande aupr\u00e8s de notre secr\u00e9tariat, toute attestation (fiscale, mutuelle ou autre) peut \u00eatre obtenue apr\u00e8s r\u00e8glement de la cotisation.\u00a0 Les attestations de Mutuelles sont disponibles en cliquant sur les liens ci dessous.<\/p>\n<ul>\n<li>Mutualit\u00e9 Socialiste<\/li>\n<li>Mutualit\u00e9 Lib\u00e9rale<\/li>\n<li>Mutualit\u00e9 Neutre<\/li>\n<li>Mutualit\u00e9 Chr\u00e9tienne<\/li>\n<\/ul>\n<p>En cas de demande sp\u00e9cifique li\u00e9e au paiement de la cotisation, n\u2019h\u00e9sitez pas \u00e0 prendre contact avec nous afin de trouver la meilleure solution possible.\u00a0 \u00a0 \u00a0 \u00a0 \u00a0 \u00a0 \u00a0 \u00a0 \u00a0 \u00a0 \u00a0 \u00a0 \u00a0 \u00a0 \u00a0 \u00a0 \u00a0 \u00a0 \u00a0 \u00a0 \u00a0 \u00a0 \u00a0 \u00a0 \u00a0 Nous vous garantissons une totale discr\u00e9tion.<\/p>\n<p><strong><u><span style=\"color: #ff0000\">INFORMATIONS &amp; RENSEIGNEMENTS<\/span><br \/>\n<\/u><\/strong>Vincent Pirotton<br \/>\nResponsable Administratif du R.S.R.S<br \/>\n0494\/57.95.68 ou rsrs1690@gmail.com<\/p>\n<p>&nbsp;<\/p>\n<\/div>\n","protected":false},"excerpt":{"rendered":"<p>MONTANTS DE LA COTISATION POUR LA SAISON 2022-2023 Equipe premi\u00e8re -&gt; 125\u20ac Equipe r\u00e9serve\u00a0 \u00a0 -&gt; 125\u20ac Equipe v\u00e9t\u00e9ran\u00a0 \u00a0 -&gt; 125\u20ac Nous vous rappelons que montant de la cotisation ne repr\u00e9sente qu\u2019une petite partie du budget annuel \u00e0 couvrir par notre club (formation des formateurs, assurances et frais f\u00e9d\u00e9raux, achat d\u2019\u00e9quipements sportifs\u2026.). MODALITES DE [&hellip;]<\/p>\n","protected":false},"author":93,"featured_media":0,"parent":0,"menu_order":0,"comment_status":"closed","ping_status":"closed","template":"page-templates\/page-join.php","meta":{"footnotes":""},"class_list":["post-32","page","type-page","status-publish","hentry"],"_links":{"self":[{"href":"https:\/\/www.footclubs.be\/rsrs\/wp-json\/wp\/v2\/pages\/32","targetHints":{"allow":["GET"]}}],"collection":[{"href":"https:\/\/www.footclubs.be\/rsrs\/wp-json\/wp\/v2\/pages"}],"about":[{"href":"https:\/\/www.footclubs.be\/rsrs\/wp-json\/wp\/v2\/types\/page"}],"author":[{"embeddable":true,"href":"https:\/\/www.footclubs.be\/rsrs\/wp-json\/wp\/v2\/users\/93"}],"replies":[{"embeddable":true,"href":"https:\/\/www.footclubs.be\/rsrs\/wp-json\/wp\/v2\/comments?post=32"}],"version-history":[{"count":8,"href":"https:\/\/www.footclubs.be\/rsrs\/wp-json\/wp\/v2\/pages\/32\/revisions"}],"predecessor-version":[{"id":742,"href":"https:\/\/www.footclubs.be\/rsrs\/wp-json\/wp\/v2\/pages\/32\/revisions\/742"}],"wp:attachment":[{"href":"https:\/\/www.footclubs.be\/rsrs\/wp-json\/wp\/v2\/media?parent=32"}],"curies":[{"name":"wp","href":"https:\/\/api.w.org\/{rel}","templated":true}]}}