{"id":26,"date":"2022-07-22T09:50:11","date_gmt":"2022-07-22T07:50:11","guid":{"rendered":"https:\/\/www.footclubs.be\/rsrs\/?page_id=26"},"modified":"2022-09-26T11:27:49","modified_gmt":"2022-09-26T09:27:49","slug":"the-club-1","status":"publish","type":"page","link":"https:\/\/www.footclubs.be\/rsrs\/the-club-1\/","title":{"rendered":"B\u00e9n\u00e9voles"},"content":{"rendered":"<p><img loading=\"lazy\" decoding=\"async\" class=\"wp-image-318 aligncenter\" src=\"https:\/\/www.footclubs.be\/rsrs\/wp-content\/uploads\/sites\/89\/2018\/02\/b\u00e9n\u00e9volejpg.jpg\" alt=\"b\u00e9n\u00e9volejpg\" width=\"453\" height=\"254\" srcset=\"https:\/\/www.footclubs.be\/rsrs\/wp-content\/uploads\/sites\/89\/2018\/02\/b\u00e9n\u00e9volejpg.jpg 300w, https:\/\/www.footclubs.be\/rsrs\/wp-content\/uploads\/sites\/89\/2018\/02\/b\u00e9n\u00e9volejpg-150x84.jpg 150w\" sizes=\"auto, (max-width: 453px) 100vw, 453px\" \/><\/p>\n<p style=\"text-align: center\">Tr\u00e8s chers b\u00e9n\u00e9voles,<\/p>\n<p>Vous \u00eates toujours pr\u00e9sents sans y \u00eatre oblig\u00e9(e)s, bienveillant(e)s et volontaires. Je voudrais vous remercier pour ce temps que vous consacrez \u00e0 notre club de\u00a0Remouchamps et ce au nom de tous. Votre d\u00e9vouement est pr\u00e9cieux et j\u2019esp\u00e8re pouvoir encore avoir le bonheur\u00a0 de compter sur votre pr\u00e9sence au sein du R.S.R.S.<\/p>\n<p>Vous contribuez \u00e0 la joie et au plaisir de nos enfants, adolescents, de notre \u00e9quipe r\u00e9serve et de notre \u00e9quipe v\u00e9t\u00e9ran.<br \/>\nVous contribuez \u00e0 la r\u00e9ussite de notre \u00e9quipe premi\u00e8re.<\/p>\n<p>Merci \u00e0 tous,<br \/>\nLe Pr\u00e9sident<\/p>\n<p>Envie de rejoindre notre \u00e9quipe de b\u00e9n\u00e9voles : rsrs1690@gmail.com<\/p>\n","protected":false},"excerpt":{"rendered":"<p>Tr\u00e8s chers b\u00e9n\u00e9voles, Vous \u00eates toujours pr\u00e9sents sans y \u00eatre oblig\u00e9(e)s, bienveillant(e)s et volontaires. Je voudrais vous remercier pour ce temps que vous consacrez \u00e0 notre club de\u00a0Remouchamps et ce au nom de tous. Votre d\u00e9vouement est pr\u00e9cieux et j\u2019esp\u00e8re pouvoir encore avoir le bonheur\u00a0 de compter sur votre pr\u00e9sence au sein du R.S.R.S. Vous [&hellip;]<\/p>\n","protected":false},"author":93,"featured_media":0,"parent":0,"menu_order":0,"comment_status":"closed","ping_status":"closed","template":"page-templates\/page-free.php","meta":{"footnotes":""},"class_list":["post-26","page","type-page","status-publish","hentry"],"_links":{"self":[{"href":"https:\/\/www.footclubs.be\/rsrs\/wp-json\/wp\/v2\/pages\/26","targetHints":{"allow":["GET"]}}],"collection":[{"href":"https:\/\/www.footclubs.be\/rsrs\/wp-json\/wp\/v2\/pages"}],"about":[{"href":"https:\/\/www.footclubs.be\/rsrs\/wp-json\/wp\/v2\/types\/page"}],"author":[{"embeddable":true,"href":"https:\/\/www.footclubs.be\/rsrs\/wp-json\/wp\/v2\/users\/93"}],"replies":[{"embeddable":true,"href":"https:\/\/www.footclubs.be\/rsrs\/wp-json\/wp\/v2\/comments?post=26"}],"version-history":[{"count":6,"href":"https:\/\/www.footclubs.be\/rsrs\/wp-json\/wp\/v2\/pages\/26\/revisions"}],"predecessor-version":[{"id":760,"href":"https:\/\/www.footclubs.be\/rsrs\/wp-json\/wp\/v2\/pages\/26\/revisions\/760"}],"wp:attachment":[{"href":"https:\/\/www.footclubs.be\/rsrs\/wp-json\/wp\/v2\/media?parent=26"}],"curies":[{"name":"wp","href":"https:\/\/api.w.org\/{rel}","templated":true}]}}