{"id":23,"date":"2022-07-22T09:10:28","date_gmt":"2022-07-22T07:10:28","guid":{"rendered":"https:\/\/www.footclubs.be\/rsrs\/?page_id=23"},"modified":"2022-07-22T14:47:13","modified_gmt":"2022-07-22T12:47:13","slug":"referees","status":"publish","type":"page","link":"https:\/\/www.footclubs.be\/rsrs\/referees\/","title":{"rendered":"Arbitres"},"content":{"rendered":"<p>Pour reprendre le slogan de l\u2019ACFF sur leur lien\u00a0: <a href=\"http:\/\/www.acff.be\/fr\/deviens-arbitre\">Deviens arbitre<\/a><\/p>\n<p>Tu aimes le football ? Prendre des d\u00e9cisions ?<br \/>\nTu poss\u00e8des de nombreuses qualit\u00e9s de meneur ?<br \/>\nEt tu souhaites t\u2019engager dans une fonction \u00e0 responsabilit\u00e9s ?<\/p>\n<p>Alors n\u2019h\u00e9site pas plus longtemps !<br \/>\nDeviens arbitre. Parce qu\u2019il n\u2019y a pas de football sans arbitres !<\/p>\n<p>&nbsp;<\/p>\n<p>&nbsp;<\/p>\n","protected":false},"excerpt":{"rendered":"<p>Pour reprendre le slogan de l\u2019ACFF sur leur lien\u00a0: Deviens arbitre Tu aimes le football ? Prendre des d\u00e9cisions ? Tu poss\u00e8des de nombreuses qualit\u00e9s de meneur ? Et tu souhaites t\u2019engager dans une fonction \u00e0 responsabilit\u00e9s ? Alors n\u2019h\u00e9site pas plus longtemps ! Deviens arbitre. Parce qu\u2019il n\u2019y a pas de football sans arbitres [&hellip;]<\/p>\n","protected":false},"author":93,"featured_media":0,"parent":0,"menu_order":0,"comment_status":"closed","ping_status":"closed","template":"page-templates\/page-referees.php","meta":{"footnotes":""},"class_list":["post-23","page","type-page","status-publish","hentry"],"_links":{"self":[{"href":"https:\/\/www.footclubs.be\/rsrs\/wp-json\/wp\/v2\/pages\/23","targetHints":{"allow":["GET"]}}],"collection":[{"href":"https:\/\/www.footclubs.be\/rsrs\/wp-json\/wp\/v2\/pages"}],"about":[{"href":"https:\/\/www.footclubs.be\/rsrs\/wp-json\/wp\/v2\/types\/page"}],"author":[{"embeddable":true,"href":"https:\/\/www.footclubs.be\/rsrs\/wp-json\/wp\/v2\/users\/93"}],"replies":[{"embeddable":true,"href":"https:\/\/www.footclubs.be\/rsrs\/wp-json\/wp\/v2\/comments?post=23"}],"version-history":[{"count":10,"href":"https:\/\/www.footclubs.be\/rsrs\/wp-json\/wp\/v2\/pages\/23\/revisions"}],"predecessor-version":[{"id":545,"href":"https:\/\/www.footclubs.be\/rsrs\/wp-json\/wp\/v2\/pages\/23\/revisions\/545"}],"wp:attachment":[{"href":"https:\/\/www.footclubs.be\/rsrs\/wp-json\/wp\/v2\/media?parent=23"}],"curies":[{"name":"wp","href":"https:\/\/api.w.org\/{rel}","templated":true}]}}