{"id":19,"date":"2022-07-22T08:00:12","date_gmt":"2022-07-22T06:00:12","guid":{"rendered":"https:\/\/www.footclubs.be\/rsrs\/?page_id=19"},"modified":"2022-07-22T14:45:32","modified_gmt":"2022-07-22T12:45:32","slug":"history","status":"publish","type":"page","link":"https:\/\/www.footclubs.be\/rsrs\/history\/","title":{"rendered":"Historique"},"content":{"rendered":"<p>Fond\u00e9 le <strong><span style=\"color: #cc99ff\">2 f\u00e9vrier 1927<\/span><\/strong>, le premier de l&rsquo;entit\u00e9 (de notre r\u00e9gion), nous avons \u00e9t\u00e9 affili\u00e9s \u00e0 l&rsquo;union belge quatre ans plus tard, le 7 d\u00e9cembre 1930 par un ancien directeur de l&rsquo;institut St Rapha\u00ebl. Le club prend naissance gr\u00e2ce \u00e0 sept passionn\u00e9s\u00a0 de ce magnifique sport qu&rsquo;est le football : Le p\u00e8re Glod (qui s&rsquo;occupait des d\u00e9marches n\u00e9cessaires pour les inscriptions, Albert NISIN, Henri COLLARD, Fran\u00e7ois LOUIS, Maximilien DEGEE, le docteur Fran\u00e7ois L\u00e9onard et Albert HAUSMAN qui en sont les membres fondateurs.<\/p>\n<p><img loading=\"lazy\" decoding=\"async\" class=\"alignnone wp-image-227\" src=\"https:\/\/www.footclubs.be\/rsrs\/wp-content\/uploads\/sites\/89\/2018\/02\/photo-040-\u00e9quipe-1927-300x188.jpg\" alt=\"\u00e9quipe 1927\" width=\"417\" height=\"261\" srcset=\"https:\/\/www.footclubs.be\/rsrs\/wp-content\/uploads\/sites\/89\/2018\/02\/photo-040-\u00e9quipe-1927-300x188.jpg 300w, https:\/\/www.footclubs.be\/rsrs\/wp-content\/uploads\/sites\/89\/2018\/02\/photo-040-\u00e9quipe-1927.jpg 713w\" sizes=\"auto, (max-width: 417px) 100vw, 417px\" \/><\/p>\n<p>@ premi\u00e8re \u00e9quipe du RSRS (1927)<\/p>\n<ul>\n<li><span style=\"text-decoration: underline\">Debout :<\/span> \u00a0WISLEZ U, MOTTET L, COLLARD H, WISLEZ S.<\/li>\n<li><span style=\"text-decoration: underline\">Accroupis :<\/span> HAUSMAN A, WISLEZ H, CRAHAY E.<\/li>\n<li><span style=\"text-decoration: underline\">Assis :<\/span> CARPENTIER J, WISLEZ Fl, NISIN A, DELREZ J, BERNARD N.<\/li>\n<\/ul>\n<p>Notre club d\u00e9bute en 3\u00e8me r\u00e9gionale, car les 4\u00e8me sont arriv\u00e9es beaucoup plus tard. Par ailleurs, \u00e0 l&rsquo;\u00e9poque il y avait 2 clubs de football \u00e0 Remouchamps : 1) celui des socialistes qui jouait sur un terrain \u00e0 Moirimont et 2) celui des catholiques qui jouait route de Trois-Ponts o\u00f9 se situe actuellement le val du promontoire. Le club des socialistes n&rsquo;a dur\u00e9 que quelques ann\u00e9es.<\/p>\n<p>Tout au d\u00e9but, Remouchamps jouait en mauve et noir et puis est pass\u00e9 au mauve et blanc. Dans le domaine du jeu, les joueurs ne faisaient pas dans la dentelle, c&rsquo;\u00e9tait plus bas\u00e9 sur l&rsquo;engagement et le physique. C&rsquo;\u00e9tait\u00a0de v\u00e9ritables\u00a0guerriers, ils ne laissaient rien passer. D&rsquo;ailleurs leur slogan \u00e9tait :<span style=\"text-decoration: underline\"><strong>\u00a0le foot est une \u00e9cole de volont\u00e9, de courage et de fraternit\u00e9<\/strong><\/span>.<\/p>\n<p>La saison <span style=\"color: #cc99ff\"><strong>1933-1934<\/strong> <\/span>: ils sont r\u00e9compens\u00e9s de leur efforts puisqu&rsquo;ils montent en 2\u00e8me r\u00e9gionale.<\/p>\n<p><img loading=\"lazy\" decoding=\"async\" class=\"alignnone wp-image-228\" src=\"https:\/\/www.footclubs.be\/rsrs\/wp-content\/uploads\/sites\/89\/2018\/02\/photo-041-\u00e9quipe-1934-300x179.jpg\" alt=\"\u00e9quipe 1934\" width=\"417\" height=\"249\" srcset=\"https:\/\/www.footclubs.be\/rsrs\/wp-content\/uploads\/sites\/89\/2018\/02\/photo-041-\u00e9quipe-1934-300x179.jpg 300w, https:\/\/www.footclubs.be\/rsrs\/wp-content\/uploads\/sites\/89\/2018\/02\/photo-041-\u00e9quipe-1934.jpg 768w\" sizes=\"auto, (max-width: 417px) 100vw, 417px\" \/><\/p>\n<p>@ \u00e9quipe championne (1934).<\/p>\n<ul>\n<li><span style=\"text-decoration: underline\">Debout :<\/span> POLET M, COLLARD H, WISLEZ Fl, HONHON C, NISIN A, WISLEZ H,\u00a0 HAUSMAN A.<\/li>\n<li><span style=\"text-decoration: underline\">Assis :<\/span> WISLEZ S, FERETTE J, DELREZ J, DELREZ Jo, MULLENDER A.<\/li>\n<\/ul>\n<p>Entre <span style=\"color: #cc99ff\"><strong>1934 et 1958<\/strong><\/span>, nous n&rsquo;avons pas d&rsquo;informations sur le club. De plus entre 1940 et 1945 ce fut la 2\u00e8me guerre mondiale.<\/p>\n<p><img loading=\"lazy\" decoding=\"async\" class=\"alignnone wp-image-229\" src=\"https:\/\/www.footclubs.be\/rsrs\/wp-content\/uploads\/sites\/89\/2018\/02\/photo-054-\u00e9quipe-1946-300x147.jpg\" alt=\"\u00e9quipe 1946\" width=\"416\" height=\"204\" srcset=\"https:\/\/www.footclubs.be\/rsrs\/wp-content\/uploads\/sites\/89\/2018\/02\/photo-054-\u00e9quipe-1946-300x147.jpg 300w, https:\/\/www.footclubs.be\/rsrs\/wp-content\/uploads\/sites\/89\/2018\/02\/photo-054-\u00e9quipe-1946.jpg 585w\" sizes=\"auto, (max-width: 416px) 100vw, 416px\" \/><\/p>\n<p>@ une photo de l&rsquo;\u00e9quipe du RSRS en 1946.<\/p>\n<p>Apr\u00e8s\u00a050 ans d&rsquo;existence, le club devient Le <span style=\"color: #cc99ff\"><strong>Royal Sougn\u00e9-Remouchamps Sport<\/strong> <\/span>mieux connu par les anciens sous les initiales de <span style=\"color: #cc99ff\"><strong><span style=\"text-decoration: underline\">R.S.R.S<\/span><\/strong><\/span>.<\/p>\n<p>Dans le domaine sportif en <strong><span style=\"color: #cc99ff\">1958-1959<\/span><\/strong>, sur le terrain situ\u00e9 avenue de la Porall\u00e9e, o\u00f9,\u00a0dans l&rsquo;ensemble, nos plus beaux souvenirs sont grav\u00e9s, l&rsquo;\u00e9quipe 1\u00e8re a \u00e9t\u00e9 championne en 3\u00e8me provinciale avec comme joueur-entra\u00eeneur Monsieur Andr\u00e9 VANHERTERIJCK et avec un av\u00e9rage de 150 buts inscrits contre 15 re\u00e7us. C&rsquo;est ce qui s&rsquo;appelle \u00ab\u00a0CARTONNER\u00a0\u00bb. Un total de 57 points sur 60 (28 victoires, 1 d\u00e9faites et 1 nul)car, en ce temps l\u00e0, les victoires \u00e9taient comptabilis\u00e9es par 2 points\u00a0(et non 3 comme aujourd&rsquo;hui). Cette m\u00eame \u00e9quipe avait obtenu un r\u00e9sultat de 22 buts marqu\u00e9s \u00e0 0 re\u00e7u lors de la rencontre contre l&rsquo;\u00e9quipe de Modave.<\/p>\n<p>En 2\u00e8me provinciale, parlons des fameux derbys entre Remouchamps et Aywaille. Quels souvenirs, un mois\u00a0\u00e0 l&rsquo;avance on\u00a0en parlait dans les bistrots, dans le village et \u00e0 chaque coins de rue.<\/p>\n<p>Les\u00a0paries \u00e9taient ouverts, les pronostics allaient bon trains, les cagnottes des supporters destin\u00e9es aux joueurs se multipliaient&#8230; Quel public, il faisait noir de monde autour du terrain. Quelle ambiance et quel engouement des gens venus sp\u00e9cialement au foot rien que pour\u00a0vivre ce derdy. Le service d&rsquo;ordre \u00e9tait m\u00eame pr\u00e9sent pour \u00e9viter les d\u00e9bordements de la part de certains supporters qui \u00e9taient trop chaud. Vous voyez, les matchs \u00e0 risques existaient d\u00e9j\u00e0.<\/p>\n<p><span style=\"color: #cc99ff\"><strong>En 1664<\/strong><\/span>, le RSRS a \u00e9t\u00e9 l&rsquo;un des premiers clubs de la r\u00e9gion \u00e0 inscrire une\u00a0\u00e9quipe minime en championnat. Celle-ci fut par la suite, le d\u00e9but du vivier et du potentiel jeunes que\u00a0nous avons connu. Des championnats gagn\u00e9s dans toutes les cat\u00e9gories.<\/p>\n<p><span style=\"color: #cc99ff\"><strong>En 1968-1969<\/strong> <\/span>: Les cadets r\u00e9gionaux sont champions.<\/p>\n<p>Nous montons l&rsquo;ann\u00e9e suivante en scolaires r\u00e9gionaux. De nouveau, nous sommes champions avec le maximum de points et un av\u00e9rage de 141 buts \u00e0 8, Quel EXPLOIT.<\/p>\n<p>On en parlait dans les journaux en gros titres. Les scolaires de Remouchamps : o\u00f9 et quand s&rsquo;arr\u00eateront-ils ?<\/p>\n<p>Pour continuer \u00e0 progresser , nous montons en scolaires provinciaux. Une fiert\u00e9, un honneur \u00e0 l&rsquo;\u00e9poque. Nous \u00e9tions la seule \u00e9quipe venant d&rsquo;un club de provinciale. Toutes les autres \u00e9taient des nationales : Standard, Li\u00e8ge, Tilleur, Montegn\u00e9e, Seraing, Herve.<\/p>\n<p><span style=\"color: #cc99ff\"><strong>En 1973<\/strong><\/span>, l&rsquo;\u00e9quipe 1\u00e8re a \u00e9t\u00e9 championne de 3\u00e8me provinciale avec Monsieur Lucien PAQUOT, joueur-entra\u00eeneur apr\u00e8s un test match m\u00e9morable contre Ouffet sur le terrain de Poulseur. En 2\u00e8me provinciale, nous tombons dans la s\u00e9rie de l&rsquo;est c&rsquo;est-\u00e0-dire des germanophones. Entre autre le club de Saint-Vith avec comme joueur Robert LEURERE, ancien international Allemand et une ancienne toute grande star du Standard : Roger CLAESENS. Une toute belle s\u00e9rie !<\/p>\n<p><img loading=\"lazy\" decoding=\"async\" class=\"alignnone wp-image-235\" src=\"https:\/\/www.footclubs.be\/rsrs\/wp-content\/uploads\/sites\/89\/2018\/02\/photo-007-Champion-1969-1970-300x169.jpg\" alt=\"Equipe Championne 1973 \" width=\"417\" height=\"235\" srcset=\"https:\/\/www.footclubs.be\/rsrs\/wp-content\/uploads\/sites\/89\/2018\/02\/photo-007-Champion-1969-1970-300x168.jpg 300w, https:\/\/www.footclubs.be\/rsrs\/wp-content\/uploads\/sites\/89\/2018\/02\/photo-007-Champion-1969-1970-768x433.jpg 768w, https:\/\/www.footclubs.be\/rsrs\/wp-content\/uploads\/sites\/89\/2018\/02\/photo-007-Champion-1969-1970-630x354.jpg 630w, https:\/\/www.footclubs.be\/rsrs\/wp-content\/uploads\/sites\/89\/2018\/02\/photo-007-Champion-1969-1970-150x84.jpg 150w, https:\/\/www.footclubs.be\/rsrs\/wp-content\/uploads\/sites\/89\/2018\/02\/photo-007-Champion-1969-1970.jpg 985w\" sizes=\"auto, (max-width: 417px) 100vw, 417px\" \/><\/p>\n<p>@ \u00e9quipe championne 1973.<\/p>\n<p><span style=\"color: #cc99ff\"><strong>En 1985<\/strong> <\/span>: champion avec Monsieur Auguste NO\u00cbL, joueur-entra\u00eeneur et donc mont\u00e9e de 4\u00e8me en 3\u00e8me provinciale. Le fameux dernier match contre Banneux qui nous talonnait avec 1 point de moins.<\/p>\n<p><span style=\"color: #cc99ff\"><strong>En 1994-1995<\/strong><\/span>, champion avec Monsieur Ely JOIRIS et donc mont\u00e9e de 3\u00e8me en 2\u00e8me provinciale avec l&rsquo;aide d&rsquo;un g\u00e9n\u00e9reux sponsor. Gr\u00e2ce \u00e0 celui-ci le club avait pu r\u00e9aliser de bons transferts.<\/p>\n<p><span style=\"color: #cc99ff\"><strong>En 2001-2002<\/strong> <\/span>: champion avec Monsieur Yorick CHERET et mont\u00e9e de 4\u00e8me en 3\u00e8me provinciale.<\/p>\n<p><span style=\"color: #cc99ff\"><strong>En 2003-2004<\/strong> <\/span>: champion avec Monsieur\u00a0 Pierre JENNART T1 et Monsieur Eric MUNICHEN T2 et mont\u00e9e de 3\u00e8me en 2\u00e8me provinciale.<\/p>\n<p>Dernier titre acquis par l&rsquo;\u00e9quipe fanion : Champion en 2015-2016 avec Monsieur Ludovic PHILIPPART T1, Monsieur S\u00e9bastien PIRAT T2 et Monsieur Eric VINAIMONT T3 et mont\u00e9e de 4\u00e8me en 3\u00e8me provinciale. Malheureusement, cette ascension fut \u00e9ph\u00e9m\u00e8re puisque nous sommes redescendus en 4\u00e8me provinciale. Que voulez-vous : c&rsquo;est la vie; Qu&rsquo;elle soit professionnel ou sportive, il y a des hauts et des bas.<\/p>\n<p><img loading=\"lazy\" decoding=\"async\" class=\"alignnone wp-image-230\" src=\"https:\/\/www.footclubs.be\/rsrs\/wp-content\/uploads\/sites\/89\/2018\/02\/photo-074-\u00e9quipe-2015-champion-300x200.jpg\" alt=\"\u00e9quipe 2015-2016\" width=\"416\" height=\"277\" srcset=\"https:\/\/www.footclubs.be\/rsrs\/wp-content\/uploads\/sites\/89\/2018\/02\/photo-074-\u00e9quipe-2015-champion-300x200.jpg 300w, https:\/\/www.footclubs.be\/rsrs\/wp-content\/uploads\/sites\/89\/2018\/02\/photo-074-\u00e9quipe-2015-champion.jpg 750w\" sizes=\"auto, (max-width: 416px) 100vw, 416px\" \/><\/p>\n<p>@ \u00e9quipe championne (2016).<\/p>\n<p>Remouchamps \u00e0 \u00e9galement \u00e9t\u00e9 le 1er club des environs \u00e0 inscrire une \u00e9quipe f\u00e9minine en championnat. Elle aura exist\u00e9 plus de 20 ans, dur\u00e9e pendant laquelle elle remportera 2 titres de Championne. Le premier durant la saison 1973 &#8211; 1974 et l&rsquo;autre durant la saison 1980 &#8211; 1981 qui ouvrit les portes de la 2\u00e8me division nationale.<\/p>\n<p><img loading=\"lazy\" decoding=\"async\" class=\"alignnone wp-image-236\" src=\"https:\/\/www.footclubs.be\/rsrs\/wp-content\/uploads\/sites\/89\/2018\/02\/photo-063-300x147.jpg\" alt=\"\u00e9quipe f\u00e9minime 1990\" width=\"416\" height=\"204\" srcset=\"https:\/\/www.footclubs.be\/rsrs\/wp-content\/uploads\/sites\/89\/2018\/02\/photo-063-300x147.jpg 300w, https:\/\/www.footclubs.be\/rsrs\/wp-content\/uploads\/sites\/89\/2018\/02\/photo-063-768x377.jpg 768w, https:\/\/www.footclubs.be\/rsrs\/wp-content\/uploads\/sites\/89\/2018\/02\/photo-063-1024x503.jpg 1024w, https:\/\/www.footclubs.be\/rsrs\/wp-content\/uploads\/sites\/89\/2018\/02\/photo-063.jpg 1114w\" sizes=\"auto, (max-width: 416px) 100vw, 416px\" \/><\/p>\n<p>@ \u00e9quipe f\u00e9minine (1990)<\/p>\n<p>Il faut quand m\u00eame vous faire observer que le matricule 1690 \u00e0 souvent \u00e9t\u00e9 class\u00e9 le 1er\u00a0 dans divers championnats des \u00e9quipes de jeunes et seniors.<\/p>\n<p>Le clubs a align\u00e9 pendant plusieurs ann\u00e9es jusqu&rsquo;\u00e0 9 \u00e9quipes : 1 fanion, 1 r\u00e9serve sp\u00e9ciale, 1 r\u00e9serve, 1 junior, 1 scolaire, 1 cadet, 1 minime, 1 pr\u00e9-minime et 1 f\u00e9minine.<\/p>\n<p>Depuis sa fondation jusqu&rsquo;\u00e0 ce jour le RSRS a chang\u00e9 3 fois de terrain \u00e0 savoir :<\/p>\n<ol>\n<li>Route de Trois-Ponts\u00a0(val du promontoire).<\/li>\n<li>Avenue de la\u00a0Porall\u00e9e (actuellement magasin TRAFIC).<\/li>\n<li>Et aujourd&rsquo;hui sur les infrastructures communales d&rsquo;Aywaille toujours Avenue de la Porall\u00e9e.<\/li>\n<\/ol>\n<p><img loading=\"lazy\" decoding=\"async\" class=\"alignnone wp-image-237\" src=\"https:\/\/www.footclubs.be\/rsrs\/wp-content\/uploads\/sites\/89\/2018\/02\/DSCN5509-300x225.jpg\" alt=\"Terrain A\" width=\"417\" height=\"313\" srcset=\"https:\/\/www.footclubs.be\/rsrs\/wp-content\/uploads\/sites\/89\/2018\/02\/DSCN5509-300x225.jpg 300w, https:\/\/www.footclubs.be\/rsrs\/wp-content\/uploads\/sites\/89\/2018\/02\/DSCN5509-768x576.jpg 768w, https:\/\/www.footclubs.be\/rsrs\/wp-content\/uploads\/sites\/89\/2018\/02\/DSCN5509-1024x768.jpg 1024w, https:\/\/www.footclubs.be\/rsrs\/wp-content\/uploads\/sites\/89\/2018\/02\/DSCN5509.jpg 1300w\" sizes=\"auto, (max-width: 417px) 100vw, 417px\" \/><\/p>\n<p>@ installation actuelle du RSRS.<\/p>\n<p>Il faut toutefois observer que les mentalit\u00e9s ont chang\u00e9, l&rsquo;esprit de clocher c&rsquo;est presque fini, les joueurs viennent puis ils s&rsquo;en vont, d&rsquo;une ann\u00e9e a l&rsquo;autre, ou bien il faut les monnayer. En attendant le club est toujours l\u00e0. Il est comme roseaux : il r\u00e9siste, plie peut-\u00eatre, mais ne\u00a0rompt pas !<\/p>\n<p>Nous ne pouvons certainement pas oublier notre \u00e9quipe \u00ab\u00a0v\u00e9t\u00e9rans\u00a0\u00bb compos\u00e9e de pas mal d&rsquo;anciens du cru. Toujours fid\u00e8les, ils sont toujours l\u00e0 depuis des dizaines d&rsquo;ann\u00e9es pour soutenir notre club en \u00e9tant toujours fiers de porter nos couleurs.<\/p>\n<p>Pour cette saison,<strong><span style=\"color: #cc99ff\"> 2017-2018<\/span><\/strong>, il\u00a0reste 1 \u00e9quipe fanion , 1 v\u00e9t\u00e9ran et 1 r\u00e9serve que nous tenons sp\u00e9cialement \u00e0 f\u00e9liciter car elle est un pilier important pour la vie du club. Elle r\u00e9pond toujours pr\u00e9sente que ce soit sportivement\u00a0ou festivement.<\/p>\n<p><img loading=\"lazy\" decoding=\"async\" class=\"alignnone wp-image-233\" src=\"https:\/\/www.footclubs.be\/rsrs\/wp-content\/uploads\/sites\/89\/2018\/02\/r\u00e9serve-300x168.jpg\" alt=\"\u00e9quipe r\u00e9serve 2017-2018\" width=\"416\" height=\"233\" srcset=\"https:\/\/www.footclubs.be\/rsrs\/wp-content\/uploads\/sites\/89\/2018\/02\/r\u00e9serve-300x168.jpg 300w, https:\/\/www.footclubs.be\/rsrs\/wp-content\/uploads\/sites\/89\/2018\/02\/r\u00e9serve-150x84.jpg 150w, https:\/\/www.footclubs.be\/rsrs\/wp-content\/uploads\/sites\/89\/2018\/02\/r\u00e9serve.jpg 552w\" sizes=\"auto, (max-width: 416px) 100vw, 416px\" \/><\/p>\n<p>@ \u00e9quipe r\u00e9serve 2017-2018.<\/p>\n<p>Bonne nouvelle, nous avons, depuis 2 ans, 1 \u00e9quipe de tous petits : les U6. L&rsquo;avenir du club passe par la formation des jeunes !<\/p>\n<p><img loading=\"lazy\" decoding=\"async\" class=\"alignnone wp-image-232\" src=\"https:\/\/www.footclubs.be\/rsrs\/wp-content\/uploads\/sites\/89\/2018\/02\/Les-ptits-gadlis-300x225.jpg\" alt=\"Les ptits gadlis U6\" width=\"415\" height=\"311\" srcset=\"https:\/\/www.footclubs.be\/rsrs\/wp-content\/uploads\/sites\/89\/2018\/02\/Les-ptits-gadlis-300x225.jpg 300w, https:\/\/www.footclubs.be\/rsrs\/wp-content\/uploads\/sites\/89\/2018\/02\/Les-ptits-gadlis-768x576.jpg 768w, https:\/\/www.footclubs.be\/rsrs\/wp-content\/uploads\/sites\/89\/2018\/02\/Les-ptits-gadlis-1024x768.jpg 1024w, https:\/\/www.footclubs.be\/rsrs\/wp-content\/uploads\/sites\/89\/2018\/02\/Les-ptits-gadlis.jpg 1300w\" sizes=\"auto, (max-width: 415px) 100vw, 415px\" \/><\/p>\n<p>@ les p&rsquo;tits gadlis &#8211; \u00e9quipe 2016-2017.<\/p>\n<p><span style=\"color: #cc99ff\"><strong>Saison 2019-2020 : <\/strong><span style=\"color: #000000\">Notre formation continue de belle fa\u00e7on, 4 \u00e9quipes (U9-U8-U7-U6) forme actuellement l&rsquo;\u00e9cole des jeunes du RSRS. Une belle satisfaction pour toutes les personnes responsables de ce beau projet et un Merci particulier \u00e0 Micka\u00ebl DAMHAUT sans qui cela n&rsquo;aurait pas pu \u00eatre r\u00e9aliser.<\/span><\/span><\/p>\n<p>Pour terminer cet historique qui sera allong\u00e9 d&rsquo;ann\u00e9es en ann\u00e9es, nous tenons \u00e0 remercier tout\u00a0le travail accompli que ce soit par les anciens membres fondateurs, les pr\u00e9sidents, les vice-pr\u00e9sidents, les secr\u00e9taires, les pr\u00e9sidents d&rsquo;honneur, par les comit\u00e9s actifs ou passifs, les d\u00e9l\u00e9gu\u00e9s, les b\u00e9n\u00e9voles, tous les joueurs natifs ou les transferts, les vaillants supporters et les\u00a0sponsors\u00a0qui ont et qui vont contribuez \u00e0 l&rsquo;existence de notre club.<\/p>\n<p>Jusqu&rsquo;\u00e0 ce jour le club a connu 6 pr\u00e9sidents :<\/p>\n<ol>\n<li>M. Albert HAUSMAN<\/li>\n<li>M. Lucien LAGASSE<\/li>\n<li>M. Georges LAMBERT<\/li>\n<li>M. le notaire G\u00e9rard HUBIN<\/li>\n<li>M. Claude BOUTET<\/li>\n<li>et actuellement M. Fredy CARPENTIER.<\/li>\n<\/ol>\n<p>Vive le <span style=\"text-decoration: underline\"><strong><span style=\"color: #cc99ff;text-decoration: underline\">ROYAL SOUGNE-REMOUCHAMPS SPORT<\/span><\/strong><\/span>, vive le matricule 1690 et allons les mauves et blancs.<\/p>\n","protected":false},"excerpt":{"rendered":"<p>Fond\u00e9 le 2 f\u00e9vrier 1927, le premier de l&rsquo;entit\u00e9 (de notre r\u00e9gion), nous avons \u00e9t\u00e9 affili\u00e9s \u00e0 l&rsquo;union belge quatre ans plus tard, le 7 d\u00e9cembre 1930 par un ancien directeur de l&rsquo;institut St Rapha\u00ebl. Le club prend naissance gr\u00e2ce \u00e0 sept passionn\u00e9s\u00a0 de ce magnifique sport qu&rsquo;est le football : Le p\u00e8re Glod (qui [&hellip;]<\/p>\n","protected":false},"author":93,"featured_media":0,"parent":0,"menu_order":0,"comment_status":"closed","ping_status":"closed","template":"page-templates\/page-history.php","meta":{"footnotes":""},"class_list":["post-19","page","type-page","status-publish","hentry"],"_links":{"self":[{"href":"https:\/\/www.footclubs.be\/rsrs\/wp-json\/wp\/v2\/pages\/19","targetHints":{"allow":["GET"]}}],"collection":[{"href":"https:\/\/www.footclubs.be\/rsrs\/wp-json\/wp\/v2\/pages"}],"about":[{"href":"https:\/\/www.footclubs.be\/rsrs\/wp-json\/wp\/v2\/types\/page"}],"author":[{"embeddable":true,"href":"https:\/\/www.footclubs.be\/rsrs\/wp-json\/wp\/v2\/users\/93"}],"replies":[{"embeddable":true,"href":"https:\/\/www.footclubs.be\/rsrs\/wp-json\/wp\/v2\/comments?post=19"}],"version-history":[{"count":12,"href":"https:\/\/www.footclubs.be\/rsrs\/wp-json\/wp\/v2\/pages\/19\/revisions"}],"predecessor-version":[{"id":543,"href":"https:\/\/www.footclubs.be\/rsrs\/wp-json\/wp\/v2\/pages\/19\/revisions\/543"}],"wp:attachment":[{"href":"https:\/\/www.footclubs.be\/rsrs\/wp-json\/wp\/v2\/media?parent=19"}],"curies":[{"name":"wp","href":"https:\/\/api.w.org\/{rel}","templated":true}]}}