{"id":35,"date":"2017-01-27T15:35:04","date_gmt":"2017-01-27T14:35:04","guid":{"rendered":"https:\/\/www.footclubs.be\/rsfca349\/?page_id=35"},"modified":"2017-01-27T15:48:39","modified_gmt":"2017-01-27T14:48:39","slug":"documents","status":"publish","type":"page","link":"https:\/\/www.footclubs.be\/rsfca349\/documents\/","title":{"rendered":"En cas d&rsquo;accident ou de blessure durant un match ou en entra\u00eenement."},"content":{"rendered":"<p>AVIS IMPORTANT Que faire en cas d&rsquo;accident ou de blessure au foot &#8230;? Le football \u00e9tant un jeu qui n&rsquo;est pas exempt d&rsquo;engagement physique, il peut arriver que des petits bobos se produisent, voici ce que vous devez faire si vous \u00eates en ordre d&rsquo;affiliation et donc de cotisation&#8230;<\/p>\n<p>1\u00b0 Demandez imm\u00e9diatement une d\u00e9claration d&rsquo;accident \u00e0 votre d\u00e9l\u00e9gu\u00e9 ou au coordinateur.<\/p>\n<p>2\u00b0 Rendez-vous chez le m\u00e9decin et faites-lui remplir la partie \u201cAttestation m\u00e9dicale\u201d<\/p>\n<p>3\u00b0 Compl\u00e9tez OBLIGATOIREMENT les renseignements suivants : nom, pr\u00e9nom, date et heure et circonstances de l&rsquo;accident, et n&rsquo;oubliez pas une vignette de votre mutuelle.<\/p>\n<ol>\n<li>Nom du club et n\u00b0 de matricule RSFCAndrimont 349<\/li>\n<li>Nom et pr\u00e9noms du bless\u00e9<\/li>\n<li>. Adresse exacte Grand<\/li>\n<li>. Date de naissance<\/li>\n<li>. Date et heure de l\u2019accident<\/li>\n<li>A) ou B) ou C) 6. Circonstances de l&rsquo;accident contact, tomb\u00e9,\u2026<\/li>\n<\/ol>\n<p>Remettre la d\u00e9claration le plus rapidement\u00a0 possible au club<\/p>\n<p>Voir document attach\u00e9 ci dessous pour plus d&rsquo;explication.<\/p>\n<p>En cas d\u2019accident footballistique. ACCIDENT D\u00e9finition: on entend par accident, le dommage caus\u00e9 par l&rsquo;action soudaine ou fortuite d&rsquo;une force ext\u00e9rieure \u00e9trang\u00e8re \u00e0 la volont\u00e9 de la victime. \u00b7<\/p>\n<p>L&rsquo;accident doit se produire sur le terrain, dans la salle ou \u00e0 l&rsquo;endroit o\u00f9 l&rsquo;organisation a lieu, dans la zone neutre, dans les vestiaires ou sur le chemin qui m\u00e8ne des vestiaires au terrain et vice versa. (Pas sur la voie publique !!!). \u00b7<\/p>\n<p>Si l&rsquo;inactivit\u00e9 sportive est inf\u00e9rieure \u00e0 15 jours, aucun frais kin\u00e9si th\u00e9rapeutique n&rsquo;est allou\u00e9 par le Fonds de Solidarit\u00e9 F\u00e9d\u00e9ral. \u00b7 Les dommages corporels survenus \u00e0 un membre en ordre de cotisation dans le cadre de la pratique du football sont couverts par le fond de solidarit\u00e9 de l\u2019URBSFA \u00e0 concurrence de la diff\u00e9rence entre le plafond INAMI et l\u2019indemnisation par la Mutuelle.<\/p>\n<p>L\u2019assurance n&rsquo;intervient pas pour les suppl\u00e9ments r\u00e9sultant de l&rsquo;hospitalisation en chambre particuli\u00e8re ou \u00e0 deux lits. De plus, informez-vous auparavant si les m\u00e9decins consult\u00e9s sont conventionn\u00e9s car dans la n\u00e9gative, il n\u2019y a pas d\u2019intervention du FSF pour tous les suppl\u00e9ments.<\/p>\n<p>Mutualit\u00e9 &amp; cotisation: lorsque le bless\u00e9 n&rsquo;est pas en r\u00e8gle vis-\u00e0-vis de la l\u00e9gislation en mati\u00e8re d&rsquo;assurance maladie invalidit\u00e9 et\/ou de cotisation, le dossier ne sera pas pris en consid\u00e9ration.<\/p>\n<p>Conditions de reprise de l\u2019activit\u00e9 sportive: Pour \u00eatre autoris\u00e9 \u00e0 la reprise des entra\u00eenements et matchs, le joueur doit se munir de l\u2019autorisation pr\u00e9alable remplie par son m\u00e9decin, ce certificat de reprise est sur l\u2019accus\u00e9 de r\u00e9ception de votre dossier.<\/p>\n<p>Ce document sera renvoy\u00e9 directement au Fond de Solidarit\u00e9 F\u00e9d\u00e9ral. Le Fonds de Solidarit\u00e9 F\u00e9d\u00e9ral n&rsquo;interviendrait pas dans un nouvel accident s&rsquo;il n&rsquo;est pas m\u00e9dicalement \u00e9tabli que l&rsquo;accident initial \u00e9tait consolid\u00e9 au moment de l&rsquo;accident suivant.<\/p>\n<p>Cela veut dire que le joueur en convalescence qui jouerai ou s\u2019entra\u00eenerai n\u2019est plus assur\u00e9 ! , il ne peut plus participer aux entra\u00eenements et matchs avant d\u2019avoir remis au responsable du club son certificat de gu\u00e9rison dument rempli<\/p>\n<p>Le Fonds de Solidarit\u00e9 F\u00e9d\u00e9ral n&rsquo;intervient que si le bless\u00e9 a fait appel \u00e0 un m\u00e9decin. Tout accident doit \u00eatre communiqu\u00e9 au Secr\u00e9tariat G\u00e9n\u00e9ral de l\u2019U.R.B.S.F.A. dans les 20 jours ouvrables suivant l\u2019accident.<\/p>\n<p>LA DECLARATION<\/p>\n<p>Remarques importantes: Avant d\u2019introduire une d\u00e9claration d\u2019accident, il est conseill\u00e9 de bien \u00e9valuer la gravit\u00e9 de l\u2019accident, l\u2019U.R.BS.F.A. encaisse des frais d\u2019administration (= franchise) pour chaque dossier (actuellement 9,60 \u20ac). Suivez scrupuleusement les consignes \u00e0 l\u2019introduction d\u2019une d\u00e9claration d\u2019accident. Si vous poss\u00e9dez une assurance d\u2019hospitalisation personnelle, faite appel \u00e0 celle-ci correctement avec lui (n\u2019oubliez pas de mentionner clairement la date, l\u2019heure, l\u2019endroit et les circonstances de l\u2019accident). Collez une vignette de votre mutualit\u00e9 \u00e0 l\u2019endroit indiqu\u00e9. Verso : Le m\u00e9decin traitant remplit compl\u00e8tement le c\u00f4t\u00e9 verso du document et y appose sa signature et son cachet. Le m\u00e9decin traitant indique sous le point 4 du document si un kin\u00e9sith\u00e9rapeute ou un physioth\u00e9rapeute sont indispensables, ainsi que le nombre de s\u00e9ances n\u00e9cessaires.<\/p>\n<p>Attention le traitement ne peut commencer qu&rsquo;apr\u00e8s l&rsquo;introduction de la d\u00e9claration \u00e0 l\u2019Union Belge. (En cas de doute, faites inscrire d&rsquo;office 9 s\u00e9ances de kin\u00e9sith\u00e9rapie sur le formulaire par votre m\u00e9decin).<\/p>\n<p>Si par la suite votre m\u00e9decin juge n\u00e9cessaire une nouvelle s\u00e9rie de kin\u00e9, il faut en refaire la demande \u00e0 l&rsquo;Union Belge AVANT de pouvoir poursuivre le traitement. Remettre d&rsquo;urgence la nouvelle prescription au secr\u00e9taire du club (max 60 s\u00e9ances).<\/p>\n<p>Le remboursement de la kin\u00e9 s&rsquo;arr\u00eatera le jour de la reprise du foot. A d\u00e9faut d&rsquo;observer ces obligations, la kin\u00e9 ne sera pas rembours\u00e9e par l&rsquo;assurance.<\/p>\n<p>Remettez le formulaire de d\u00e9claration compl\u00e9t\u00e9 au plus tard dans les 3 jours ouvrables au secr\u00e9tariat du club.<\/p>\n<p>Il compl\u00e9tera le reste de la d\u00e9claration et la transmettra au Fonds de Solidarit\u00e9 F\u00e9d\u00e9ral. D\u00e9roulement de la d\u00e9claration : Remettre au plus vite la d\u00e9claration d\u2019accident, dument remplie (recto-verso), au secr\u00e9tariat des jeunes afin que le Fonds de Solidarit\u00e9 F\u00e9d\u00e9ral (F.S.F) puisse l\u2019accepter, le document doit arriver \u00e0 l\u2019U.R.B.S.F.A. au plus tard 20 jours apr\u00e8s l\u2019accident !!!<\/p>\n<p>Entre-temps le joueur ne peut plus participer ni aux entra\u00eenements ni aux matchs. Il doit d\u2019abord remettre au secr\u00e9tariat des jeunes l\u2019attestation de \u00abreprise de football\u00bb d\u00fbment remplie par son m\u00e9decin traitant (partie inf\u00e9rieure de l\u2019accus\u00e9 de r\u00e9ception de l\u2019URBSFA).<\/p>\n<p>Le Fonds de Solidarit\u00e9 F\u00e9d\u00e9ral (F.S.F.) enregistre le dossier. Le Fond de Solidarit\u00e9 F\u00e9d\u00e9ral envoie un accus\u00e9 de r\u00e9ception de l\u2019enregistrement du dossier +\/- apr\u00e8s 2 semaines ainsi qu\u2019une attestation de \u00ab gu\u00e9rison compl\u00e8te \u00bb \u00e0 faire remplir par le m\u00e9decin traitant (*).<\/p>\n<p>Payez les factures des m\u00e9decins que vous consultez pour votre accident ainsi que les tickets de pharmacie des m\u00e9dicaments prescrits (gardez les souches de la pharmacie).<\/p>\n<p>Comme d&rsquo;habitude faites-vous rembourser par votre mutuelle et demandez \u00e0 celle-ci un relev\u00e9 ou une quittance stipulant les sommes que vous avez pay\u00e9es et le remboursement effectu\u00e9 par elle.<\/p>\n<p>Vous remettez l\u2019attestation de reprise ainsi que la quittance de votre mutuelle au secr\u00e9tariat des jeunes apr\u00e8s avoir de pr\u00e9f\u00e9rence effectu\u00e9 une copie des documents originaux. Le Royal Standard football Club Andrimont envoie ces documents \u00e0 l\u2019U.R.B.S.F.A. et vous r\u00e9cup\u00e9rez une partie des frais (souvent la partie non r\u00e9cup\u00e9rable aupr\u00e8s de votre mutuelle ou de votre assurance hospitalisation).<\/p>\n<p>Le RSFCA d\u00e9cline toute responsabilit\u00e9 si cette proc\u00e9dure n\u2019a pas \u00e9t\u00e9 respect\u00e9e.<\/p>\n<p>Attention! Un dossier ouvert au FSF et non cl\u00f4tur\u00e9 par un certificat de gu\u00e9rison (et dont les quittances mutuelle n&rsquo;ont pas \u00e9t\u00e9 rentr\u00e9es) end\u00e9ans deux ans de la date de l&rsquo;accident sera d\u00e9finitivement cl\u00f4tur\u00e9 sans indemnisation (prescription).<\/p>\n<p>Sauf si demande pr\u00e9alable du club pour maintenir le dossier ouvert. (*) Le m\u00e9decin traitant peut lu-m\u00eame \u00e9tablir une attestation, pour autant que ce document soit conforme au document mod\u00e8le du F.S.F.<\/p>\n<p>EN RESUME Que faire en cas de blessure ?<\/p>\n<p>1. Une d\u00e9claration d\u2019accident est disponible aupr\u00e8s de votre d\u00e9l\u00e9gu\u00e9, au secr\u00e9tariat ou t\u00e9l\u00e9chargeable \u2013 t\u00e9l\u00e9chargeable dans la partie info club \u00ab Ecole des jeunes \u00bb (Attention, l\u2019impression du document doit imp\u00e9rativement se faire en mode \u00ab couleur \u00bb et en \u00ab recto\/verso\u00ab ).<\/p>\n<p>2. Lors de la visite chez le m\u00e9decin, faites-lui remplir la partie \u00ab Attestation m\u00e9dicale \u00bb<\/p>\n<p>3. Compl\u00e9tez obligatoirement les renseignements suivants : nom, pr\u00e9nom, date &amp; heure, et n\u2019oubliez pas d\u2019apposer une vignette de votre mutuelle \u00e0 l\u2019endroit pr\u00e9vu.<\/p>\n<p>4. Remettez la d\u00e9claration d\u2019accident au secr\u00e9tariat qui la transmettra au Fonds de Solidarit\u00e9 F\u00e9d\u00e9ral, le d\u00e9lai maximum est de 14 jours \u00e0 partir de la date de l\u2019accident.<\/p>\n<p>5. Lorsque vous \u00eates r\u00e9tabli, vous ferez compl\u00e9ter par le m\u00e9decin l\u2019 \u00bbAutorisation de reprise du football \u00bb que vous aurez re\u00e7u pr\u00e9c\u00e9demment du secr\u00e9tariat (document accus\u00e9 de r\u00e9ception de l\u2019URBSFA).<\/p>\n<p>6. Pour le remboursement : apr\u00e8s avoir pay\u00e9 toutes les factures et avoir per\u00e7u tous les remboursements de la mutuelle, toutes les quittances mentionnant les montants non rembours\u00e9s sont \u00e0 rentrer au secr\u00e9tariat. La diff\u00e9rence est prise en charge par le Fonds de Solidarit\u00e9 F\u00e9d\u00e9ral.<\/p>\n<p>Num\u00e9ros d\u2019Appels \u2013 URGENCES<\/p>\n<p>Ambulance \u2013 Pompiers : 100<\/p>\n<p>Child Focus : 110<\/p>\n<p>Police : 101<\/p>\n<p>Pharmacie de garde : 0900\/10500<\/p>\n<p>M\u00e9decin de garde : 1307<\/p>\n<p>Centre Antipoison : 070\/245245<\/p>\n<p>Centre des Br\u00fbl\u00e9s : 022\/686200<\/p>\n<p>Croix Rouge : 105<\/p>\n<p>Accident\/Agression : 112<\/p>\n<p>Matricule du CLUB 349<\/p>\n<p>Secr\u00e9taire : David Van Aubel 087447406 gsm 0496922203<\/p>\n","protected":false},"excerpt":{"rendered":"<p>AVIS IMPORTANT Que faire en cas d&rsquo;accident ou de blessure au foot &#8230;? Le football \u00e9tant un jeu qui n&rsquo;est pas exempt d&rsquo;engagement physique, il peut arriver que des petits bobos se produisent, voici ce que vous devez faire si vous \u00eates en ordre d&rsquo;affiliation et donc de cotisation&#8230; 1\u00b0 Demandez imm\u00e9diatement une d\u00e9claration d&rsquo;accident [&hellip;]<\/p>\n","protected":false},"author":85,"featured_media":0,"parent":0,"menu_order":0,"comment_status":"closed","ping_status":"closed","template":"page-templates\/page-documents.php","meta":{"footnotes":""},"class_list":["post-35","page","type-page","status-publish","hentry"],"_links":{"self":[{"href":"https:\/\/www.footclubs.be\/rsfca349\/wp-json\/wp\/v2\/pages\/35","targetHints":{"allow":["GET"]}}],"collection":[{"href":"https:\/\/www.footclubs.be\/rsfca349\/wp-json\/wp\/v2\/pages"}],"about":[{"href":"https:\/\/www.footclubs.be\/rsfca349\/wp-json\/wp\/v2\/types\/page"}],"author":[{"embeddable":true,"href":"https:\/\/www.footclubs.be\/rsfca349\/wp-json\/wp\/v2\/users\/85"}],"replies":[{"embeddable":true,"href":"https:\/\/www.footclubs.be\/rsfca349\/wp-json\/wp\/v2\/comments?post=35"}],"version-history":[{"count":3,"href":"https:\/\/www.footclubs.be\/rsfca349\/wp-json\/wp\/v2\/pages\/35\/revisions"}],"predecessor-version":[{"id":136,"href":"https:\/\/www.footclubs.be\/rsfca349\/wp-json\/wp\/v2\/pages\/35\/revisions\/136"}],"wp:attachment":[{"href":"https:\/\/www.footclubs.be\/rsfca349\/wp-json\/wp\/v2\/media?parent=35"}],"curies":[{"name":"wp","href":"https:\/\/api.w.org\/{rel}","templated":true}]}}