{"id":42,"date":"2017-05-14T21:20:24","date_gmt":"2017-05-14T19:20:24","guid":{"rendered":"https:\/\/www.footclubs.be\/rgs69\/?page_id=42"},"modified":"2017-05-14T21:26:51","modified_gmt":"2017-05-14T19:26:51","slug":"contact","status":"publish","type":"page","link":"https:\/\/www.footclubs.be\/rgs69\/contact\/","title":{"rendered":"Contact"},"content":{"rendered":"<p>Merci de bien vouloir nous contactez en utilisant le formulaire ci-dessous.<\/p>\n<p>Dans votre message, n&rsquo;oubliez pas d&rsquo;indiquer le d\u00e9partement concern\u00e9 :<\/p>\n<ul>\n<li>Sponsoring<\/li>\n<li>Administration<\/li>\n<li>Comptabilit\u00e9<\/li>\n<li>Infrastructure<\/li>\n<li>Cuisine<\/li>\n<\/ul>\n<p>&nbsp;<\/p>\n<p>Merci d&rsquo;avance.<\/p>\n","protected":false},"excerpt":{"rendered":"<p>Merci de bien vouloir nous contactez en utilisant le formulaire ci-dessous. Dans votre message, n&rsquo;oubliez pas d&rsquo;indiquer le d\u00e9partement concern\u00e9 : Sponsoring Administration Comptabilit\u00e9 Infrastructure Cuisine &nbsp; Merci d&rsquo;avance.<\/p>\n","protected":false},"author":100,"featured_media":0,"parent":0,"menu_order":0,"comment_status":"closed","ping_status":"closed","template":"page-templates\/page-contact.php","meta":{"footnotes":""},"class_list":["post-42","page","type-page","status-publish","hentry"],"_links":{"self":[{"href":"https:\/\/www.footclubs.be\/rgs69\/wp-json\/wp\/v2\/pages\/42","targetHints":{"allow":["GET"]}}],"collection":[{"href":"https:\/\/www.footclubs.be\/rgs69\/wp-json\/wp\/v2\/pages"}],"about":[{"href":"https:\/\/www.footclubs.be\/rgs69\/wp-json\/wp\/v2\/types\/page"}],"author":[{"embeddable":true,"href":"https:\/\/www.footclubs.be\/rgs69\/wp-json\/wp\/v2\/users\/100"}],"replies":[{"embeddable":true,"href":"https:\/\/www.footclubs.be\/rgs69\/wp-json\/wp\/v2\/comments?post=42"}],"version-history":[{"count":3,"href":"https:\/\/www.footclubs.be\/rgs69\/wp-json\/wp\/v2\/pages\/42\/revisions"}],"predecessor-version":[{"id":65,"href":"https:\/\/www.footclubs.be\/rgs69\/wp-json\/wp\/v2\/pages\/42\/revisions\/65"}],"wp:attachment":[{"href":"https:\/\/www.footclubs.be\/rgs69\/wp-json\/wp\/v2\/media?parent=42"}],"curies":[{"name":"wp","href":"https:\/\/api.w.org\/{rel}","templated":true}]}}