{"id":36,"date":"2020-08-13T18:28:45","date_gmt":"2020-08-13T16:28:45","guid":{"rendered":"https:\/\/www.footclubs.be\/rfcanhee\/?page_id=36"},"modified":"2025-08-22T08:56:26","modified_gmt":"2025-08-22T06:56:26","slug":"infos-1","status":"publish","type":"page","link":"https:\/\/www.footclubs.be\/rfcanhee\/infos-1\/","title":{"rendered":"Infos pour les formateurs"},"content":{"rendered":"<ol>\n<li><a href=\"https:\/\/www.footclubs.be\/rfcanhee\/wp-content\/uploads\/sites\/107\/2025\/08\/ACFF_LaformationdesjeunesenACFF.pdf\" target=\"_blank\" rel=\"noopener\">ACFF La formation des jeunes en ACFF<\/a><\/li>\n<li><a href=\"https:\/\/www.footclubs.be\/rfcanhee\/wp-content\/uploads\/sites\/107\/2023\/09\/Charte-formateur.pdf\" target=\"_blank\" rel=\"noopener\">Charte du Formateur<\/a><\/li>\n<li><a href=\"https:\/\/www.footclubs.be\/rfcanhee\/wp-content\/uploads\/sites\/107\/2023\/09\/50-23-24.pdf\" target=\"_blank\" rel=\"noopener\">Respect des 50 % de temps de jeu<\/a><\/li>\n<li><a href=\"https:\/\/www.footclubs.be\/rfcanhee\/wp-content\/uploads\/sites\/107\/2023\/08\/ACFF_Guidep\u00e9dagogique_Jeu_\u00e0_2_U6.pdf\" target=\"_blank\" rel=\"noopener\">ACFF Guide p\u00e9dagogique Jeu \u00e0 2 U6<\/a><\/li>\n<li><a href=\"https:\/\/www.footclubs.be\/rfcanhee\/wp-content\/uploads\/sites\/107\/2023\/08\/ACFF_Guidep\u00e9dagogique_Jeu_\u00e0_3_U7.pdf\" target=\"_blank\" rel=\"noopener\">ACFF Guide p\u00e9dagogique Jeu \u00e0 3 U7<\/a><\/li>\n<li><a href=\"https:\/\/www.footclubs.be\/rfcanhee\/wp-content\/uploads\/sites\/107\/2023\/08\/ACFF_Guidep\u00e9dagogique_Jeu-\u00e0-5_U8-U9.pdf\" target=\"_blank\" rel=\"noopener\">ACFF Guide p\u00e9dagogique Jeu \u00e0 5 U8 U9<\/a><\/li>\n<li><a href=\"https:\/\/www.footclubs.be\/rfcanhee\/wp-content\/uploads\/sites\/107\/2025\/08\/Fiches_ACFF.pdf\" target=\"_blank\" rel=\"noopener\">Fiches r\u00e8glement jeunes ACFF<\/a><\/li>\n<li><a href=\"https:\/\/www.footclubs.be\/rfcanhee\/wp-content\/uploads\/sites\/107\/2023\/08\/zone_de_relance.pdf\" target=\"_blank\" rel=\"noopener\">Zone De Relance en 5c5 et 8c8<\/a><\/li>\n<\/ol>\n<p><img decoding=\"async\" src=\"https:\/\/www.footclubs.be\/rfcanhee\/wp-content\/uploads\/sites\/107\/2017\/09\/offici1-2-300x300.jpg\" alt=\"offici1 (2)\" \/><\/p>\n<p>&nbsp;<\/p>\n","protected":false},"excerpt":{"rendered":"<p>ACFF La formation des jeunes en ACFF Charte du Formateur Respect des 50 % de temps de jeu ACFF Guide p\u00e9dagogique Jeu \u00e0 2 U6 ACFF Guide p\u00e9dagogique Jeu \u00e0 3 U7 ACFF Guide p\u00e9dagogique Jeu \u00e0 5 U8 U9 Fiches r\u00e8glement jeunes ACFF Zone De Relance en 5c5 et 8c8 &nbsp;<\/p>\n","protected":false},"author":123,"featured_media":0,"parent":0,"menu_order":0,"comment_status":"closed","ping_status":"closed","template":"page-templates\/page-free.php","meta":{"footnotes":""},"class_list":["post-36","page","type-page","status-publish","hentry"],"_links":{"self":[{"href":"https:\/\/www.footclubs.be\/rfcanhee\/wp-json\/wp\/v2\/pages\/36","targetHints":{"allow":["GET"]}}],"collection":[{"href":"https:\/\/www.footclubs.be\/rfcanhee\/wp-json\/wp\/v2\/pages"}],"about":[{"href":"https:\/\/www.footclubs.be\/rfcanhee\/wp-json\/wp\/v2\/types\/page"}],"author":[{"embeddable":true,"href":"https:\/\/www.footclubs.be\/rfcanhee\/wp-json\/wp\/v2\/users\/123"}],"replies":[{"embeddable":true,"href":"https:\/\/www.footclubs.be\/rfcanhee\/wp-json\/wp\/v2\/comments?post=36"}],"version-history":[{"count":20,"href":"https:\/\/www.footclubs.be\/rfcanhee\/wp-json\/wp\/v2\/pages\/36\/revisions"}],"predecessor-version":[{"id":1087,"href":"https:\/\/www.footclubs.be\/rfcanhee\/wp-json\/wp\/v2\/pages\/36\/revisions\/1087"}],"wp:attachment":[{"href":"https:\/\/www.footclubs.be\/rfcanhee\/wp-json\/wp\/v2\/media?parent=36"}],"curies":[{"name":"wp","href":"https:\/\/api.w.org\/{rel}","templated":true}]}}