{"id":27,"date":"2022-08-11T15:35:46","date_gmt":"2022-08-11T13:35:46","guid":{"rendered":"https:\/\/www.footclubs.be\/rfcanhee\/?page_id=27"},"modified":"2022-08-12T12:21:23","modified_gmt":"2022-08-12T10:21:23","slug":"the-club-2","status":"publish","type":"page","link":"https:\/\/www.footclubs.be\/rfcanhee\/the-club-2\/","title":{"rendered":"Instructions m\u00e9dicales"},"content":{"rendered":"<p><a href=\"https:\/\/www.footclubs.be\/rfcanhee\/wp-content\/uploads\/sites\/107\/2022\/08\/D\u00e9claration-accident.pdf\" target=\"\">D\u00e9claration Accident \u00e0 imprimer<\/a><\/p>\n<ul>\n<li>Les dommages corporels survenus \u00e0 un membre en ordre de cotisation dans le cadre de la pratique du football sont couverts par le fond de solidarit\u00e9 de l\u2019URBSFA \u00e0 concurrence de la diff\u00e9rence entre le plafond INAMI et l\u2019indemnisation par la Mutuelle. Le club ne peut \u00eatre tenu pour responsable de tels dommages, sauf s\u2019il est d\u00e9montr\u00e9 qu\u2019ils r\u00e9sultent d\u2019une faute grave de sa part.<\/li>\n<li><strong><em>Attestation m\u00e9dicale de son m\u00e9decin certifiant l&rsquo; aptitude\u00a0\u00a0du joueur \u00e0 la pratique intensive du football<\/em><\/strong>.<\/li>\n<\/ul>\n<p>Il est vivement conseill\u00e9 aux parents de soumettre leur enfant \u00e0 des tests m\u00e9dicaux r\u00e9guliers. En tout \u00e9tat d cause, tout joueur affili\u00e9 au R. Anh\u00e9e FC doit obligatoirement remettre au d\u00e9but de chaque saison une attestation m\u00e9dicale de son m\u00e9decin certifiant son aptitude \u00e0 la pratique intensive du football. A d\u00e9faut de remise de ce document dans les d\u00e9lais, le membre est r\u00e9put\u00e9 apte \u00e0 la pratique d\u2019activit\u00e9s physiques et supporte seul tout risque m\u00e9dical dont il pourrait \u00eatre victime en cours de saison.<\/p>\n<p><strong><u>ACCIDENT DE FOOTBALL<\/u><\/strong><\/p>\n<p>Lorsqu&rsquo;un\u00a0\u00a0joueur est victime d&rsquo;un accident de football, si n\u00e9cessaire, une\u00a0<strong>d\u00e9claration d&rsquo;accident,\u00a0<\/strong>disponible aupr\u00e8s du d\u00e9l\u00e9gu\u00e9 ou du secr\u00e9taire du club ou sur le site du club, doit \u00eatre remplie par un m\u00e9decin. Celle-ci sera remise, dans les plus brefs d\u00e9lais, au Secr\u00e9taire du Club qui la transmettra au FSF.<\/p>\n<p><em><strong>Cette d\u00e9claration, sous peine de nullit\u00e9, doit parvenir au FSF URBSFA dans les 21 jours ouvrables suivant la date de l&rsquo;accident<\/strong>.<\/em><\/p>\n<p><strong>Avant toute reprise du football, une attestation m\u00e9dicale de gu\u00e9rison doit \u00eatre remise au secr\u00e9taire du club qui l&rsquo;enverra au FSF,<\/strong>\u00a0car en cas d&rsquo;un nouvel accident, le Fonds de solidarit\u00e9 f\u00e9d\u00e9ral n&rsquo;interviendrait plus dans le remboursement des frais m\u00e9dicaux<\/p>\n<p><u><strong>Joindre \u00e0 la d\u00e9claration une vignette de mutuelle<\/strong><\/u><u><strong>\u00a0<\/strong><\/u>\u00a0(lorsque le bless\u00e9 n&rsquo;est pas en r\u00e8gle vis-\u00e0-vis de la l\u00e9gislation en mati\u00e8re d&rsquo;assurance maladie &#8211; invalidit\u00e9, le dossier n&rsquo;est pas pris en consid\u00e9ration.)<\/p>\n<p>Pour chaque compl\u00e9ment de Kin\u00e9, une nouvelle demande doit \u00eatre faite (envoi d&rsquo;un certificat m\u00e9dical au Fonds solidarit\u00e9 f\u00e9d\u00e9ral).<\/p>\n<p><u><strong>MEDECIN ET KINE<\/strong><\/u><\/p>\n<p>Le club poss\u00e8de un m\u00e9decin et un kin\u00e9 attitr\u00e9s.<\/p>\n<p>Ils sont disponibles au club sur demande et nous vous les recommandons pour tous probl\u00e8mes physiques.<\/p>\n<p>Voici leurs coordonn\u00e9es\u00a0 :<\/p>\n<p>Dr Simon Guns &#8211; 082\/229 048 &#8211; Chauss\u00e9e de Dinant, 16\u00a0 \u00e0 5537 Anh\u00e9e<\/p>\n<p>Aur\u00e9lien Dekoninck &#8211; 0472\/769 761 &#8211; Rue Grande, 88 \u00e0 5537 Anh\u00e9e<\/p>\n<p>&nbsp;<\/p>\n","protected":false},"excerpt":{"rendered":"<p>D\u00e9claration Accident \u00e0 imprimer Les dommages corporels survenus \u00e0 un membre en ordre de cotisation dans le cadre de la pratique du football sont couverts par le fond de solidarit\u00e9 de l\u2019URBSFA \u00e0 concurrence de la diff\u00e9rence entre le plafond INAMI et l\u2019indemnisation par la Mutuelle. Le club ne peut \u00eatre tenu pour responsable de [&hellip;]<\/p>\n","protected":false},"author":123,"featured_media":0,"parent":0,"menu_order":0,"comment_status":"closed","ping_status":"closed","template":"page-templates\/page-free.php","meta":{"footnotes":""},"class_list":["post-27","page","type-page","status-publish","hentry"],"_links":{"self":[{"href":"https:\/\/www.footclubs.be\/rfcanhee\/wp-json\/wp\/v2\/pages\/27","targetHints":{"allow":["GET"]}}],"collection":[{"href":"https:\/\/www.footclubs.be\/rfcanhee\/wp-json\/wp\/v2\/pages"}],"about":[{"href":"https:\/\/www.footclubs.be\/rfcanhee\/wp-json\/wp\/v2\/types\/page"}],"author":[{"embeddable":true,"href":"https:\/\/www.footclubs.be\/rfcanhee\/wp-json\/wp\/v2\/users\/123"}],"replies":[{"embeddable":true,"href":"https:\/\/www.footclubs.be\/rfcanhee\/wp-json\/wp\/v2\/comments?post=27"}],"version-history":[{"count":8,"href":"https:\/\/www.footclubs.be\/rfcanhee\/wp-json\/wp\/v2\/pages\/27\/revisions"}],"predecessor-version":[{"id":964,"href":"https:\/\/www.footclubs.be\/rfcanhee\/wp-json\/wp\/v2\/pages\/27\/revisions\/964"}],"wp:attachment":[{"href":"https:\/\/www.footclubs.be\/rfcanhee\/wp-json\/wp\/v2\/media?parent=27"}],"curies":[{"name":"wp","href":"https:\/\/api.w.org\/{rel}","templated":true}]}}