{"id":41,"date":"2017-09-19T11:33:27","date_gmt":"2017-09-19T09:33:27","guid":{"rendered":"https:\/\/www.footclubs.be\/mfredoutables\/?page_id=41"},"modified":"2018-01-09T12:51:05","modified_gmt":"2018-01-09T11:51:05","slug":"sponsors","status":"publish","type":"page","link":"https:\/\/www.footclubs.be\/mfredoutables\/sponsors\/","title":{"rendered":"Sponsors"},"content":{"rendered":"<h3 style=\"text-align: center\"><span style=\"color: #ff00ff\">Le MF Les Redoutables <\/span><\/h3>\n<h3 style=\"text-align: center\"><span style=\"color: #ff00ff\">Tiens \u00e0 remercier ses g\u00e9n\u00e9raux sponsors pour leurs soutiens.<\/span><\/h3>\n<h3 style=\"text-align: center\"><span style=\"color: #ff00ff\">Sans eux nous ne sommes rien !<\/span><\/h3>\n<h3 style=\"text-align: center\"><span style=\"color: #ff00ff\">!!! MERCI !!!<\/span><\/h3>\n","protected":false},"excerpt":{"rendered":"<p>Le MF Les Redoutables Tiens \u00e0 remercier ses g\u00e9n\u00e9raux sponsors pour leurs soutiens. Sans eux nous ne sommes rien ! !!! MERCI !!!<\/p>\n","protected":false},"author":134,"featured_media":0,"parent":0,"menu_order":0,"comment_status":"closed","ping_status":"closed","template":"page-templates\/page-sponsors.php","meta":{"footnotes":""},"class_list":["post-41","page","type-page","status-publish","hentry"],"_links":{"self":[{"href":"https:\/\/www.footclubs.be\/mfredoutables\/wp-json\/wp\/v2\/pages\/41","targetHints":{"allow":["GET"]}}],"collection":[{"href":"https:\/\/www.footclubs.be\/mfredoutables\/wp-json\/wp\/v2\/pages"}],"about":[{"href":"https:\/\/www.footclubs.be\/mfredoutables\/wp-json\/wp\/v2\/types\/page"}],"author":[{"embeddable":true,"href":"https:\/\/www.footclubs.be\/mfredoutables\/wp-json\/wp\/v2\/users\/134"}],"replies":[{"embeddable":true,"href":"https:\/\/www.footclubs.be\/mfredoutables\/wp-json\/wp\/v2\/comments?post=41"}],"version-history":[{"count":6,"href":"https:\/\/www.footclubs.be\/mfredoutables\/wp-json\/wp\/v2\/pages\/41\/revisions"}],"predecessor-version":[{"id":131,"href":"https:\/\/www.footclubs.be\/mfredoutables\/wp-json\/wp\/v2\/pages\/41\/revisions\/131"}],"wp:attachment":[{"href":"https:\/\/www.footclubs.be\/mfredoutables\/wp-json\/wp\/v2\/media?parent=41"}],"curies":[{"name":"wp","href":"https:\/\/api.w.org\/{rel}","templated":true}]}}