{"id":27,"date":"2019-08-30T16:10:32","date_gmt":"2019-08-30T14:10:32","guid":{"rendered":"https:\/\/www.footclubs.be\/kosova\/?page_id=27"},"modified":"2019-08-30T16:12:32","modified_gmt":"2019-08-30T14:12:32","slug":"the-club-2","status":"publish","type":"page","link":"https:\/\/www.footclubs.be\/kosova\/the-club-2\/","title":{"rendered":"Remise des matchs"},"content":{"rendered":"<h1>Remises des matches<\/h1>\n<div class=\"cell small-12 medium-11 large-11 intro\">\n<p>Pour jouer au football partout ce week-end?\u00a0Ou dieux de la m\u00e9t\u00e9o vont-ils jouer les troubles-f\u00eates?<\/p>\n<\/div>\n<div class=\"cell small-12\">\n<div class=\"grid-x ng-star-inserted\">\n<div class=\"cell small-12 medium-11 large-11 paragraph-text-content\">\n<p>En g\u00e9n\u00e9ral, ce sont les matchs de jeunes et de r\u00e9serves, les d\u00e9cisions seront toujours prises le vendredi \u00e0 12h au plus tard.\u00a0Pour ce qui est des premi\u00e8res \u00e9quipes, la d\u00e9cision sera prise le samedi \u00e0 12h au plus tard.<\/p>\n<p>En cas de conditions climatiques extr\u00eames, il peut encore \u00eatre pass\u00e9 \u00e0 autre chose.<\/p>\n<h2 style=\"text-align: center\"><a href=\"https:\/\/www.belgianfootball.be\/fr\/competitions\/remises-des-matches\">Cliquez ici pour voir<\/a><\/h2>\n<\/div>\n<\/div>\n<\/div>\n","protected":false},"excerpt":{"rendered":"<p>Remises des matches Pour jouer au football partout ce week-end?\u00a0Ou dieux de la m\u00e9t\u00e9o vont-ils jouer les troubles-f\u00eates? En g\u00e9n\u00e9ral, ce sont les matchs de jeunes et de r\u00e9serves, les d\u00e9cisions seront toujours prises le vendredi \u00e0 12h au plus tard.\u00a0Pour ce qui est des premi\u00e8res \u00e9quipes, la d\u00e9cision sera prise le samedi \u00e0 12h [&hellip;]<\/p>\n","protected":false},"author":318,"featured_media":0,"parent":0,"menu_order":0,"comment_status":"closed","ping_status":"closed","template":"page-templates\/page-free.php","meta":{"footnotes":""},"class_list":["post-27","page","type-page","status-publish","hentry"],"_links":{"self":[{"href":"https:\/\/www.footclubs.be\/kosova\/wp-json\/wp\/v2\/pages\/27","targetHints":{"allow":["GET"]}}],"collection":[{"href":"https:\/\/www.footclubs.be\/kosova\/wp-json\/wp\/v2\/pages"}],"about":[{"href":"https:\/\/www.footclubs.be\/kosova\/wp-json\/wp\/v2\/types\/page"}],"author":[{"embeddable":true,"href":"https:\/\/www.footclubs.be\/kosova\/wp-json\/wp\/v2\/users\/318"}],"replies":[{"embeddable":true,"href":"https:\/\/www.footclubs.be\/kosova\/wp-json\/wp\/v2\/comments?post=27"}],"version-history":[{"count":3,"href":"https:\/\/www.footclubs.be\/kosova\/wp-json\/wp\/v2\/pages\/27\/revisions"}],"predecessor-version":[{"id":465,"href":"https:\/\/www.footclubs.be\/kosova\/wp-json\/wp\/v2\/pages\/27\/revisions\/465"}],"wp:attachment":[{"href":"https:\/\/www.footclubs.be\/kosova\/wp-json\/wp\/v2\/media?parent=27"}],"curies":[{"name":"wp","href":"https:\/\/api.w.org\/{rel}","templated":true}]}}