{"id":19,"date":"2019-07-24T09:49:12","date_gmt":"2019-07-24T07:49:12","guid":{"rendered":"https:\/\/www.footclubs.be\/kosova\/?page_id=19"},"modified":"2019-08-29T14:51:12","modified_gmt":"2019-08-29T12:51:12","slug":"history","status":"publish","type":"page","link":"https:\/\/www.footclubs.be\/kosova\/history\/","title":{"rendered":"Historique"},"content":{"rendered":"<p><strong>Le Club fut fond\u00e9 en\u00a01989, \u00e0 l\u2019\u00e9poque le club \u00e9tait en ligue amateur (ABCA).<\/strong><\/p>\n<p><strong>En\u00a01991\u00a0le club rejoint l\u2019union Belge de Football (URBSFA)<\/strong><\/p>\n<p><strong>Le club a \u00e9t\u00e9 cr\u00e9er par un groupe d\u2019amis issu de la communaut\u00e9 Albanaise, le pr\u00e9sident de l\u2019\u00e9poque c\u2019\u00e9tait\u00a0Bytyci Ismael.<\/strong><\/p>\n<p><strong>30 ans\u00a0plus tard l\u2019\u00e9quipe est en\u00a0National (D3A) et compte\u00a022\u00a0\u00e9quipes de jeunes,\u00a02\u00a0\u00e9quipes premi\u00e8res et\u00a02\u00a0\u00e9quipes v\u00e9t\u00e9rans et une \u00e9quipe Dames.<\/strong><\/p>\n<p><strong>Le Club est devenu tr\u00e8s actif au sein de la commune de\u00a0Schaerbeek, avec une disparit\u00e9 et une diversit\u00e9 culturelle qui fait la force du club, nous sommes devenus un vecteur social et rassembleur important.<\/strong><\/p>\n<p><strong>Le club s\u2019est dot\u00e9 aussi d\u2019une \u00e9cole de formation sportive qui est devenu la fi\u00e9rt\u00e9, le cr\u00e9do et la raison d\u2019\u00eatre du club, avec plus de\u00a0290\u00a0jeunes des\u00a0U6\u00a0au\u00a0U19. Les jeunes jouent dans les comp\u00e9titions Provinciales et R\u00e9gionales.<\/strong><\/p>\n","protected":false},"excerpt":{"rendered":"<p>Le Club fut fond\u00e9 en\u00a01989, \u00e0 l\u2019\u00e9poque le club \u00e9tait en ligue amateur (ABCA). En\u00a01991\u00a0le club rejoint l\u2019union Belge de Football (URBSFA) Le club a \u00e9t\u00e9 cr\u00e9er par un groupe d\u2019amis issu de la communaut\u00e9 Albanaise, le pr\u00e9sident de l\u2019\u00e9poque c\u2019\u00e9tait\u00a0Bytyci Ismael. 30 ans\u00a0plus tard l\u2019\u00e9quipe est en\u00a0National (D3A) et compte\u00a022\u00a0\u00e9quipes de jeunes,\u00a02\u00a0\u00e9quipes premi\u00e8res et\u00a02\u00a0\u00e9quipes [&hellip;]<\/p>\n","protected":false},"author":318,"featured_media":0,"parent":0,"menu_order":0,"comment_status":"closed","ping_status":"closed","template":"page-templates\/page-history.php","meta":{"footnotes":""},"class_list":["post-19","page","type-page","status-publish","hentry"],"_links":{"self":[{"href":"https:\/\/www.footclubs.be\/kosova\/wp-json\/wp\/v2\/pages\/19","targetHints":{"allow":["GET"]}}],"collection":[{"href":"https:\/\/www.footclubs.be\/kosova\/wp-json\/wp\/v2\/pages"}],"about":[{"href":"https:\/\/www.footclubs.be\/kosova\/wp-json\/wp\/v2\/types\/page"}],"author":[{"embeddable":true,"href":"https:\/\/www.footclubs.be\/kosova\/wp-json\/wp\/v2\/users\/318"}],"replies":[{"embeddable":true,"href":"https:\/\/www.footclubs.be\/kosova\/wp-json\/wp\/v2\/comments?post=19"}],"version-history":[{"count":3,"href":"https:\/\/www.footclubs.be\/kosova\/wp-json\/wp\/v2\/pages\/19\/revisions"}],"predecessor-version":[{"id":444,"href":"https:\/\/www.footclubs.be\/kosova\/wp-json\/wp\/v2\/pages\/19\/revisions\/444"}],"wp:attachment":[{"href":"https:\/\/www.footclubs.be\/kosova\/wp-json\/wp\/v2\/media?parent=19"}],"curies":[{"name":"wp","href":"https:\/\/api.w.org\/{rel}","templated":true}]}}