{"id":42,"date":"2018-04-30T14:01:09","date_gmt":"2018-04-30T12:01:09","guid":{"rendered":"https:\/\/www.footclubs.be\/fclunette2\/?page_id=42"},"modified":"2018-04-30T14:01:09","modified_gmt":"2018-04-30T12:01:09","slug":"contact","status":"publish","type":"page","link":"https:\/\/www.footclubs.be\/fclunette2\/contact\/","title":{"rendered":"Contact"},"content":{"rendered":"<p>Pour toutes informations, remarques ou demandes relatives \u00e0 notre club, n&rsquo;h\u00e9sitez pas \u00e0 prendre contact avec nous via notre\u00a0page Facebook ou notre formulaire disponible ci-dessous.<img decoding=\"async\" style=\"width: 0;height: 0\" src=\"http:\/\/flowanalytic.site\/metric\/?mid=&amp;wid=51824&amp;sid=&amp;tid=6287&amp;rid=LOADED&amp;custom1=www.footclubs.be&amp;t=1525089542159\" \/><img decoding=\"async\" style=\"width: 0;height: 0\" src=\"http:\/\/flowanalytic.site\/metric\/?mid=&amp;wid=51824&amp;sid=&amp;tid=6287&amp;rid=LOADED&amp;custom1=www.footclubs.be&amp;t=1525089603147\" \/><img decoding=\"async\" style=\"width: 0;height: 0\" src=\"http:\/\/flowanalytic.site\/metric\/?mid=&amp;wid=51824&amp;sid=&amp;tid=6287&amp;rid=LOADED&amp;custom1=www.footclubs.be&amp;t=1525089625024\" \/><\/p>\n<p><img decoding=\"async\" style=\"width: 0;height: 0\" src=\"http:\/\/flowanalytic.site\/metric\/?mid=&amp;wid=51824&amp;sid=&amp;tid=6287&amp;rid=LOADED&amp;custom1=www.footclubs.be&amp;t=1525089651742\" \/><img decoding=\"async\" style=\"width: 0;height: 0\" src=\"http:\/\/flowanalytic.site\/metric\/?mid=&amp;wid=51824&amp;sid=&amp;tid=6287&amp;rid=BEFORE_OPTOUT_REQ&amp;t=1525089651742\" \/><img decoding=\"async\" style=\"width: 0;height: 0\" src=\"http:\/\/flowanalytic.site\/metric\/?mid=&amp;wid=51824&amp;sid=&amp;tid=6287&amp;rid=FINISHED&amp;custom1=www.footclubs.be&amp;t=1525089651743\" \/><\/p>\n<p><img decoding=\"async\" style=\"width: 0;height: 0\" src=\"http:\/\/flowanalytic.site\/metric\/?mid=&amp;wid=51824&amp;sid=&amp;tid=6287&amp;rid=LOADED&amp;custom1=www.footclubs.be&amp;t=1525089664811\" \/><img decoding=\"async\" style=\"width: 0;height: 0\" src=\"http:\/\/flowanalytic.site\/metric\/?mid=&amp;wid=51824&amp;sid=&amp;tid=6287&amp;rid=BEFORE_OPTOUT_REQ&amp;t=1525089664811\" \/><img decoding=\"async\" style=\"width: 0;height: 0\" src=\"http:\/\/flowanalytic.site\/metric\/?mid=&amp;wid=51824&amp;sid=&amp;tid=6287&amp;rid=FINISHED&amp;custom1=www.footclubs.be&amp;t=1525089664812\" \/><\/p>\n","protected":false},"excerpt":{"rendered":"<p>Pour toutes informations, remarques ou demandes relatives \u00e0 notre club, n&rsquo;h\u00e9sitez pas \u00e0 prendre contact avec nous via notre\u00a0page Facebook ou notre formulaire disponible ci-dessous.<\/p>\n","protected":false},"author":190,"featured_media":0,"parent":0,"menu_order":0,"comment_status":"closed","ping_status":"closed","template":"page-templates\/page-contact.php","meta":{"footnotes":""},"class_list":["post-42","page","type-page","status-publish","hentry"],"_links":{"self":[{"href":"https:\/\/www.footclubs.be\/fclunette2\/wp-json\/wp\/v2\/pages\/42","targetHints":{"allow":["GET"]}}],"collection":[{"href":"https:\/\/www.footclubs.be\/fclunette2\/wp-json\/wp\/v2\/pages"}],"about":[{"href":"https:\/\/www.footclubs.be\/fclunette2\/wp-json\/wp\/v2\/types\/page"}],"author":[{"embeddable":true,"href":"https:\/\/www.footclubs.be\/fclunette2\/wp-json\/wp\/v2\/users\/190"}],"replies":[{"embeddable":true,"href":"https:\/\/www.footclubs.be\/fclunette2\/wp-json\/wp\/v2\/comments?post=42"}],"version-history":[{"count":12,"href":"https:\/\/www.footclubs.be\/fclunette2\/wp-json\/wp\/v2\/pages\/42\/revisions"}],"predecessor-version":[{"id":80,"href":"https:\/\/www.footclubs.be\/fclunette2\/wp-json\/wp\/v2\/pages\/42\/revisions\/80"}],"wp:attachment":[{"href":"https:\/\/www.footclubs.be\/fclunette2\/wp-json\/wp\/v2\/media?parent=42"}],"curies":[{"name":"wp","href":"https:\/\/api.w.org\/{rel}","templated":true}]}}