{"id":36,"date":"2019-01-05T13:41:32","date_gmt":"2019-01-05T12:41:32","guid":{"rendered":"https:\/\/www.footclubs.be\/fclunette2\/?page_id=36"},"modified":"2019-01-05T13:41:32","modified_gmt":"2019-01-05T12:41:32","slug":"infos-1","status":"publish","type":"page","link":"https:\/\/www.footclubs.be\/fclunette2\/infos-1\/","title":{"rendered":"Notre cagnotte"},"content":{"rendered":"<p style=\"text-align: left\">Bonjour \u00e0 tous !<\/p>\n<p style=\"text-align: left\">Si nous vous disions que vivre et profiter de sa passion est une exp\u00e9rience enrichissante, motivante et inoubliable pour un \u00eatre humain, seriez-vous d&rsquo;accord ?<\/p>\n<p style=\"text-align: left\">Et bien nous sommes un groupe de 25 membres de tout \u00e2ge, tous li\u00e9s \u00e0 une m\u00eame passion : le football !<\/p>\n<p style=\"text-align: left\">Depuis maintenant trois ans, nous jouons et \u00e9voluons ensemble dans une \u00e9quipe de football amateur, que nous avons cr\u00e9\u00e9e nous-m\u00eame.<\/p>\n<p style=\"text-align: left\">Jusqu\u2019ici, nous avons pu exercer notre activit\u00e9 sans aide ext\u00e9rieure, non sans contraintes mais toujours avec le sourire et la motivation. Les ann\u00e9es passent et les\u00a0<em>objectifs \u00e9voluent<\/em>, l\u2019<em>ambition augmente<\/em>\u00a0et le\u00a0<em>mat\u00e9riel s\u2019use<\/em>.<\/p>\n<p style=\"text-align: left\">Ces changements ont un\u00a0<u>co\u00fbt<\/u>\u00a0que nous ne pouvons assumer seuls.<\/p>\n<p style=\"text-align: left\">C&rsquo;est pour cette raison que nous avons d\u00e9cid\u00e9 de cr\u00e9er une cagnotte.<\/p>\n<p style=\"text-align: left\">L&rsquo;objectif de cette cagnotte est uniquement de disposer du budget n\u00e9cessaire au d\u00e9veloppement de l&rsquo;\u00e9quipe et au renouvellement de son mat\u00e9riel.<\/p>\n<p style=\"text-align: left\">Nous ne cherchons en aucun cas \u00e0 nous enrichir. Notre seul revenu est le plaisir de vivre notre passion et de la partager avec les autres.<\/p>\n<p style=\"text-align: left\">Afin que vous puissiez voir les am\u00e9liorations de l&rsquo;\u00e9quipe g\u00e9n\u00e9r\u00e9es par vos dons, vous pouvez nous suivre sur les diff\u00e9rentes plateformes o\u00f9 nous sommes pr\u00e9sents. Un syst\u00e8me de newsletter mensuelle est \u00e9galement mis en place sur demande. Vous pouvez nous envoyer un e-mail afin de vous y abonner.<\/p>\n<p style=\"text-align: left\">Nous vous remercions et vous souhaitons le meilleur !<\/p>\n<p style=\"text-align: center\"><em><u><strong>Qui sommes-nous ?<\/strong><\/u><\/em><\/p>\n<p style=\"text-align: center\">\u00a0 FC Lunette 2<\/p>\n<p style=\"text-align: center\">\u00a0\u00a025 membres motiv\u00e9s et de tout \u00e2ge<\/p>\n<p style=\"text-align: center\"><em>#100, 200, 300 Spartiates !<\/em><\/p>\n<p style=\"text-align: center\">\u00a0 Dr\u00e8ve Olympique, 1<\/p>\n<p style=\"text-align: center\">\u00a0 1070 Anderlecht<\/p>\n<p style=\"text-align: center\"><em><u><strong>Nos points de contact ?<\/strong><\/u><\/em><\/p>\n<p style=\"text-align: center\">\u00a0\u00a0<a href=\"https:\/\/www.facebook.com\/FCLunette2\/\">Facebook<\/a><\/p>\n<p style=\"text-align: center\">\u00a0\u00a0<a href=\"https:\/\/www.instagram.com\/fclunette2\/\">Instagram<\/a><\/p>\n<p style=\"text-align: center\">\u00a0\u00a0<a href=\"https:\/\/www.footclubs.be\/fclunette2\/\">Site web<\/a><\/p>\n<p style=\"text-align: center\">\u00a0\u00a0<a href=\"https:\/\/www.youtube.com\/channel\/UCNS6WNHleISqMMe0EPfxZsA?view_as=subscriber\" target=\"_blank\" rel=\"noopener noreferrer\">YouTube<\/a><\/p>\n<p style=\"text-align: center\">E-Mail<\/p>\n<p style=\"text-align: center\">fclunette2@gmail.com<\/p>\n<p style=\"text-align: center\"><em><u><strong>Que voulons-nous ?<\/strong><\/u><\/em><\/p>\n<p style=\"text-align: center\">Aide financi\u00e8re<\/p>\n<p style=\"text-align: center\"><em>Le montant n&rsquo;a pas de r\u00e9elle importance, toute aide est la bienvenue<\/em><\/p>\n<p style=\"text-align: center\">Aide mat\u00e9rielle<\/p>\n<p style=\"text-align: center\"><em>Si vous poss\u00e9dez du mat\u00e9riel adapt\u00e9 et de qualit\u00e9 ou si vous avez des contacts<\/em><\/p>\n<p>Vous d\u00e9sirez participer mais \u00eates dans l&rsquo;impossibilit\u00e9 de faire un paiement en ligne ?<\/p>\n<p>N&rsquo;h\u00e9sitez pas \u00e0 prendre contact avec nous via les diff\u00e9rentes plateformes ou par e-mail ! Nous pouvons convenir un rendez-vous ou trouver un arrangement !<\/p>\n","protected":false},"excerpt":{"rendered":"<p>Bonjour \u00e0 tous ! Si nous vous disions que vivre et profiter de sa passion est une exp\u00e9rience enrichissante, motivante et inoubliable pour un \u00eatre humain, seriez-vous d&rsquo;accord ? Et bien nous sommes un groupe de 25 membres de tout \u00e2ge, tous li\u00e9s \u00e0 une m\u00eame passion : le football ! Depuis maintenant trois ans, [&hellip;]<\/p>\n","protected":false},"author":190,"featured_media":0,"parent":0,"menu_order":0,"comment_status":"closed","ping_status":"closed","template":"page-templates\/page-free.php","meta":{"footnotes":""},"class_list":["post-36","page","type-page","status-publish","hentry"],"_links":{"self":[{"href":"https:\/\/www.footclubs.be\/fclunette2\/wp-json\/wp\/v2\/pages\/36","targetHints":{"allow":["GET"]}}],"collection":[{"href":"https:\/\/www.footclubs.be\/fclunette2\/wp-json\/wp\/v2\/pages"}],"about":[{"href":"https:\/\/www.footclubs.be\/fclunette2\/wp-json\/wp\/v2\/types\/page"}],"author":[{"embeddable":true,"href":"https:\/\/www.footclubs.be\/fclunette2\/wp-json\/wp\/v2\/users\/190"}],"replies":[{"embeddable":true,"href":"https:\/\/www.footclubs.be\/fclunette2\/wp-json\/wp\/v2\/comments?post=36"}],"version-history":[{"count":2,"href":"https:\/\/www.footclubs.be\/fclunette2\/wp-json\/wp\/v2\/pages\/36\/revisions"}],"predecessor-version":[{"id":97,"href":"https:\/\/www.footclubs.be\/fclunette2\/wp-json\/wp\/v2\/pages\/36\/revisions\/97"}],"wp:attachment":[{"href":"https:\/\/www.footclubs.be\/fclunette2\/wp-json\/wp\/v2\/media?parent=36"}],"curies":[{"name":"wp","href":"https:\/\/api.w.org\/{rel}","templated":true}]}}