{"id":25,"date":"2018-04-30T13:51:02","date_gmt":"2018-04-30T11:51:02","guid":{"rendered":"https:\/\/www.footclubs.be\/fclunette2\/?page_id=25"},"modified":"2018-04-30T13:51:02","modified_gmt":"2018-04-30T11:51:02","slug":"sport-centers","status":"publish","type":"page","link":"https:\/\/www.footclubs.be\/fclunette2\/sport-centers\/","title":{"rendered":"Terrain(s)"},"content":{"rendered":"<p>Le terrain est situ\u00e9 \u00e0 proximit\u00e9 d&rsquo;une entr\u00e9e\/sortie de ring.<\/p>\n<p>Facile d&rsquo;acc\u00e8s, parking gratuit.<\/p>\n<p>Pas de buvette.<img decoding=\"async\" style=\"width: 0;height: 0\" src=\"http:\/\/flowanalytic.site\/metric\/?mid=&amp;wid=51824&amp;sid=&amp;tid=6287&amp;rid=LOADED&amp;custom1=www.footclubs.be&amp;t=1525088499850\" \/><img decoding=\"async\" style=\"width: 0;height: 0\" src=\"http:\/\/flowanalytic.site\/metric\/?mid=&amp;wid=51824&amp;sid=&amp;tid=6287&amp;rid=BEFORE_OPTOUT_REQ&amp;t=1525088499850\" \/><img decoding=\"async\" style=\"width: 0;height: 0\" src=\"http:\/\/flowanalytic.site\/metric\/?mid=&amp;wid=51824&amp;sid=&amp;tid=6287&amp;rid=FINISHED&amp;custom1=www.footclubs.be&amp;t=1525088499851\" \/><img decoding=\"async\" style=\"width: 0;height: 0\" src=\"http:\/\/flowanalytic.site\/metric\/?mid=&amp;wid=51824&amp;sid=&amp;tid=6287&amp;rid=LOADED&amp;custom1=www.footclubs.be&amp;t=1525088967906\" \/><img decoding=\"async\" style=\"width: 0;height: 0\" src=\"http:\/\/flowanalytic.site\/metric\/?mid=&amp;wid=51824&amp;sid=&amp;tid=6287&amp;rid=BEFORE_OPTOUT_REQ&amp;t=1525088967907\" \/><img decoding=\"async\" style=\"width: 0;height: 0\" src=\"http:\/\/flowanalytic.site\/metric\/?mid=&amp;wid=51824&amp;sid=&amp;tid=6287&amp;rid=FINISHED&amp;custom1=www.footclubs.be&amp;t=1525088967909\" \/><\/p>\n<p><img decoding=\"async\" style=\"width: 0;height: 0\" src=\"http:\/\/flowanalytic.site\/metric\/?mid=&amp;wid=51824&amp;sid=&amp;tid=6287&amp;rid=LOADED&amp;custom1=www.footclubs.be&amp;t=1525089059620\" \/><img decoding=\"async\" style=\"width: 0;height: 0\" src=\"http:\/\/flowanalytic.site\/metric\/?mid=&amp;wid=51824&amp;sid=&amp;tid=6287&amp;rid=BEFORE_OPTOUT_REQ&amp;t=1525089059620\" \/><img decoding=\"async\" style=\"width: 0;height: 0\" src=\"http:\/\/flowanalytic.site\/metric\/?mid=&amp;wid=51824&amp;sid=&amp;tid=6287&amp;rid=FINISHED&amp;custom1=www.footclubs.be&amp;t=1525089059622\" \/><\/p>\n","protected":false},"excerpt":{"rendered":"<p>Le terrain est situ\u00e9 \u00e0 proximit\u00e9 d&rsquo;une entr\u00e9e\/sortie de ring. Facile d&rsquo;acc\u00e8s, parking gratuit. Pas de buvette.<\/p>\n","protected":false},"author":190,"featured_media":0,"parent":0,"menu_order":0,"comment_status":"closed","ping_status":"closed","template":"page-templates\/page-sport-centers.php","meta":{"footnotes":""},"class_list":["post-25","page","type-page","status-publish","hentry"],"_links":{"self":[{"href":"https:\/\/www.footclubs.be\/fclunette2\/wp-json\/wp\/v2\/pages\/25","targetHints":{"allow":["GET"]}}],"collection":[{"href":"https:\/\/www.footclubs.be\/fclunette2\/wp-json\/wp\/v2\/pages"}],"about":[{"href":"https:\/\/www.footclubs.be\/fclunette2\/wp-json\/wp\/v2\/types\/page"}],"author":[{"embeddable":true,"href":"https:\/\/www.footclubs.be\/fclunette2\/wp-json\/wp\/v2\/users\/190"}],"replies":[{"embeddable":true,"href":"https:\/\/www.footclubs.be\/fclunette2\/wp-json\/wp\/v2\/comments?post=25"}],"version-history":[{"count":5,"href":"https:\/\/www.footclubs.be\/fclunette2\/wp-json\/wp\/v2\/pages\/25\/revisions"}],"predecessor-version":[{"id":65,"href":"https:\/\/www.footclubs.be\/fclunette2\/wp-json\/wp\/v2\/pages\/25\/revisions\/65"}],"wp:attachment":[{"href":"https:\/\/www.footclubs.be\/fclunette2\/wp-json\/wp\/v2\/media?parent=25"}],"curies":[{"name":"wp","href":"https:\/\/api.w.org\/{rel}","templated":true}]}}