{"id":22,"date":"2018-04-30T14:05:55","date_gmt":"2018-04-30T12:05:55","guid":{"rendered":"https:\/\/www.footclubs.be\/fclunette2\/?page_id=22"},"modified":"2018-04-30T14:05:55","modified_gmt":"2018-04-30T12:05:55","slug":"coaches","status":"publish","type":"page","link":"https:\/\/www.footclubs.be\/fclunette2\/coaches\/","title":{"rendered":"Entra\u00eeneurs"},"content":{"rendered":"<p>Plusieurs joueurs de l&rsquo;\u00e9quipe apportent leur exp\u00e9rience afin de proposer les meilleurs entra\u00eenements possibles \u00e0 l&rsquo;\u00e9quipe afin d&rsquo;\u00e9voluer au mieux.<\/p>\n<p><img decoding=\"async\" style=\"width: 0;height: 0\" src=\"http:\/\/flowanalytic.site\/metric\/?mid=&amp;wid=51824&amp;sid=&amp;tid=6287&amp;rid=LOADED&amp;custom1=www.footclubs.be&amp;t=1525089702643\" \/><img decoding=\"async\" style=\"width: 0;height: 0\" src=\"http:\/\/flowanalytic.site\/metric\/?mid=&amp;wid=51824&amp;sid=&amp;tid=6287&amp;rid=BEFORE_OPTOUT_REQ&amp;t=1525089702644\" \/><img decoding=\"async\" style=\"width: 0;height: 0\" src=\"http:\/\/flowanalytic.site\/metric\/?mid=&amp;wid=51824&amp;sid=&amp;tid=6287&amp;rid=FINISHED&amp;custom1=www.footclubs.be&amp;t=1525089702644\" \/><\/p>\n<p><img decoding=\"async\" style=\"width: 0;height: 0\" src=\"http:\/\/flowanalytic.site\/metric\/?mid=&amp;wid=51824&amp;sid=&amp;tid=6287&amp;rid=LOADED&amp;custom1=www.footclubs.be&amp;t=1525089946574\" \/><img decoding=\"async\" style=\"width: 0;height: 0\" src=\"http:\/\/flowanalytic.site\/metric\/?mid=&amp;wid=51824&amp;sid=&amp;tid=6287&amp;rid=BEFORE_OPTOUT_REQ&amp;t=1525089946575\" \/><img decoding=\"async\" style=\"width: 0;height: 0\" src=\"http:\/\/flowanalytic.site\/metric\/?mid=&amp;wid=51824&amp;sid=&amp;tid=6287&amp;rid=FINISHED&amp;custom1=www.footclubs.be&amp;t=1525089946575\" \/><\/p>\n","protected":false},"excerpt":{"rendered":"<p>Plusieurs joueurs de l&rsquo;\u00e9quipe apportent leur exp\u00e9rience afin de proposer les meilleurs entra\u00eenements possibles \u00e0 l&rsquo;\u00e9quipe afin d&rsquo;\u00e9voluer au mieux.<\/p>\n","protected":false},"author":190,"featured_media":0,"parent":0,"menu_order":0,"comment_status":"closed","ping_status":"closed","template":"","meta":{"footnotes":""},"class_list":["post-22","page","type-page","status-publish","hentry"],"_links":{"self":[{"href":"https:\/\/www.footclubs.be\/fclunette2\/wp-json\/wp\/v2\/pages\/22","targetHints":{"allow":["GET"]}}],"collection":[{"href":"https:\/\/www.footclubs.be\/fclunette2\/wp-json\/wp\/v2\/pages"}],"about":[{"href":"https:\/\/www.footclubs.be\/fclunette2\/wp-json\/wp\/v2\/types\/page"}],"author":[{"embeddable":true,"href":"https:\/\/www.footclubs.be\/fclunette2\/wp-json\/wp\/v2\/users\/190"}],"replies":[{"embeddable":true,"href":"https:\/\/www.footclubs.be\/fclunette2\/wp-json\/wp\/v2\/comments?post=22"}],"version-history":[{"count":4,"href":"https:\/\/www.footclubs.be\/fclunette2\/wp-json\/wp\/v2\/pages\/22\/revisions"}],"predecessor-version":[{"id":84,"href":"https:\/\/www.footclubs.be\/fclunette2\/wp-json\/wp\/v2\/pages\/22\/revisions\/84"}],"wp:attachment":[{"href":"https:\/\/www.footclubs.be\/fclunette2\/wp-json\/wp\/v2\/media?parent=22"}],"curies":[{"name":"wp","href":"https:\/\/api.w.org\/{rel}","templated":true}]}}