{"id":42,"date":"2019-01-23T10:26:04","date_gmt":"2019-01-23T09:26:04","guid":{"rendered":"https:\/\/www.footclubs.be\/cslens\/?page_id=42"},"modified":"2025-02-24T16:07:36","modified_gmt":"2025-02-24T15:07:36","slug":"contact","status":"publish","type":"page","link":"https:\/\/www.footclubs.be\/cslens\/contact\/","title":{"rendered":"Contact"},"content":{"rendered":"<p>Les r\u00e9ponses \u00e0 vos questions se trouvent peut-\u00eatre sur ce site, n&rsquo;h\u00e9sitez pas \u00e0 en parcourir chaque rubrique.<\/p>\n<p>Vous avez une question <strong>non urgente<\/strong> sur notre club, son fonctionnement, ses \u00e9quipes:<\/p>\n<ul>\n<li>Contactez-nous via notre adresse mail: <a href=\"mailto:cslensois@gmail.com\">cslensois@gmail.com\u00a0<\/a>. Nous vous r\u00e9pondrons le plus rapidement possible.<\/li>\n<\/ul>\n<p>Votre question est <strong>urgente<\/strong> et concerne les \u00e9quipes de jeunes:<\/p>\n<ul>\n<li>Contactez par t\u00e9l\u00e9phone notre responsable sportif: Beth Florian au 0473\/455987<\/li>\n<\/ul>\n<p>Votre question est <strong>urgente<\/strong> et ne concerne pas les \u00e9quipes de jeunes:<\/p>\n<ul>\n<li>Contactez par t\u00e9l\u00e9phone notre responsable administratif: Gilbert Andrew au 0479\/890212<\/li>\n<\/ul>\n<p>Vous d\u00e9sirez rejoindre notre club:<\/p>\n<ul>\n<li>Laissez vos coordonn\u00e9es via notre adresse mail <a href=\"mailto:cslensois@gmail.com\">cslensois@gmail.com<\/a><\/li>\n<\/ul>\n<p>&nbsp;<\/p>\n<div id=\"ConnectiveDocSignExtentionInstalled\"><\/div>\n<div id=\"ConnectiveDocSignExtentionInstalled\"><\/div>\n","protected":false},"excerpt":{"rendered":"<p>Les r\u00e9ponses \u00e0 vos questions se trouvent peut-\u00eatre sur ce site, n&rsquo;h\u00e9sitez pas \u00e0 en parcourir chaque rubrique. Vous avez une question non urgente sur notre club, son fonctionnement, ses \u00e9quipes: Contactez-nous via notre adresse mail: cslensois@gmail.com\u00a0. Nous vous r\u00e9pondrons le plus rapidement possible. Votre question est urgente et concerne les \u00e9quipes de jeunes: Contactez [&hellip;]<\/p>\n","protected":false},"author":282,"featured_media":0,"parent":0,"menu_order":0,"comment_status":"closed","ping_status":"closed","template":"page-templates\/page-contact.php","meta":{"footnotes":""},"class_list":["post-42","page","type-page","status-publish","hentry"],"_links":{"self":[{"href":"https:\/\/www.footclubs.be\/cslens\/wp-json\/wp\/v2\/pages\/42","targetHints":{"allow":["GET"]}}],"collection":[{"href":"https:\/\/www.footclubs.be\/cslens\/wp-json\/wp\/v2\/pages"}],"about":[{"href":"https:\/\/www.footclubs.be\/cslens\/wp-json\/wp\/v2\/types\/page"}],"author":[{"embeddable":true,"href":"https:\/\/www.footclubs.be\/cslens\/wp-json\/wp\/v2\/users\/282"}],"replies":[{"embeddable":true,"href":"https:\/\/www.footclubs.be\/cslens\/wp-json\/wp\/v2\/comments?post=42"}],"version-history":[{"count":15,"href":"https:\/\/www.footclubs.be\/cslens\/wp-json\/wp\/v2\/pages\/42\/revisions"}],"predecessor-version":[{"id":578,"href":"https:\/\/www.footclubs.be\/cslens\/wp-json\/wp\/v2\/pages\/42\/revisions\/578"}],"wp:attachment":[{"href":"https:\/\/www.footclubs.be\/cslens\/wp-json\/wp\/v2\/media?parent=42"}],"curies":[{"name":"wp","href":"https:\/\/api.w.org\/{rel}","templated":true}]}}