{"id":36,"date":"2020-08-16T12:12:28","date_gmt":"2020-08-16T10:12:28","guid":{"rendered":"https:\/\/www.footclubs.be\/cslens\/?page_id=36"},"modified":"2020-08-16T12:12:28","modified_gmt":"2020-08-16T10:12:28","slug":"infos-1","status":"publish","type":"page","link":"https:\/\/www.footclubs.be\/cslens\/infos-1\/","title":{"rendered":"Cotisation"},"content":{"rendered":"<p>Le prix de la cotisation s&rsquo;\u00e9l\u00e8ve \u00e0 <strong>160\u20ac<\/strong> pour la saison 2020-2021. A partir du deuxi\u00e8me enfant de la m\u00eame famille, la cotisation s&rsquo;\u00e9l\u00e8ve \u00e0 140\u20ac par enfant.<\/p>\n<p>En raison de la fin de saison mouvement\u00e9e par l&rsquo;\u00e9pid\u00e9mie de Covid-19, le paiement se fera en 3 parties au cas o\u00f9 nous serions oblig\u00e9s de stopper les activit\u00e9s sportives ce que nous n&rsquo;esp\u00e9rons pas.<\/p>\n<ul>\n<li>80\u20ac \u00e0 payer pour le 25 aout 2020.<\/li>\n<li>40\u20ac \u00e0 payer pour le 25 septembre 2020.(20\u20ac \u00e0 partir du deuxi\u00e8me enfant).<\/li>\n<li>40\u20ac \u00e0 payer pour le 25 octobre 2020.<\/li>\n<\/ul>\n<p>Le paiement se fait sur le compte du CS Lens ASBL : BE21 1030 2949 1203 en y mentionnant en communication : nom, pr\u00e9nom et cat\u00e9gorie de l&rsquo;enfant.<\/p>\n<p>La cotisation comprend, entre autre, un short, une paire de chaussettes et l&rsquo;assurance \u00e0 la f\u00e9d\u00e9ration.<\/p>\n<div id=\"ConnectiveDocSignExtentionInstalled\"><\/div>\n<div id=\"ConnectiveDocSignExtentionInstalled\"><\/div>\n","protected":false},"excerpt":{"rendered":"<p>Le prix de la cotisation s&rsquo;\u00e9l\u00e8ve \u00e0 160\u20ac pour la saison 2020-2021. A partir du deuxi\u00e8me enfant de la m\u00eame famille, la cotisation s&rsquo;\u00e9l\u00e8ve \u00e0 140\u20ac par enfant. En raison de la fin de saison mouvement\u00e9e par l&rsquo;\u00e9pid\u00e9mie de Covid-19, le paiement se fera en 3 parties au cas o\u00f9 nous serions oblig\u00e9s de stopper [&hellip;]<\/p>\n","protected":false},"author":282,"featured_media":0,"parent":0,"menu_order":0,"comment_status":"closed","ping_status":"closed","template":"page-templates\/page-free.php","meta":{"footnotes":""},"class_list":["post-36","page","type-page","status-publish","hentry"],"_links":{"self":[{"href":"https:\/\/www.footclubs.be\/cslens\/wp-json\/wp\/v2\/pages\/36","targetHints":{"allow":["GET"]}}],"collection":[{"href":"https:\/\/www.footclubs.be\/cslens\/wp-json\/wp\/v2\/pages"}],"about":[{"href":"https:\/\/www.footclubs.be\/cslens\/wp-json\/wp\/v2\/types\/page"}],"author":[{"embeddable":true,"href":"https:\/\/www.footclubs.be\/cslens\/wp-json\/wp\/v2\/users\/282"}],"replies":[{"embeddable":true,"href":"https:\/\/www.footclubs.be\/cslens\/wp-json\/wp\/v2\/comments?post=36"}],"version-history":[{"count":2,"href":"https:\/\/www.footclubs.be\/cslens\/wp-json\/wp\/v2\/pages\/36\/revisions"}],"predecessor-version":[{"id":495,"href":"https:\/\/www.footclubs.be\/cslens\/wp-json\/wp\/v2\/pages\/36\/revisions\/495"}],"wp:attachment":[{"href":"https:\/\/www.footclubs.be\/cslens\/wp-json\/wp\/v2\/media?parent=36"}],"curies":[{"name":"wp","href":"https:\/\/api.w.org\/{rel}","templated":true}]}}