{"id":27,"date":"2019-02-05T14:05:13","date_gmt":"2019-02-05T13:05:13","guid":{"rendered":"https:\/\/www.footclubs.be\/cslens\/?page_id=27"},"modified":"2025-02-24T12:25:42","modified_gmt":"2025-02-24T11:25:42","slug":"the-club-2","status":"publish","type":"page","link":"https:\/\/www.footclubs.be\/cslens\/the-club-2\/","title":{"rendered":"Projets"},"content":{"rendered":"<p>Notre projet, \u00e0 court terme, est de d\u00e9velopper notre politique de jeunes, en augmentant le nombre d&rsquo;\u00e9quipes d&rsquo;\u00e2ge et le personnel encadrant.<\/p>\n<p>Nos efforts se sont vus r\u00e9compens\u00e9s en 2021-2022-2023 par l&rsquo;octroi du label 1 \u00e9toile de l&rsquo;ACFF<\/p>\n<p>Nos projets, \u00e0 moyen terme, sont:<\/p>\n<ul>\n<li>R\u00e9novation compl\u00e8te des toilettes<\/li>\n<li>R\u00e9novation des locaux sportifs (vestiaires)<\/li>\n<li>Transformation du local mat\u00e9riel<\/li>\n<\/ul>\n","protected":false},"excerpt":{"rendered":"<p>Notre projet, \u00e0 court terme, est de d\u00e9velopper notre politique de jeunes, en augmentant le nombre d&rsquo;\u00e9quipes d&rsquo;\u00e2ge et le personnel encadrant. Nos efforts se sont vus r\u00e9compens\u00e9s en 2021-2022-2023 par l&rsquo;octroi du label 1 \u00e9toile de l&rsquo;ACFF Nos projets, \u00e0 moyen terme, sont: R\u00e9novation compl\u00e8te des toilettes R\u00e9novation des locaux sportifs (vestiaires) Transformation du [&hellip;]<\/p>\n","protected":false},"author":282,"featured_media":0,"parent":0,"menu_order":0,"comment_status":"closed","ping_status":"closed","template":"page-templates\/page-free.php","meta":{"footnotes":""},"class_list":["post-27","page","type-page","status-publish","hentry"],"_links":{"self":[{"href":"https:\/\/www.footclubs.be\/cslens\/wp-json\/wp\/v2\/pages\/27","targetHints":{"allow":["GET"]}}],"collection":[{"href":"https:\/\/www.footclubs.be\/cslens\/wp-json\/wp\/v2\/pages"}],"about":[{"href":"https:\/\/www.footclubs.be\/cslens\/wp-json\/wp\/v2\/types\/page"}],"author":[{"embeddable":true,"href":"https:\/\/www.footclubs.be\/cslens\/wp-json\/wp\/v2\/users\/282"}],"replies":[{"embeddable":true,"href":"https:\/\/www.footclubs.be\/cslens\/wp-json\/wp\/v2\/comments?post=27"}],"version-history":[{"count":5,"href":"https:\/\/www.footclubs.be\/cslens\/wp-json\/wp\/v2\/pages\/27\/revisions"}],"predecessor-version":[{"id":574,"href":"https:\/\/www.footclubs.be\/cslens\/wp-json\/wp\/v2\/pages\/27\/revisions\/574"}],"wp:attachment":[{"href":"https:\/\/www.footclubs.be\/cslens\/wp-json\/wp\/v2\/media?parent=27"}],"curies":[{"name":"wp","href":"https:\/\/api.w.org\/{rel}","templated":true}]}}