{"id":21,"date":"2019-01-22T22:37:20","date_gmt":"2019-01-22T21:37:20","guid":{"rendered":"https:\/\/www.footclubs.be\/cslens\/?page_id=21"},"modified":"2025-02-24T12:08:29","modified_gmt":"2025-02-24T11:08:29","slug":"committee","status":"publish","type":"page","link":"https:\/\/www.footclubs.be\/cslens\/committee\/","title":{"rendered":"Comit\u00e9"},"content":{"rendered":"<ul>\n<li><strong>Pr\u00e9sident<\/strong>: Doyen J\u00e9r\u00e9my<\/li>\n<li><strong>Correspondant-qualifi\u00e9 (secr\u00e9taire)<\/strong>: Jaillot Alexandre<\/li>\n<li><strong>Tr\u00e9sorier<\/strong>: Fran\u00e7ois PICARD-Thomas PELERIN<\/li>\n<li><b>Responsable Administratif<\/b>: Gilbert Andew<\/li>\n<li><b>Responsable sportif<\/b>: Beth Florian<\/li>\n<li><strong>Coordinateur football f\u00e9minin :<\/strong> Pr\u00e9vot Emmanuel<\/li>\n<li><strong>Responsable Communication<\/strong>:\u00a0 Bogaert Fr\u00e9d\u00e9ric &#8211; Gilbert Louise<\/li>\n<li><strong>Responsable des terrains<\/strong>\u00a0: Khol Rudy<\/li>\n<li><strong>Responsables buvette<\/strong> :\u00a0 Val\u00e9rian AMAURY &#8211; Laurence Caudron<\/li>\n<li><b>Responsables festivit\u00e9s :\u00a0<\/b>Marie-Line Moins &#8211; Lorry Beth &#8211; Bogaert Fr\u00e9d\u00e9ric &#8211; Blondeau Julien<\/li>\n<\/ul>\n<div id=\"ConnectiveDocSignExtentionInstalled\"><\/div>\n<div id=\"ConnectiveDocSignExtentionInstalled\"><\/div>\n<div id=\"ConnectiveDocSignExtentionInstalled\"><\/div>\n<div id=\"ConnectiveDocSignExtentionInstalled\"><\/div>\n<div id=\"ConnectiveDocSignExtentionInstalled\"><\/div>\n<div id=\"ConnectiveDocSignExtentionInstalled\"><\/div>\n<div id=\"ConnectiveDocSignExtentionInstalled\"><\/div>\n<div id=\"ConnectiveDocSignExtentionInstalled\"><\/div>\n<div id=\"ConnectiveDocSignExtentionInstalled\"><\/div>\n<div id=\"ConnectiveDocSignExtentionInstalled\"><\/div>\n<div id=\"ConnectiveDocSignExtentionInstalled\"><\/div>\n<div id=\"ConnectiveDocSignExtentionInstalled\"><\/div>\n<div id=\"ConnectiveDocSignExtentionInstalled\"><\/div>\n<div id=\"ConnectiveDocSignExtentionInstalled\"><\/div>\n<div id=\"ConnectiveDocSignExtentionInstalled\"><\/div>\n<div id=\"ConnectiveDocSignExtentionInstalled\"><\/div>\n<div id=\"ConnectiveDocSignExtentionInstalled\"><\/div>\n<div id=\"ConnectiveDocSignExtentionInstalled\"><\/div>\n<div id=\"ConnectiveDocSignExtentionInstalled\"><\/div>\n<div id=\"ConnectiveDocSignExtentionInstalled\"><\/div>\n<div id=\"ConnectiveDocSignExtentionInstalled\"><\/div>\n<div id=\"ConnectiveDocSignExtentionInstalled\"><\/div>\n<div id=\"ConnectiveDocSignExtentionInstalled\"><\/div>\n<div id=\"ConnectiveDocSignExtentionInstalled\"><\/div>\n<div id=\"ConnectiveDocSignExtentionInstalled\"><\/div>\n<div id=\"ConnectiveDocSignExtentionInstalled\"><\/div>\n<div id=\"ConnectiveDocSignExtentionInstalled\"><\/div>\n<div id=\"ConnectiveDocSignExtentionInstalled\"><\/div>\n<div id=\"ConnectiveDocSignExtentionInstalled\"><\/div>\n<div id=\"ConnectiveDocSignExtentionInstalled\"><\/div>\n<div id=\"ConnectiveDocSignExtentionInstalled\"><\/div>\n","protected":false},"excerpt":{"rendered":"<p>Pr\u00e9sident: Doyen J\u00e9r\u00e9my Correspondant-qualifi\u00e9 (secr\u00e9taire): Jaillot Alexandre Tr\u00e9sorier: Fran\u00e7ois PICARD-Thomas PELERIN Responsable Administratif: Gilbert Andew Responsable sportif: Beth Florian Coordinateur football f\u00e9minin : Pr\u00e9vot Emmanuel Responsable Communication:\u00a0 Bogaert Fr\u00e9d\u00e9ric &#8211; Gilbert Louise Responsable des terrains\u00a0: Khol Rudy Responsables buvette :\u00a0 Val\u00e9rian AMAURY &#8211; Laurence Caudron Responsables festivit\u00e9s :\u00a0Marie-Line Moins &#8211; Lorry Beth &#8211; Bogaert Fr\u00e9d\u00e9ric [&hellip;]<\/p>\n","protected":false},"author":282,"featured_media":0,"parent":0,"menu_order":0,"comment_status":"closed","ping_status":"closed","template":"page-templates\/page-committee.php","meta":{"footnotes":""},"class_list":["post-21","page","type-page","status-publish","hentry"],"_links":{"self":[{"href":"https:\/\/www.footclubs.be\/cslens\/wp-json\/wp\/v2\/pages\/21","targetHints":{"allow":["GET"]}}],"collection":[{"href":"https:\/\/www.footclubs.be\/cslens\/wp-json\/wp\/v2\/pages"}],"about":[{"href":"https:\/\/www.footclubs.be\/cslens\/wp-json\/wp\/v2\/types\/page"}],"author":[{"embeddable":true,"href":"https:\/\/www.footclubs.be\/cslens\/wp-json\/wp\/v2\/users\/282"}],"replies":[{"embeddable":true,"href":"https:\/\/www.footclubs.be\/cslens\/wp-json\/wp\/v2\/comments?post=21"}],"version-history":[{"count":28,"href":"https:\/\/www.footclubs.be\/cslens\/wp-json\/wp\/v2\/pages\/21\/revisions"}],"predecessor-version":[{"id":570,"href":"https:\/\/www.footclubs.be\/cslens\/wp-json\/wp\/v2\/pages\/21\/revisions\/570"}],"wp:attachment":[{"href":"https:\/\/www.footclubs.be\/cslens\/wp-json\/wp\/v2\/media?parent=21"}],"curies":[{"name":"wp","href":"https:\/\/api.w.org\/{rel}","templated":true}]}}