{"id":20,"date":"2019-01-26T13:10:10","date_gmt":"2019-01-26T12:10:10","guid":{"rendered":"https:\/\/www.footclubs.be\/cslens\/?page_id=20"},"modified":"2025-02-24T12:15:46","modified_gmt":"2025-02-24T11:15:46","slug":"records","status":"publish","type":"page","link":"https:\/\/www.footclubs.be\/cslens\/records\/","title":{"rendered":"Pr\u00e9sentation"},"content":{"rendered":"<p>Le R.C.S. LENS est un club familial et convivial.<\/p>\n<p>Notre club comprend 2 \u00e9quipes premi\u00e8res \u00e9voluant en 4\u00e8me Provinciale Hainaut, ainsi que 1 \u00e9quipes f\u00e9minine \u00e9voluant en P2 et 4 \u00e9quipes de jeunes.<\/p>\n<p>Nos ambitions sportives sont raisonnables et nos pr\u00e9occupations sont davantage tourn\u00e9es vers la sportivit\u00e9, l&rsquo;esprit de fair-play et l&rsquo;\u00e9panouissement de nos membres.<\/p>\n<p>Notre comit\u00e9 et notre staff sportif se compose de personnes d\u00e9vou\u00e9es, s\u00e9rieuses et comp\u00e9tentes, qui oeuvrent tout au long de l&rsquo;ann\u00e9e, aid\u00e9s par de pr\u00e9cieux b\u00e9n\u00e9voles, parents et sympathisants, dans un esprit que nous voulons garder familial et serein.<\/p>\n<div id=\"ConnectiveDocSignExtentionInstalled\"><\/div>\n<div id=\"ConnectiveDocSignExtentionInstalled\"><\/div>\n","protected":false},"excerpt":{"rendered":"<p>Le R.C.S. LENS est un club familial et convivial. Notre club comprend 2 \u00e9quipes premi\u00e8res \u00e9voluant en 4\u00e8me Provinciale Hainaut, ainsi que 1 \u00e9quipes f\u00e9minine \u00e9voluant en P2 et 4 \u00e9quipes de jeunes. Nos ambitions sportives sont raisonnables et nos pr\u00e9occupations sont davantage tourn\u00e9es vers la sportivit\u00e9, l&rsquo;esprit de fair-play et l&rsquo;\u00e9panouissement de nos membres. [&hellip;]<\/p>\n","protected":false},"author":282,"featured_media":0,"parent":0,"menu_order":0,"comment_status":"closed","ping_status":"closed","template":"page-templates\/page-records.php","meta":{"footnotes":""},"class_list":["post-20","page","type-page","status-publish","hentry"],"_links":{"self":[{"href":"https:\/\/www.footclubs.be\/cslens\/wp-json\/wp\/v2\/pages\/20","targetHints":{"allow":["GET"]}}],"collection":[{"href":"https:\/\/www.footclubs.be\/cslens\/wp-json\/wp\/v2\/pages"}],"about":[{"href":"https:\/\/www.footclubs.be\/cslens\/wp-json\/wp\/v2\/types\/page"}],"author":[{"embeddable":true,"href":"https:\/\/www.footclubs.be\/cslens\/wp-json\/wp\/v2\/users\/282"}],"replies":[{"embeddable":true,"href":"https:\/\/www.footclubs.be\/cslens\/wp-json\/wp\/v2\/comments?post=20"}],"version-history":[{"count":6,"href":"https:\/\/www.footclubs.be\/cslens\/wp-json\/wp\/v2\/pages\/20\/revisions"}],"predecessor-version":[{"id":572,"href":"https:\/\/www.footclubs.be\/cslens\/wp-json\/wp\/v2\/pages\/20\/revisions\/572"}],"wp:attachment":[{"href":"https:\/\/www.footclubs.be\/cslens\/wp-json\/wp\/v2\/media?parent=20"}],"curies":[{"name":"wp","href":"https:\/\/api.w.org\/{rel}","templated":true}]}}