{"id":3,"date":"2016-05-21T16:12:09","date_gmt":"2016-05-21T14:12:09","guid":{"rendered":"https:\/\/www.footclubs.be\/babar\/?page_id=3"},"modified":"2022-08-20T14:58:39","modified_gmt":"2022-08-20T12:58:39","slug":"history","status":"publish","type":"page","link":"https:\/\/www.footclubs.be\/babar\/history\/","title":{"rendered":"Historique L.F.S.S"},"content":{"rendered":"<p>Cr\u00e9\u00e9 au caf\u00e9 \u00ab\u00a0Le Duc de Parme\u00a0\u00bb et au restaurant \u00ab\u00a0La Cervoise\u00a0\u00bb le<strong> 30 octobre 1977, BABAR Vis\u00e9<\/strong> est un club de football en salle affili\u00e9 \u00e0 la Ligue Francophone de Football en Salle (L.F.F.S.) sous le matricule <strong>0423<\/strong><\/p>\n<p>Le nom Babar, inspir\u00e9 de la c\u00e9l\u00e8bre bande dessin\u00e9e, a \u00e9t\u00e9 choisi par ironie et d\u00e9rision. Les joueurs ne se prenaient absolument pas au s\u00e9rieux.\u00a0 C&rsquo;\u00e9tait un groupe tr\u00e8s festif et qui a d\u00e9marr\u00e9 apr\u00e8s deux ou trois ans de matches non-officiels en 1977.<\/p>\n<p>Les d\u00e9buts dans la comp\u00e9tition se firent dans le \u00ab\u00a0Hall\u00a0\u00bb en bois datant de la seconde guerre sur la fameuse \u00ab\u00a0Ile Robinson\u00a0\u00bb.<\/p>\n<p>Les premiers matches se d\u00e9roul\u00e8rent donc entre amis, puis certains joueurs ext\u00e9rieurs dont Quaranta (F.C. Li\u00e8ge) on rejoint le club. Certains gros matches attiraient jusqu&rsquo;\u00e0 200 personnes.<\/p>\n<p>Malgr\u00e9 les difficult\u00e9s de l&rsquo;\u00e9poque: fuite d&rsquo;eau dans la toiture, passerelle d&rsquo;acc\u00e8s dangereuse lors des crues de la Meuse, l&rsquo;\u00e9quipe a jou\u00e9 avec un certain bonheur.<\/p>\n<p>Les fondateurs furent: Michel Lequarr\u00e9 (ex. patron du Duc de Parme), Jean-Louis Maes, Jean-Louis Thonus, Henri Mordant (gardien f\u00e9tiche), Andr\u00e9 Nalden.<\/p>\n<p>Des contacts furent m\u00eame pris avec Roger CLaessen qui avait fini sa carri\u00e8re de joueur de l\u00e9gende et cela l&rsquo;aurait amus\u00e9 de rejoindre l&rsquo;\u00e9quipe puisqu&rsquo;il aimait beaucoup les apr\u00e8s matches.\u00a0 Malheureusement, il n&rsquo;en n&rsquo;a pas eu le temps au grand dam des joueurs qui se seraient r\u00e9gal\u00e9s de c\u00f4toyer une telle vedette. La mort le frappa quelques jours avant son arriv\u00e9e au club.<\/p>\n<p>Apr\u00e8s quelques ann\u00e9es pass\u00e9es sur l&rsquo;Ile Robinson, la situation devenant chaotique, le club migra pour quelques temps dans une \u00ab\u00a0bulle\u00a0\u00bb install\u00e9e \u00e0 Cheratte Hauteur.<\/p>\n<p>D\u00e8s la fin des travaux du Hall en 1984 le club fut le premier club de foot en salle \u00e0 le rejoindre. D&rsquo;autres clubs apparurent dont le \u00ab\u00a0Red Gooses\u00a0\u00bb avec certains joueurs proches du Babar. Pendant de nombreuses ann\u00e9es le Babar a rassembl\u00e9 une bande d&rsquo;amis.<\/p>\n<p>Sur ces 39 ans beaucoup de joueurs apparurent surtout apr\u00e8s les ann\u00e9es 2010 ou la plupart des anciens cess\u00e8rent de jouer. Raymond Niesten marqua de son emprunte technique le club de 1980 \u00e0 1986.<\/p>\n<p>De +\/- 1985 \u00e0 2010, Marc van Debeek, Michel Villers, G\u00e9rard Douin, Eric van Wissen, Pierre van Moffaert, Pierre Douin(gardien), Pierre Niesten, Jean-Paul Delepont, Etienne Pironnet firent les bon jours du club dans une ambiance tr\u00e8s amicale. Une autre vedette rejoignit le club dans les ann\u00e9es 2005: G\u00e9rald Thans.<\/p>\n<p>Depuis les ann\u00e9es 2010, la \u00ab\u00a0vieille garde\u00a0\u00bb disparu progressivement suite aux blessures, aux d\u00e9ceptions, au travail et \u00e0 l&rsquo;usure du temps. Un renouvellement des cadres par une g\u00e9n\u00e9ration plus jeune \u00e9tait in\u00e9vitable.\u00a0 Beaucoup de jeunes joueurs apparurent encore encadr\u00e9s par 3, puis 2, puis 1 ancien et depuis 2010 seul Jean-Louis Thonus de l&rsquo;ancienne g\u00e9n\u00e9ration essaya de maintenir le club en vie. Aid\u00e9 par Bruno Niesten, il r\u00e9ussira la transition entre le pass\u00e9 et le futur de <b>BABAR VISE.<\/b><\/p>\n<p>De 2011 \u00e0 2013 le fils de Jean-Louis Thonus alors \u00e2g\u00e9 de 22 ans accompagn\u00e9 de deux amis tr\u00e8s talentueux de Clermont redonn\u00e8rent un coup de fouet \u00e0 cette \u00e9quipe vieillissante. Mais les r\u00e9sultats \u00e9chou\u00e8rent et de ce fait le club\u00a0 fut constamment maintenu dans la m\u00eame division 4.<\/p>\n<p>Un des \u00ab\u00a0jeunes\u00a0\u00bb joueurs, Yannick Vervier fut tr\u00e8s rapidement pris d&rsquo;envie de redynamiser le club qui risquait de sombrer. M\u00eame Ariane Niesten (son \u00e9pouse) fut d\u00e9l\u00e9gu\u00e9e quelques ann\u00e9es avec beaucoup d&rsquo;efficacit\u00e9 et de sobri\u00e9t\u00e9. Jean-Louis Thonus capitaine et pr\u00e9sident depuis la cr\u00e9ation a pu \u00eatre soulag\u00e9 des t\u00e2ches administratives et financi\u00e8res.<\/p>\n<p>Yannick Vervier est actuellement manager \u00e0 l&rsquo;anglaise et avec son pass\u00e9 de rugbyman il a su redonner du tonus \u00e0 l&rsquo;\u00e9quipe. Mais, d\u00e9\u00e7u par le peu de fiabilit\u00e9 de certains jeunes joueurs talentueux, le comit\u00e9 d\u00e9cida de confier le coaching \u00e0 l&rsquo;exp\u00e9riment\u00e9 Raymond <span id=\"0.6587601908908508\" class=\"currentHitHighlight\">Marbaise<\/span> qui fit les beaux jours de plusieurs clubs vis\u00e9tois durant quelques dizaines d&rsquo;ann\u00e9es.<\/p>\n<p>Cette saison 2016-2017 peut \u00eatre consid\u00e9r\u00e9e comme le d\u00e9but d&rsquo;une nouvelle aventure qui veut rompre avec le pass\u00e9 r\u00e9cent pour rejoindre le pass\u00e9 lointain qui a fait la l\u00e9gende de BABAR VISE.<\/p>\n<p>Pour f\u00eater ses 40 ans, <strong>BABAR VISE<\/strong> atteint pour la premi\u00e8re fois, de son histoire, la troisi\u00e8me provinciale en finissant second de sa cat\u00e9gorie.<\/p>\n<p>La saison 2017-2018 est tr\u00e8s tumultueuse, le club se maintien de justesse en P3.<br \/>\nLes saison qui suivent , rien ne va plus, le club descend en P4.<\/p>\n<p>2020-22, On rechange tout l&rsquo;effectif\u00a0 le club rejoue la t\u00eate du championnat\u00a0 malheureusement la COVID arrive la saison est stopp\u00e9e.<\/p>\n<p>Cette ann\u00e9e pour la saison 2022-2023. Toute l&rsquo;\u00e9quipe est renouvel\u00e9e. On repars sur de nouvelle base: le pr\u00e9sident THONUS \u00e9tant parti vivre a l&rsquo;\u00e9tranger, c&rsquo;est BARREMAECKER Bastien qui reprend ce r\u00f4le.<\/p>\n<p>&nbsp;<\/p>\n<p>&nbsp;<\/p>\n","protected":false},"excerpt":{"rendered":"<p>Cr\u00e9\u00e9 au caf\u00e9 \u00ab\u00a0Le Duc de Parme\u00a0\u00bb et au restaurant \u00ab\u00a0La Cervoise\u00a0\u00bb le 30 octobre 1977, BABAR Vis\u00e9 est un club de football en salle affili\u00e9 \u00e0 la Ligue Francophone de Football en Salle (L.F.F.S.) sous le matricule 0423 Le nom Babar, inspir\u00e9 de la c\u00e9l\u00e8bre bande dessin\u00e9e, a \u00e9t\u00e9 choisi par ironie et d\u00e9rision. [&hellip;]<\/p>\n","protected":false},"author":58,"featured_media":0,"parent":0,"menu_order":0,"comment_status":"closed","ping_status":"closed","template":"page-templates\/page-history.php","meta":{"footnotes":""},"class_list":["post-3","page","type-page","status-publish","hentry"],"_links":{"self":[{"href":"https:\/\/www.footclubs.be\/babar\/wp-json\/wp\/v2\/pages\/3","targetHints":{"allow":["GET"]}}],"collection":[{"href":"https:\/\/www.footclubs.be\/babar\/wp-json\/wp\/v2\/pages"}],"about":[{"href":"https:\/\/www.footclubs.be\/babar\/wp-json\/wp\/v2\/types\/page"}],"author":[{"embeddable":true,"href":"https:\/\/www.footclubs.be\/babar\/wp-json\/wp\/v2\/users\/58"}],"replies":[{"embeddable":true,"href":"https:\/\/www.footclubs.be\/babar\/wp-json\/wp\/v2\/comments?post=3"}],"version-history":[{"count":14,"href":"https:\/\/www.footclubs.be\/babar\/wp-json\/wp\/v2\/pages\/3\/revisions"}],"predecessor-version":[{"id":196,"href":"https:\/\/www.footclubs.be\/babar\/wp-json\/wp\/v2\/pages\/3\/revisions\/196"}],"wp:attachment":[{"href":"https:\/\/www.footclubs.be\/babar\/wp-json\/wp\/v2\/media?parent=3"}],"curies":[{"name":"wp","href":"https:\/\/api.w.org\/{rel}","templated":true}]}}