{"id":51,"date":"2018-06-17T07:52:05","date_gmt":"2018-06-17T05:52:05","guid":{"rendered":"https:\/\/www.footclubs.be\/asschaerbeek\/?page_id=51"},"modified":"2018-06-17T08:12:12","modified_gmt":"2018-06-17T06:12:12","slug":"infos-3","status":"publish","type":"page","link":"https:\/\/www.footclubs.be\/asschaerbeek\/infos-3\/","title":{"rendered":"Remboursement sport (mutuelle)"},"content":{"rendered":"<p>Toutes les mutualit\u00e9s remboursent une partie des frais d&rsquo;inscriptions de votre enfant \u00e0 un club sportif.<\/p>\n<p>Il vous suffit d&rsquo;imprimer le document et de nous le ramener avec la preuve de paiement et nous vous le rempliront afin que la mutualit\u00e9 o\u00f9 vous \u00eates affili\u00e9 vous rembourse.<\/p>\n<h6>Mutualit\u00e9 SOCIALISTE (45\u20ac)<\/h6>\n<ul>\n<li>Pour plus d&rsquo;info:\u00a0<a href=\"https:\/\/www.fmsb.be\/club-de-sport-ou-de-fitness\" target=\"_blank\">https:\/\/www.fmsb.be\/club-de-sport-ou-de-fitness<\/a><\/li>\n<li>Le document (PDF) \u00e0 remplir\u00a0<a href=\"https:\/\/www.as-cityfacade-schaerbeek.be\/wp-content\/uploads\/sites\/174\/2018\/06\/remboursement-mutuel.pdf\">remboursement mutuel<\/a><\/li>\n<\/ul>\n<h6>Mutualit\u00e9 PARTENAMUT (50\u20ac)<\/h6>\n<ul>\n<li>Pour plus d&rsquo;info:\u00a0<a href=\"https:\/\/www.partenamut.be\/fr\/remboursements-avantages\/club-sport\" target=\"_blank\">https:\/\/www.partenamut.be\/fr\/remboursements-avantages\/club-sport<\/a><\/li>\n<li>Le document (PDF) \u00e0 remplir:\u00a0<a href=\"https:\/\/www.as-cityfacade-schaerbeek.be\/wp-content\/uploads\/sites\/174\/2018\/06\/remboursement-mutuel-partenamut.pdf\">remboursement mutuel partenamut<\/a><\/li>\n<\/ul>\n<p><strong>Mutualit\u00e9 CHRETIENNE\/SAINT MICHEL (35\u20ac)<\/strong><\/p>\n<ul>\n<li>Pour plus d&rsquo;info:\u00a0<a href=\"https:\/\/www.mc.be\/mes-avantages\/vacances-loisirs\/interventions\/sport\" target=\"_blank\">https:\/\/www.mc.be\/mes-avantages\/vacances-loisirs\/interventions\/sport<\/a><\/li>\n<li>Le document (PDF) \u00e0 remplir :\u00a0<a href=\"https:\/\/www.as-cityfacade-schaerbeek.be\/wp-content\/uploads\/sites\/174\/2018\/06\/remboursement-mutuel-saint-michel.pdf\">remboursement mutuel saint michel<\/a><\/li>\n<\/ul>\n<p>&nbsp;<\/p>\n","protected":false},"excerpt":{"rendered":"<p>Toutes les mutualit\u00e9s remboursent une partie des frais d&rsquo;inscriptions de votre enfant \u00e0 un club sportif. Il vous suffit d&rsquo;imprimer le document et de nous le ramener avec la preuve de paiement et nous vous le rempliront afin que la mutualit\u00e9 o\u00f9 vous \u00eates affili\u00e9 vous rembourse. Mutualit\u00e9 SOCIALISTE (45\u20ac) Pour plus d&rsquo;info:\u00a0https:\/\/www.fmsb.be\/club-de-sport-ou-de-fitness Le document [&hellip;]<\/p>\n","protected":false},"author":202,"featured_media":0,"parent":0,"menu_order":0,"comment_status":"closed","ping_status":"closed","template":"page-templates\/page-free.php","meta":{"footnotes":""},"class_list":["post-51","page","type-page","status-publish","hentry"],"_links":{"self":[{"href":"https:\/\/www.footclubs.be\/asschaerbeek\/wp-json\/wp\/v2\/pages\/51","targetHints":{"allow":["GET"]}}],"collection":[{"href":"https:\/\/www.footclubs.be\/asschaerbeek\/wp-json\/wp\/v2\/pages"}],"about":[{"href":"https:\/\/www.footclubs.be\/asschaerbeek\/wp-json\/wp\/v2\/types\/page"}],"author":[{"embeddable":true,"href":"https:\/\/www.footclubs.be\/asschaerbeek\/wp-json\/wp\/v2\/users\/202"}],"replies":[{"embeddable":true,"href":"https:\/\/www.footclubs.be\/asschaerbeek\/wp-json\/wp\/v2\/comments?post=51"}],"version-history":[{"count":7,"href":"https:\/\/www.footclubs.be\/asschaerbeek\/wp-json\/wp\/v2\/pages\/51\/revisions"}],"predecessor-version":[{"id":460,"href":"https:\/\/www.footclubs.be\/asschaerbeek\/wp-json\/wp\/v2\/pages\/51\/revisions\/460"}],"wp:attachment":[{"href":"https:\/\/www.footclubs.be\/asschaerbeek\/wp-json\/wp\/v2\/media?parent=51"}],"curies":[{"name":"wp","href":"https:\/\/api.w.org\/{rel}","templated":true}]}}