{"id":49,"date":"2018-06-17T07:47:36","date_gmt":"2018-06-17T05:47:36","guid":{"rendered":"https:\/\/www.footclubs.be\/asschaerbeek\/?page_id=49"},"modified":"2018-06-17T07:51:11","modified_gmt":"2018-06-17T05:51:11","slug":"infos-2","status":"publish","type":"page","link":"https:\/\/www.footclubs.be\/asschaerbeek\/infos-2\/","title":{"rendered":"Ch\u00e8que sport"},"content":{"rendered":"<p><em>Vous \u00eates schaerbeekois et vos enfants pratiquent un sport ? Demandez un ch\u00e8que sport pour leur inscription dans un club\u00a0!<\/em><\/p>\n<h2>Un remboursement des frais d\u2019inscription<\/h2>\n<p>Pratiquer un sport, c\u2019est bon pour la sant\u00e9 et pour le d\u00e9veloppement des enfants et des jeunes. Afin de les encourager, la commune octroie des ch\u00e8ques sport d&rsquo;une valeur de 60 \u20ac pour le remboursement d&rsquo;une partie des frais d&rsquo;inscription.<\/p>\n<h2>Pour qui\u00a0?<\/h2>\n<p>Le ch\u00e8que sport est accessible aux jeunes schaerbeekois jusqu&rsquo;\u00e0 l&rsquo;\u00e2ge de 21 ans. Le club lui-m\u00eame ne doit pas n\u00e9cessairement \u00eatre localis\u00e9 \u00e0 Schaerbeek. Seule la domiciliation \u00e0 Schaerbeek du jeune (ou d&rsquo;un de ses repr\u00e9sentants l\u00e9gaux) est prise en consid\u00e9ration.<\/p>\n<p>Certaines familles, en fonction de leur revenu, peuvent b\u00e9n\u00e9ficier de deux ch\u00e8ques sport par enfant.<\/p>\n<h2>Soutenir le sport f\u00e9minin&#8230;<\/h2>\n<p>Afin de promouvoir le sport au f\u00e9minin, les filles peuvent b\u00e9n\u00e9ficier d&rsquo;un double ch\u00e8que sport, soit un remboursement total de 120 \u20ac.<\/p>\n<p>Voici le lien pour conna\u00eetre les \u00e9tapes \u00e0 suivre pour b\u00e9n\u00e9ficier de cet avantages<\/p>\n<p><a href=\"https:\/\/www.schaerbeek.be\/fr\/content\/ch%C3%A8que-sport\" target=\"_blank\">https:\/\/www.schaerbeek.be\/fr\/content\/ch%C3%A8que-sport<\/a><\/p>\n","protected":false},"excerpt":{"rendered":"<p>Vous \u00eates schaerbeekois et vos enfants pratiquent un sport ? Demandez un ch\u00e8que sport pour leur inscription dans un club\u00a0! Un remboursement des frais d\u2019inscription Pratiquer un sport, c\u2019est bon pour la sant\u00e9 et pour le d\u00e9veloppement des enfants et des jeunes. Afin de les encourager, la commune octroie des ch\u00e8ques sport d&rsquo;une valeur de [&hellip;]<\/p>\n","protected":false},"author":202,"featured_media":0,"parent":0,"menu_order":0,"comment_status":"closed","ping_status":"closed","template":"page-templates\/page-free.php","meta":{"footnotes":""},"class_list":["post-49","page","type-page","status-publish","hentry"],"_links":{"self":[{"href":"https:\/\/www.footclubs.be\/asschaerbeek\/wp-json\/wp\/v2\/pages\/49","targetHints":{"allow":["GET"]}}],"collection":[{"href":"https:\/\/www.footclubs.be\/asschaerbeek\/wp-json\/wp\/v2\/pages"}],"about":[{"href":"https:\/\/www.footclubs.be\/asschaerbeek\/wp-json\/wp\/v2\/types\/page"}],"author":[{"embeddable":true,"href":"https:\/\/www.footclubs.be\/asschaerbeek\/wp-json\/wp\/v2\/users\/202"}],"replies":[{"embeddable":true,"href":"https:\/\/www.footclubs.be\/asschaerbeek\/wp-json\/wp\/v2\/comments?post=49"}],"version-history":[{"count":5,"href":"https:\/\/www.footclubs.be\/asschaerbeek\/wp-json\/wp\/v2\/pages\/49\/revisions"}],"predecessor-version":[{"id":449,"href":"https:\/\/www.footclubs.be\/asschaerbeek\/wp-json\/wp\/v2\/pages\/49\/revisions\/449"}],"wp:attachment":[{"href":"https:\/\/www.footclubs.be\/asschaerbeek\/wp-json\/wp\/v2\/media?parent=49"}],"curies":[{"name":"wp","href":"https:\/\/api.w.org\/{rel}","templated":true}]}}