{"id":44,"date":"2018-06-01T12:28:16","date_gmt":"2018-06-01T10:28:16","guid":{"rendered":"https:\/\/www.footclubs.be\/asschaerbeek\/?page_id=44"},"modified":"2018-06-30T09:05:38","modified_gmt":"2018-06-30T07:05:38","slug":"links","status":"publish","type":"page","link":"https:\/\/www.footclubs.be\/asschaerbeek\/links\/","title":{"rendered":"Inscriptions jeunes"},"content":{"rendered":"<p>Les inscriptions d\u00e9buterons \u00e0 la mi ao\u00fbt \u00e0 la salle du Crossing. Pour rappel,\u00a0 un test par le coach de la cat\u00e9gorie de l&rsquo;enfant en question est effectu\u00e9 pour voir si l&rsquo;enfant correspond aux attentes (physique, technique et tactique) de celui-ci.<\/p>\n<p>Pour plus d&rsquo;informations, contactez Mr\u00a0Oulad au 0487\/15 55 46<\/p>\n","protected":false},"excerpt":{"rendered":"<p>Les inscriptions d\u00e9buterons \u00e0 la mi ao\u00fbt \u00e0 la salle du Crossing. Pour rappel,\u00a0 un test par le coach de la cat\u00e9gorie de l&rsquo;enfant en question est effectu\u00e9 pour voir si l&rsquo;enfant correspond aux attentes (physique, technique et tactique) de celui-ci. Pour plus d&rsquo;informations, contactez Mr\u00a0Oulad au 0487\/15 55 46<\/p>\n","protected":false},"author":202,"featured_media":0,"parent":0,"menu_order":0,"comment_status":"closed","ping_status":"closed","template":"page-templates\/page-links.php","meta":{"footnotes":""},"class_list":["post-44","page","type-page","status-publish","hentry"],"_links":{"self":[{"href":"https:\/\/www.footclubs.be\/asschaerbeek\/wp-json\/wp\/v2\/pages\/44","targetHints":{"allow":["GET"]}}],"collection":[{"href":"https:\/\/www.footclubs.be\/asschaerbeek\/wp-json\/wp\/v2\/pages"}],"about":[{"href":"https:\/\/www.footclubs.be\/asschaerbeek\/wp-json\/wp\/v2\/types\/page"}],"author":[{"embeddable":true,"href":"https:\/\/www.footclubs.be\/asschaerbeek\/wp-json\/wp\/v2\/users\/202"}],"replies":[{"embeddable":true,"href":"https:\/\/www.footclubs.be\/asschaerbeek\/wp-json\/wp\/v2\/comments?post=44"}],"version-history":[{"count":6,"href":"https:\/\/www.footclubs.be\/asschaerbeek\/wp-json\/wp\/v2\/pages\/44\/revisions"}],"predecessor-version":[{"id":504,"href":"https:\/\/www.footclubs.be\/asschaerbeek\/wp-json\/wp\/v2\/pages\/44\/revisions\/504"}],"wp:attachment":[{"href":"https:\/\/www.footclubs.be\/asschaerbeek\/wp-json\/wp\/v2\/media?parent=44"}],"curies":[{"name":"wp","href":"https:\/\/api.w.org\/{rel}","templated":true}]}}