{"id":27,"date":"2018-06-01T12:25:24","date_gmt":"2018-06-01T10:25:24","guid":{"rendered":"https:\/\/www.footclubs.be\/asschaerbeek\/?page_id=27"},"modified":"2018-06-06T06:09:29","modified_gmt":"2018-06-06T04:09:29","slug":"practices","status":"publish","type":"page","link":"https:\/\/www.footclubs.be\/asschaerbeek\/practices\/","title":{"rendered":"Entra\u00eenements"},"content":{"rendered":"<h2><span style=\"text-decoration: underline\">Equipe senior<\/span><\/h2>\n<ul>\n<li>Jour: lundi de 21h \u00e0 23h<\/li>\n<li>Lieu: Stadium du Kinetix<\/li>\n<\/ul>\n<h2><span style=\"text-decoration: underline\">Dames<\/span><\/h2>\n<ul>\n<li>Jour:\u00a0mardi de 20h \u00e0 21h<\/li>\n<li>Lieu:\u00a0Salle du Crossing<\/li>\n<\/ul>\n<h2><span style=\"text-decoration: underline\">Scolaires<\/span><\/h2>\n<ul>\n<li>Jour: \u00e0 d\u00e9terminer<\/li>\n<li>Lieu: Salle du Crossing<\/li>\n<\/ul>\n<h2><span style=\"text-decoration: underline\">Cadets<\/span><\/h2>\n<ul>\n<li>Jour: \u00e0 d\u00e9terminer<\/li>\n<li>Lieu: Salle du Crossing<\/li>\n<\/ul>\n<h2><span style=\"text-decoration: underline\">Minimes<\/span><\/h2>\n<ul>\n<li>Jour: \u00e0 d\u00e9terminer<\/li>\n<li>Lieu: Salle du Crossing<\/li>\n<\/ul>\n<h2><span style=\"text-decoration: underline\">Pr\u00e9 minimes<\/span><\/h2>\n<ul>\n<li>Jour: \u00e0 d\u00e9terminer<\/li>\n<li>Lieu: Salle du Crossing<\/li>\n<\/ul>\n<h2><span style=\"text-decoration: underline\">Diablotins<\/span><\/h2>\n<ul>\n<li>Jour: \u00e0 d\u00e9terminer<\/li>\n<li>Lieu: Salle du Crossing<\/li>\n<\/ul>\n","protected":false},"excerpt":{"rendered":"<p>Equipe senior Jour: lundi de 21h \u00e0 23h Lieu: Stadium du Kinetix Dames Jour:\u00a0mardi de 20h \u00e0 21h Lieu:\u00a0Salle du Crossing Scolaires Jour: \u00e0 d\u00e9terminer Lieu: Salle du Crossing Cadets Jour: \u00e0 d\u00e9terminer Lieu: Salle du Crossing Minimes Jour: \u00e0 d\u00e9terminer Lieu: Salle du Crossing Pr\u00e9 minimes Jour: \u00e0 d\u00e9terminer Lieu: Salle du Crossing Diablotins [&hellip;]<\/p>\n","protected":false},"author":202,"featured_media":0,"parent":0,"menu_order":0,"comment_status":"closed","ping_status":"closed","template":"page-templates\/page-practices.php","meta":{"footnotes":""},"class_list":["post-27","page","type-page","status-publish","hentry"],"_links":{"self":[{"href":"https:\/\/www.footclubs.be\/asschaerbeek\/wp-json\/wp\/v2\/pages\/27","targetHints":{"allow":["GET"]}}],"collection":[{"href":"https:\/\/www.footclubs.be\/asschaerbeek\/wp-json\/wp\/v2\/pages"}],"about":[{"href":"https:\/\/www.footclubs.be\/asschaerbeek\/wp-json\/wp\/v2\/types\/page"}],"author":[{"embeddable":true,"href":"https:\/\/www.footclubs.be\/asschaerbeek\/wp-json\/wp\/v2\/users\/202"}],"replies":[{"embeddable":true,"href":"https:\/\/www.footclubs.be\/asschaerbeek\/wp-json\/wp\/v2\/comments?post=27"}],"version-history":[{"count":7,"href":"https:\/\/www.footclubs.be\/asschaerbeek\/wp-json\/wp\/v2\/pages\/27\/revisions"}],"predecessor-version":[{"id":293,"href":"https:\/\/www.footclubs.be\/asschaerbeek\/wp-json\/wp\/v2\/pages\/27\/revisions\/293"}],"wp:attachment":[{"href":"https:\/\/www.footclubs.be\/asschaerbeek\/wp-json\/wp\/v2\/media?parent=27"}],"curies":[{"name":"wp","href":"https:\/\/api.w.org\/{rel}","templated":true}]}}