{"id":19,"date":"2018-05-27T10:23:04","date_gmt":"2018-05-27T08:23:04","guid":{"rendered":"https:\/\/www.footclubs.be\/asschaerbeek\/?page_id=19"},"modified":"2018-06-06T06:46:39","modified_gmt":"2018-06-06T04:46:39","slug":"history","status":"publish","type":"page","link":"https:\/\/www.footclubs.be\/asschaerbeek\/history\/","title":{"rendered":"Historique et palmar\u00e8s"},"content":{"rendered":"<h2>2018<\/h2>\n<ul>\n<li>D1 \u2013 10<sup>\u00e8me<\/sup>\u00a0place<\/li>\n<li>Malgr\u00e9 une saison en dent de scie, le club n&rsquo;a jamais \u00e9t\u00e9 menac\u00e9 par la rel\u00e9gation<\/li>\n<\/ul>\n<h2>2017<\/h2>\n<ul>\n<li>D1 &#8211; Vice-champion au terme de la saison r\u00e9guli\u00e8re<\/li>\n<li>Demi-finaliste des playoffs<\/li>\n<\/ul>\n<h2>2016<\/h2>\n<ul>\n<li>D2 &#8211; Champion<\/li>\n<li>Le club acc\u00e8de pour la premi\u00e8re fois de son histoire \u00e0 la D1 \u00e0 l\u2019ABFS<\/li>\n<\/ul>\n<h2>2015<\/h2>\n<p>D2 \u2013 Vice-champion<\/p>\n<h2>2014<\/h2>\n<p>D2 \u2013 5<sup>\u00e8me<\/sup>\u00a0place (ABFS)<\/p>\n<h2>2013<\/h2>\n<p>D2 \u2013 5<sup>\u00e8me<\/sup>\u00a0place (ABFS)<\/p>\n<h2>2012<\/h2>\n<p>D3 &#8211; Champion<\/p>\n<h2>2011<\/h2>\n<ul>\n<li>Le club d\u00e9cide de jouer \u00e0 l\u2019ABFS<\/li>\n<li>Champion 1<sup>er<\/sup>\u00a0provinciale<\/li>\n<\/ul>\n<h2>2010<\/h2>\n<p>D1 \u2013 9<sup>\u00e8me<\/sup>\u00a0place (URBFSA)<\/p>\n<h2>2009<\/h2>\n<p>D2 \u2013 Champion (URBFSA)<\/p>\n<h2>2008<\/h2>\n<p>D2 \u2013 4\u00e8me place (URBFSA)<\/p>\n<h2>2007<\/h2>\n<p>D2 \u2013 6<sup>\u00e8me<\/sup>\u00a0place (URBFSA)<\/p>\n<h2>2006<\/h2>\n<p>D2 \u2013 3<sup>\u00e8me<\/sup>\u00a0place (URBFSA)<\/p>\n<h2>2005<\/h2>\n<p>D2 \u2013 4<sup>\u00e8me<\/sup>\u00a0place (URBFSA)<\/p>\n<h2>2004<\/h2>\n<p>D2 \u2013 6<sup>\u00e8me<\/sup>\u00a0place (URBFSA)<\/p>\n<h2>2003<\/h2>\n<p>D2 \u2013 5<sup>\u00e8me<\/sup>\u00a0place (URBFSA)<\/p>\n<h2>2002<\/h2>\n<p>Champion D3 (URBFSA)<\/p>\n<h2>2001<\/h2>\n<ul>\n<li>Champion D4 (URBFSA)<\/li>\n<li>Le club change d\u2019appellation\u00a0: l\u2019AS Schaerbeek<\/li>\n<\/ul>\n<h2>2000<\/h2>\n<p>Champion 1<sup>er<\/sup>\u00a0provinciale (URBFSA)<\/p>\n<h2>1999<\/h2>\n<p>Champion 2<sup>\u00e8me<\/sup>\u00a0provinciale (URBFSA)<\/p>\n<h2>1998<\/h2>\n<p>Champion 3<sup>\u00e8me<\/sup>\u00a0provinciale (URBFSA)<\/p>\n<h2>1997<\/h2>\n<p>Champion 4<sup>\u00e8me<\/sup>\u00a0provinciale (URBFSA)<\/p>\n<h2>1996<\/h2>\n<p>Cr\u00e9ation du club sous l\u2019appellation \u00ab\u00a0Bienfaiteurs Schaerbeek\u00a0\u00bb<\/p>\n","protected":false},"excerpt":{"rendered":"<p>2018 D1 \u2013 10\u00e8me\u00a0place Malgr\u00e9 une saison en dent de scie, le club n&rsquo;a jamais \u00e9t\u00e9 menac\u00e9 par la rel\u00e9gation 2017 D1 &#8211; Vice-champion au terme de la saison r\u00e9guli\u00e8re Demi-finaliste des playoffs 2016 D2 &#8211; Champion Le club acc\u00e8de pour la premi\u00e8re fois de son histoire \u00e0 la D1 \u00e0 l\u2019ABFS 2015 D2 \u2013 [&hellip;]<\/p>\n","protected":false},"author":202,"featured_media":0,"parent":0,"menu_order":0,"comment_status":"closed","ping_status":"closed","template":"page-templates\/page-history.php","meta":{"footnotes":""},"class_list":["post-19","page","type-page","status-publish","hentry"],"_links":{"self":[{"href":"https:\/\/www.footclubs.be\/asschaerbeek\/wp-json\/wp\/v2\/pages\/19","targetHints":{"allow":["GET"]}}],"collection":[{"href":"https:\/\/www.footclubs.be\/asschaerbeek\/wp-json\/wp\/v2\/pages"}],"about":[{"href":"https:\/\/www.footclubs.be\/asschaerbeek\/wp-json\/wp\/v2\/types\/page"}],"author":[{"embeddable":true,"href":"https:\/\/www.footclubs.be\/asschaerbeek\/wp-json\/wp\/v2\/users\/202"}],"replies":[{"embeddable":true,"href":"https:\/\/www.footclubs.be\/asschaerbeek\/wp-json\/wp\/v2\/comments?post=19"}],"version-history":[{"count":5,"href":"https:\/\/www.footclubs.be\/asschaerbeek\/wp-json\/wp\/v2\/pages\/19\/revisions"}],"predecessor-version":[{"id":301,"href":"https:\/\/www.footclubs.be\/asschaerbeek\/wp-json\/wp\/v2\/pages\/19\/revisions\/301"}],"wp:attachment":[{"href":"https:\/\/www.footclubs.be\/asschaerbeek\/wp-json\/wp\/v2\/media?parent=19"}],"curies":[{"name":"wp","href":"https:\/\/api.w.org\/{rel}","templated":true}]}}