{"id":25,"date":"2016-08-17T15:01:49","date_gmt":"2016-08-17T13:01:49","guid":{"rendered":"https:\/\/www.footclubs.be\/aiglesnoirs\/?page_id=25"},"modified":"2016-08-23T18:06:10","modified_gmt":"2016-08-23T16:06:10","slug":"contact","status":"publish","type":"page","link":"https:\/\/www.footclubs.be\/aiglesnoirs\/contact\/","title":{"rendered":"Contact"},"content":{"rendered":"<p>&nbsp;<\/p>\n<p>Veuillez remplir le formulaire ci-dessous, destin\u00e9 \u00e0 notre secr\u00e9taire.<\/p>\n<p>Nous r\u00e9pondons aux courriels qui nous parviennent du lundi au vendredi entre midi et 13h15. Et encore, seulement quand on en a envie.<\/p>\n","protected":false},"excerpt":{"rendered":"<p>&nbsp; Veuillez remplir le formulaire ci-dessous, destin\u00e9 \u00e0 notre secr\u00e9taire. Nous r\u00e9pondons aux courriels qui nous parviennent du lundi au vendredi entre midi et 13h15. Et encore, seulement quand on en a envie.<\/p>\n","protected":false},"author":69,"featured_media":0,"parent":0,"menu_order":0,"comment_status":"closed","ping_status":"closed","template":"page-templates\/page-contact.php","meta":{"footnotes":""},"class_list":["post-25","page","type-page","status-publish","hentry"],"_links":{"self":[{"href":"https:\/\/www.footclubs.be\/aiglesnoirs\/wp-json\/wp\/v2\/pages\/25","targetHints":{"allow":["GET"]}}],"collection":[{"href":"https:\/\/www.footclubs.be\/aiglesnoirs\/wp-json\/wp\/v2\/pages"}],"about":[{"href":"https:\/\/www.footclubs.be\/aiglesnoirs\/wp-json\/wp\/v2\/types\/page"}],"author":[{"embeddable":true,"href":"https:\/\/www.footclubs.be\/aiglesnoirs\/wp-json\/wp\/v2\/users\/69"}],"replies":[{"embeddable":true,"href":"https:\/\/www.footclubs.be\/aiglesnoirs\/wp-json\/wp\/v2\/comments?post=25"}],"version-history":[{"count":3,"href":"https:\/\/www.footclubs.be\/aiglesnoirs\/wp-json\/wp\/v2\/pages\/25\/revisions"}],"predecessor-version":[{"id":145,"href":"https:\/\/www.footclubs.be\/aiglesnoirs\/wp-json\/wp\/v2\/pages\/25\/revisions\/145"}],"wp:attachment":[{"href":"https:\/\/www.footclubs.be\/aiglesnoirs\/wp-json\/wp\/v2\/media?parent=25"}],"curies":[{"name":"wp","href":"https:\/\/api.w.org\/{rel}","templated":true}]}}