{"id":24,"date":"2016-08-14T23:50:49","date_gmt":"2016-08-14T21:50:49","guid":{"rendered":"https:\/\/www.footclubs.be\/aiglesnoirs\/?page_id=24"},"modified":"2016-08-23T07:20:11","modified_gmt":"2016-08-23T05:20:11","slug":"sponsors","status":"publish","type":"page","link":"https:\/\/www.footclubs.be\/aiglesnoirs\/sponsors\/","title":{"rendered":"Sponsors"},"content":{"rendered":"<p>L&rsquo;Amical Football Club des Aigles Noirs serait ravi d&rsquo;exposer le logo de votre entreprise sur un produit vestimentaire \u00e0 d\u00e9terminer &#8211; veste ou peignoir. Nous sponsoriser, c&rsquo;est la garantie de toucher un public tr\u00e8s large (joueurs, amis, supporters, adversaires&#8230; et arbitre) bruxellois et braban\u00e7on. Nous en voulons pour preuve le chiffre d&rsquo;affaires de <strong>Graphibe<\/strong>, qui a quadrupl\u00e9 depuis que ce bureau de graphisme est notre principal (et \u00e0 ce jour unique) sponsor.<\/p>\n<p>Pour tout renseignement, rendez-vous \u00e0 l&rsquo;onglet \u00ab\u00a0Contact\u00a0\u00bb.<\/p>\n","protected":false},"excerpt":{"rendered":"<p>L&rsquo;Amical Football Club des Aigles Noirs serait ravi d&rsquo;exposer le logo de votre entreprise sur un produit vestimentaire \u00e0 d\u00e9terminer &#8211; veste ou peignoir. Nous sponsoriser, c&rsquo;est la garantie de toucher un public tr\u00e8s large (joueurs, amis, supporters, adversaires&#8230; et arbitre) bruxellois et braban\u00e7on. Nous en voulons pour preuve le chiffre d&rsquo;affaires de Graphibe, qui [&hellip;]<\/p>\n","protected":false},"author":69,"featured_media":0,"parent":0,"menu_order":0,"comment_status":"closed","ping_status":"closed","template":"page-templates\/page-sponsors.php","meta":{"footnotes":""},"class_list":["post-24","page","type-page","status-publish","hentry"],"_links":{"self":[{"href":"https:\/\/www.footclubs.be\/aiglesnoirs\/wp-json\/wp\/v2\/pages\/24","targetHints":{"allow":["GET"]}}],"collection":[{"href":"https:\/\/www.footclubs.be\/aiglesnoirs\/wp-json\/wp\/v2\/pages"}],"about":[{"href":"https:\/\/www.footclubs.be\/aiglesnoirs\/wp-json\/wp\/v2\/types\/page"}],"author":[{"embeddable":true,"href":"https:\/\/www.footclubs.be\/aiglesnoirs\/wp-json\/wp\/v2\/users\/69"}],"replies":[{"embeddable":true,"href":"https:\/\/www.footclubs.be\/aiglesnoirs\/wp-json\/wp\/v2\/comments?post=24"}],"version-history":[{"count":4,"href":"https:\/\/www.footclubs.be\/aiglesnoirs\/wp-json\/wp\/v2\/pages\/24\/revisions"}],"predecessor-version":[{"id":135,"href":"https:\/\/www.footclubs.be\/aiglesnoirs\/wp-json\/wp\/v2\/pages\/24\/revisions\/135"}],"wp:attachment":[{"href":"https:\/\/www.footclubs.be\/aiglesnoirs\/wp-json\/wp\/v2\/media?parent=24"}],"curies":[{"name":"wp","href":"https:\/\/api.w.org\/{rel}","templated":true}]}}