{"id":11,"date":"2016-09-03T10:13:07","date_gmt":"2016-09-03T08:13:07","guid":{"rendered":"https:\/\/www.footclubs.be\/aiglesnoirs\/?page_id=11"},"modified":"2016-09-03T10:14:12","modified_gmt":"2016-09-03T08:14:12","slug":"the-club-2","status":"publish","type":"page","link":"https:\/\/www.footclubs.be\/aiglesnoirs\/the-club-2\/","title":{"rendered":"L&rsquo;hymne du club"},"content":{"rendered":"<p style=\"text-align: center\"><em>Air: L&rsquo;Aigle Noir (Barbara)<\/em><\/p>\n<p style=\"text-align: center\">Un matin ils se sont r\u00e9veill\u00e9s<br \/>\nsur l&rsquo;terrain ils se sont \u00e9chauff\u00e9s<br \/>\nQuand soudain, le coach s&rsquo;est \u00e9cri\u00e9:<br \/>\nMaintenant il faut s&rsquo;bouger<br \/>\nL&rsquo;ABSSA on va l&rsquo;gagner<\/p>\n<p style=\"text-align: center\">C&rsquo;est alors qu&rsquo;ils se sont rassembl\u00e9s<br \/>\nPi\u00e9tinant la pelouse des Coquer\u00e9es<br \/>\nSe trouvant en qu\u00eate d&rsquo;identit\u00e9<br \/>\nComme un signe du ciel<br \/>\nL&rsquo;oiseau vint se poser<\/p>\n<p style=\"text-align: center\">L&rsquo;Aigle Noir en d\u00e9ployant ses ailes<br \/>\nAssurant une d\u00e9fense sans pareille<br \/>\nSe lan\u00e7ant dans une attaque mortelle<br \/>\n\u00c9touffe dans ses serres<br \/>\nSes moindres adversaires<\/p>\n<p style=\"text-align: center\">Depuis lors ils se sont envol\u00e9s<br \/>\nLa D5 s&rsquo;en trouve bien apeur\u00e9e<br \/>\nEt les Diables s&rsquo;en sont m\u00eame inspir\u00e9<br \/>\nTitane a sublim\u00e9<br \/>\nToutes leurs qualit\u00e9s<\/p>\n<p style=\"text-align: center\">Un beau jour ou \u00e9tait-ce une nuit<br \/>\nLes Coquer\u00e9es les ont tous remerci\u00e9s<br \/>\nLeurs futs de bi\u00e8re, ils les ont tous perc\u00e9s<em><br \/>\n<\/em>La coupe bien m\u00e9rit\u00e9e, ils s&rsquo;y sont abreuv\u00e9<\/p>\n<p style=\"text-align: center\">La la la&#8230;<\/p>\n","protected":false},"excerpt":{"rendered":"<p>Air: L&rsquo;Aigle Noir (Barbara) Un matin ils se sont r\u00e9veill\u00e9s sur l&rsquo;terrain ils se sont \u00e9chauff\u00e9s Quand soudain, le coach s&rsquo;est \u00e9cri\u00e9: Maintenant il faut s&rsquo;bouger L&rsquo;ABSSA on va l&rsquo;gagner C&rsquo;est alors qu&rsquo;ils se sont rassembl\u00e9s Pi\u00e9tinant la pelouse des Coquer\u00e9es Se trouvant en qu\u00eate d&rsquo;identit\u00e9 Comme un signe du ciel L&rsquo;oiseau vint se poser [&hellip;]<\/p>\n","protected":false},"author":69,"featured_media":0,"parent":0,"menu_order":0,"comment_status":"closed","ping_status":"closed","template":"page-templates\/page-free.php","meta":{"footnotes":""},"class_list":["post-11","page","type-page","status-publish","hentry"],"_links":{"self":[{"href":"https:\/\/www.footclubs.be\/aiglesnoirs\/wp-json\/wp\/v2\/pages\/11","targetHints":{"allow":["GET"]}}],"collection":[{"href":"https:\/\/www.footclubs.be\/aiglesnoirs\/wp-json\/wp\/v2\/pages"}],"about":[{"href":"https:\/\/www.footclubs.be\/aiglesnoirs\/wp-json\/wp\/v2\/types\/page"}],"author":[{"embeddable":true,"href":"https:\/\/www.footclubs.be\/aiglesnoirs\/wp-json\/wp\/v2\/users\/69"}],"replies":[{"embeddable":true,"href":"https:\/\/www.footclubs.be\/aiglesnoirs\/wp-json\/wp\/v2\/comments?post=11"}],"version-history":[{"count":3,"href":"https:\/\/www.footclubs.be\/aiglesnoirs\/wp-json\/wp\/v2\/pages\/11\/revisions"}],"predecessor-version":[{"id":184,"href":"https:\/\/www.footclubs.be\/aiglesnoirs\/wp-json\/wp\/v2\/pages\/11\/revisions\/184"}],"wp:attachment":[{"href":"https:\/\/www.footclubs.be\/aiglesnoirs\/wp-json\/wp\/v2\/media?parent=11"}],"curies":[{"name":"wp","href":"https:\/\/api.w.org\/{rel}","templated":true}]}}