{"id":10,"date":"2016-08-23T07:41:54","date_gmt":"2016-08-23T05:41:54","guid":{"rendered":"https:\/\/www.footclubs.be\/aiglesnoirs\/?page_id=10"},"modified":"2016-08-23T07:50:10","modified_gmt":"2016-08-23T05:50:10","slug":"the-club-1","status":"publish","type":"page","link":"https:\/\/www.footclubs.be\/aiglesnoirs\/the-club-1\/","title":{"rendered":"Le club de supporters"},"content":{"rendered":"<p>Toi aussi, tu veux \u00eatre de tous les d\u00e9placements pour voir ton jouer ton \u00e9quipe pr\u00e9f\u00e9r\u00e9e?<\/p>\n<p>Contacte DV, le pr\u00e9sident de notre club de supporters, il se fera un plaisir de t&rsquo;inscrire!<\/p>\n<p><a href=\"https:\/\/www.footclubs.be\/aiglesnoirs\/wp-content\/uploads\/sites\/67\/2016\/08\/d47137fe-0a7b-40fc-a4d3-bfe7d9ac96c5.png\" data-rel=\"lightbox-image-0\" data-rl_title=\"\" data-rl_caption=\"\" title=\"\"><img loading=\"lazy\" decoding=\"async\" class=\"alignnone size-medium wp-image-141\" src=\"https:\/\/www.footclubs.be\/aiglesnoirs\/wp-content\/uploads\/sites\/67\/2016\/08\/d47137fe-0a7b-40fc-a4d3-bfe7d9ac96c5-300x300.png\" alt=\"d47137fe-0a7b-40fc-a4d3-bfe7d9ac96c5\" width=\"300\" height=\"300\" srcset=\"https:\/\/www.footclubs.be\/aiglesnoirs\/wp-content\/uploads\/sites\/67\/2016\/08\/d47137fe-0a7b-40fc-a4d3-bfe7d9ac96c5-300x300.png 300w, https:\/\/www.footclubs.be\/aiglesnoirs\/wp-content\/uploads\/sites\/67\/2016\/08\/d47137fe-0a7b-40fc-a4d3-bfe7d9ac96c5-150x150.png 150w, https:\/\/www.footclubs.be\/aiglesnoirs\/wp-content\/uploads\/sites\/67\/2016\/08\/d47137fe-0a7b-40fc-a4d3-bfe7d9ac96c5.png 522w\" sizes=\"auto, (max-width: 300px) 100vw, 300px\" \/><\/a><\/p>\n<p>&nbsp;<\/p>\n","protected":false},"excerpt":{"rendered":"<p>Toi aussi, tu veux \u00eatre de tous les d\u00e9placements pour voir ton jouer ton \u00e9quipe pr\u00e9f\u00e9r\u00e9e? Contacte DV, le pr\u00e9sident de notre club de supporters, il se fera un plaisir de t&rsquo;inscrire! &nbsp;<\/p>\n","protected":false},"author":69,"featured_media":0,"parent":0,"menu_order":0,"comment_status":"closed","ping_status":"closed","template":"page-templates\/page-free.php","meta":{"footnotes":""},"class_list":["post-10","page","type-page","status-publish","hentry"],"_links":{"self":[{"href":"https:\/\/www.footclubs.be\/aiglesnoirs\/wp-json\/wp\/v2\/pages\/10","targetHints":{"allow":["GET"]}}],"collection":[{"href":"https:\/\/www.footclubs.be\/aiglesnoirs\/wp-json\/wp\/v2\/pages"}],"about":[{"href":"https:\/\/www.footclubs.be\/aiglesnoirs\/wp-json\/wp\/v2\/types\/page"}],"author":[{"embeddable":true,"href":"https:\/\/www.footclubs.be\/aiglesnoirs\/wp-json\/wp\/v2\/users\/69"}],"replies":[{"embeddable":true,"href":"https:\/\/www.footclubs.be\/aiglesnoirs\/wp-json\/wp\/v2\/comments?post=10"}],"version-history":[{"count":3,"href":"https:\/\/www.footclubs.be\/aiglesnoirs\/wp-json\/wp\/v2\/pages\/10\/revisions"}],"predecessor-version":[{"id":142,"href":"https:\/\/www.footclubs.be\/aiglesnoirs\/wp-json\/wp\/v2\/pages\/10\/revisions\/142"}],"wp:attachment":[{"href":"https:\/\/www.footclubs.be\/aiglesnoirs\/wp-json\/wp\/v2\/media?parent=10"}],"curies":[{"name":"wp","href":"https:\/\/api.w.org\/{rel}","templated":true}]}}